{"id":597,"date":"2021-10-23T21:46:42","date_gmt":"2021-10-23T19:46:42","guid":{"rendered":"https:\/\/www.artistsbookmartin.sk\/?page_id=597"},"modified":"2025-03-24T13:16:06","modified_gmt":"2025-03-24T12:16:06","slug":"julie-kacerovska","status":"publish","type":"page","link":"https:\/\/www.artistsbookmartin.sk\/en\/autori_abecedne\/julie-kacerovska\/","title":{"rendered":"Julie Ka\u010derovsk\u00e1"},"content":{"rendered":"<p><a href=\"#2024\" rel=\"nofollow\">2024<\/a> | <a href=\"#others\" rel=\"nofollow\">ostatn\u00e9<\/a><\/p>\n\n\n\n<hr class=\"wp-block-separator\" id=\"2024\"\/>\n\n\n\n<figure class=\"wp-block-image size-full\"><img loading=\"lazy\" width=\"1005\" height=\"694\" src=\"https:\/\/www.artistsbookmartin.sk\/wp-content\/uploads\/2025\/03\/julie-kacerovska-2024.jpeg\" alt=\"\" class=\"wp-image-1614\" srcset=\"https:\/\/www.artistsbookmartin.sk\/wp-content\/uploads\/2025\/03\/julie-kacerovska-2024.jpeg 1005w, https:\/\/www.artistsbookmartin.sk\/wp-content\/uploads\/2025\/03\/julie-kacerovska-2024-300x207.jpeg 300w, https:\/\/www.artistsbookmartin.sk\/wp-content\/uploads\/2025\/03\/julie-kacerovska-2024-768x530.jpeg 768w, https:\/\/www.artistsbookmartin.sk\/wp-content\/uploads\/2025\/03\/julie-kacerovska-2024-50x35.jpeg 50w, https:\/\/www.artistsbookmartin.sk\/wp-content\/uploads\/2025\/03\/julie-kacerovska-2024-1000x691.jpeg 1000w, https:\/\/www.artistsbookmartin.sk\/wp-content\/uploads\/2025\/03\/julie-kacerovska-2024-500x345.jpeg 500w, https:\/\/www.artistsbookmartin.sk\/wp-content\/uploads\/2025\/03\/julie-kacerovska-2024-18x12.jpeg 18w, https:\/\/www.artistsbookmartin.sk\/wp-content\/uploads\/2025\/03\/julie-kacerovska-2024-600x414.jpeg 600w\" sizes=\"(max-width: 1005px) 100vw, 1005px\" \/><\/figure>\n\n\n\n<p><strong>Pokus n\u011bco ud\u011blat \/ <em>Attempt to Do Something<\/em><\/strong><\/p>\n\n\n\n<p>papier, tla\u010d \/ <em>paper, print<\/em><br>2024<\/p>\n\n\n\n<div class=\"wp-block-columns\">\n<div class=\"wp-block-column\">\n<p>\u201eP\u0159\u00edb\u011bh jednoho ne\u00fasp\u011b\u0161n\u00e9ho pokusu n\u011bco ud\u011blat. Obsahem knihy jsou obvykl\u00e9 chybov\u00e9 hl\u00e1\u0161ky, kter\u00e9 se zobrazuj\u00ed, kdy\u017e software z n\u011bjak\u00e9ho d\u016fvodu sel\u017ee. Um\u00edst\u011bn\u00edm v\u011bt na samostatn\u00e9 str\u00e1nky pap\u00edru vznik\u00e1 paradox. Chyb\u00ed kontext, ktery\u0301 v\u0161ak u t\u011bchto v\u011bt s\u00e1m nasko\u010d\u00ed, jsou s nimi spojen\u00e9 emoce nelibosti a bezmoci. Z\u00e1rove\u0148 jsou tyto v\u011bty i zde ur\u010dity\u0301m zastaven\u00edm a lze je vn\u00edmat nejen jako ironicky\u0301 vtip, ale mo\u017en\u00e1 jsou tak\u00e9 cestou k hlub\u0161\u00edmu zamy\u0161len\u00ed.\u201c<\/p>\n<\/div>\n\n\n\n<div class=\"wp-block-column\">\n<p><em>\u201cThe story of one failed attempt to do something. The content of the book consists of the usual error messages that appear when soft &#8211; ware fails for some reason. By placing the sentences on separate pages of paper, a paradox is created. The context is missing, yet it becomes apparent with these sentences \u2013 they are associated with emotions of dissatisfaction and helplessness. At the same time, these sentences also act as a kind of pause, and they can be perceived not only as an ironic joke but perhaps as a path to deeper refl ection.\u201d<\/em><\/p>\n<\/div>\n<\/div>\n\n\n\n<hr class=\"wp-block-separator\" id=\"others\"\/>\n\n\n\n<figure class=\"wp-block-image size-full\"><img loading=\"lazy\" width=\"1002\" height=\"668\" src=\"https:\/\/www.artistsbookmartin.sk\/wp-content\/uploads\/2021\/10\/Julie-Kac\u030cerovska\u03011.jpg\" alt=\"\" class=\"wp-image-598\" srcset=\"https:\/\/www.artistsbookmartin.sk\/wp-content\/uploads\/2021\/10\/Julie-Kac\u030cerovska\u03011.jpg 1002w, https:\/\/www.artistsbookmartin.sk\/wp-content\/uploads\/2021\/10\/Julie-Kac\u030cerovska\u03011-300x200.jpg 300w, https:\/\/www.artistsbookmartin.sk\/wp-content\/uploads\/2021\/10\/Julie-Kac\u030cerovska\u03011-768x512.jpg 768w\" sizes=\"(max-width: 1002px) 100vw, 1002px\" \/><\/figure>\n\n\n\n<p>Kapacity 2<\/p>\n\n\n\n<p>2015<\/p>\n\n\n\n<figure class=\"wp-block-image size-full\"><img loading=\"lazy\" width=\"1002\" height=\"629\" src=\"https:\/\/www.artistsbookmartin.sk\/wp-content\/uploads\/2021\/10\/Julie-Kac\u030cerovska\u03012.jpg\" alt=\"\" class=\"wp-image-599\" srcset=\"https:\/\/www.artistsbookmartin.sk\/wp-content\/uploads\/2021\/10\/Julie-Kac\u030cerovska\u03012.jpg 1002w, https:\/\/www.artistsbookmartin.sk\/wp-content\/uploads\/2021\/10\/Julie-Kac\u030cerovska\u03012-300x188.jpg 300w, https:\/\/www.artistsbookmartin.sk\/wp-content\/uploads\/2021\/10\/Julie-Kac\u030cerovska\u03012-768x482.jpg 768w\" sizes=\"(max-width: 1002px) 100vw, 1002px\" \/><\/figure>\n\n\n\n<p><strong>Poeur\u00e1\u017eky<\/strong><\/p>\n\n\n\n<p>2020<\/p>","protected":false},"excerpt":{"rendered":"<p>2024 | ostatn\u00e9 Pokus n\u011bco ud\u011blat \/ Attempt to Do Something papier, tla\u010d \/ paper, print2024 \u201eP\u0159\u00edb\u011bh jednoho ne\u00fasp\u011b\u0161n\u00e9ho pokusu n\u011bco ud\u011blat. Obsahem knihy jsou obvykl\u00e9 chybov\u00e9 hl\u00e1\u0161ky, kter\u00e9 se zobrazuj\u00ed, kdy\u017e software z n\u011bjak\u00e9ho d\u016fvodu sel\u017ee. Um\u00edst\u011bn\u00edm v\u011bt na samostatn\u00e9 str\u00e1nky pap\u00edru vznik\u00e1 paradox. Chyb\u00ed kontext, ktery\u0301 v\u0161ak u t\u011bchto v\u011bt s\u00e1m nasko\u010d\u00ed, jsou [&hellip;]<\/p>","protected":false},"author":2,"featured_media":0,"parent":54,"menu_order":0,"comment_status":"closed","ping_status":"closed","template":"","meta":{"_monsterinsights_skip_tracking":false,"_monsterinsights_sitenote_active":false,"_monsterinsights_sitenote_note":"","_monsterinsights_sitenote_category":0,"two_page_speed":{"previous_score":{"desktop_score":96,"desktop_tti":"0.9\u00a0","mobile_score":75,"mobile_tti":"4.0\u00a0","date":"24.03.2025 01:15:55 pm","status":"completed"},"current_score":{"desktop_score":99,"desktop_tti":"0.7\u00a0","mobile_score":82,"mobile_tti":"3.4\u00a0","date":"24.03.2025 01:16:32 pm","status":"completed"}}},"_links":{"self":[{"href":"https:\/\/www.artistsbookmartin.sk\/en\/wp-json\/wp\/v2\/pages\/597"}],"collection":[{"href":"https:\/\/www.artistsbookmartin.sk\/en\/wp-json\/wp\/v2\/pages"}],"about":[{"href":"https:\/\/www.artistsbookmartin.sk\/en\/wp-json\/wp\/v2\/types\/page"}],"author":[{"embeddable":true,"href":"https:\/\/www.artistsbookmartin.sk\/en\/wp-json\/wp\/v2\/users\/2"}],"replies":[{"embeddable":true,"href":"https:\/\/www.artistsbookmartin.sk\/en\/wp-json\/wp\/v2\/comments?post=597"}],"version-history":[{"count":3,"href":"https:\/\/www.artistsbookmartin.sk\/en\/wp-json\/wp\/v2\/pages\/597\/revisions"}],"predecessor-version":[{"id":1616,"href":"https:\/\/www.artistsbookmartin.sk\/en\/wp-json\/wp\/v2\/pages\/597\/revisions\/1616"}],"up":[{"embeddable":true,"href":"https:\/\/www.artistsbookmartin.sk\/en\/wp-json\/wp\/v2\/pages\/54"}],"wp:attachment":[{"href":"https:\/\/www.artistsbookmartin.sk\/en\/wp-json\/wp\/v2\/media?parent=597"}],"curies":[{"name":"wp","href":"https:\/\/api.w.org\/{rel}","templated":true}]}}