{"id":592,"date":"2021-10-23T21:44:45","date_gmt":"2021-10-23T19:44:45","guid":{"rendered":"https:\/\/www.artistsbookmartin.sk\/?page_id=592"},"modified":"2025-03-24T13:11:57","modified_gmt":"2025-03-24T12:11:57","slug":"gyongyi-karoly-zold","status":"publish","type":"page","link":"https:\/\/www.artistsbookmartin.sk\/en\/autori_abecedne\/gyongyi-karoly-zold\/","title":{"rendered":"Gy\u00f6ngyi K\u00e1roly Z\u00f6ld"},"content":{"rendered":"<figure class=\"wp-block-image size-full\"><img loading=\"lazy\" width=\"1002\" height=\"622\" src=\"https:\/\/www.artistsbookmartin.sk\/wp-content\/uploads\/2021\/10\/Gyo\u0308ngyi-Ka\u0301roly-Zo\u0308ld1.jpg\" alt=\"\" class=\"wp-image-593\" srcset=\"https:\/\/www.artistsbookmartin.sk\/wp-content\/uploads\/2021\/10\/Gyo\u0308ngyi-Ka\u0301roly-Zo\u0308ld1.jpg 1002w, https:\/\/www.artistsbookmartin.sk\/wp-content\/uploads\/2021\/10\/Gyo\u0308ngyi-Ka\u0301roly-Zo\u0308ld1-300x186.jpg 300w, https:\/\/www.artistsbookmartin.sk\/wp-content\/uploads\/2021\/10\/Gyo\u0308ngyi-Ka\u0301roly-Zo\u0308ld1-768x477.jpg 768w\" sizes=\"(max-width: 1002px) 100vw, 1002px\" \/><\/figure>\n\n\n\n<p><br>Light objekt with self portrait I \u2013 II<br>2019<\/p>\n\n\n\n<figure class=\"wp-block-image size-full\"><img loading=\"lazy\" width=\"1002\" height=\"754\" src=\"https:\/\/www.artistsbookmartin.sk\/wp-content\/uploads\/2021\/10\/Gyo\u0308ngyi-Ka\u0301roly-Zo\u0308ld2.jpg\" alt=\"\" class=\"wp-image-594\" srcset=\"https:\/\/www.artistsbookmartin.sk\/wp-content\/uploads\/2021\/10\/Gyo\u0308ngyi-Ka\u0301roly-Zo\u0308ld2.jpg 1002w, https:\/\/www.artistsbookmartin.sk\/wp-content\/uploads\/2021\/10\/Gyo\u0308ngyi-Ka\u0301roly-Zo\u0308ld2-300x226.jpg 300w, https:\/\/www.artistsbookmartin.sk\/wp-content\/uploads\/2021\/10\/Gyo\u0308ngyi-Ka\u0301roly-Zo\u0308ld2-768x578.jpg 768w\" sizes=\"(max-width: 1002px) 100vw, 1002px\" \/><\/figure>\n\n\n\n<p>Walk on a rainy night with Kandinsky<br>2018<\/p>","protected":false},"excerpt":{"rendered":"<p>Light objekt with self portrait I \u2013 II2019 Walk on a rainy night with Kandinsky2018<\/p>","protected":false},"author":2,"featured_media":0,"parent":54,"menu_order":0,"comment_status":"closed","ping_status":"closed","template":"","meta":{"_monsterinsights_skip_tracking":false,"_monsterinsights_sitenote_active":false,"_monsterinsights_sitenote_note":"","_monsterinsights_sitenote_category":0,"two_page_speed":[]},"_links":{"self":[{"href":"https:\/\/www.artistsbookmartin.sk\/en\/wp-json\/wp\/v2\/pages\/592"}],"collection":[{"href":"https:\/\/www.artistsbookmartin.sk\/en\/wp-json\/wp\/v2\/pages"}],"about":[{"href":"https:\/\/www.artistsbookmartin.sk\/en\/wp-json\/wp\/v2\/types\/page"}],"author":[{"embeddable":true,"href":"https:\/\/www.artistsbookmartin.sk\/en\/wp-json\/wp\/v2\/users\/2"}],"replies":[{"embeddable":true,"href":"https:\/\/www.artistsbookmartin.sk\/en\/wp-json\/wp\/v2\/comments?post=592"}],"version-history":[{"count":1,"href":"https:\/\/www.artistsbookmartin.sk\/en\/wp-json\/wp\/v2\/pages\/592\/revisions"}],"predecessor-version":[{"id":595,"href":"https:\/\/www.artistsbookmartin.sk\/en\/wp-json\/wp\/v2\/pages\/592\/revisions\/595"}],"up":[{"embeddable":true,"href":"https:\/\/www.artistsbookmartin.sk\/en\/wp-json\/wp\/v2\/pages\/54"}],"wp:attachment":[{"href":"https:\/\/www.artistsbookmartin.sk\/en\/wp-json\/wp\/v2\/media?parent=592"}],"curies":[{"name":"wp","href":"https:\/\/api.w.org\/{rel}","templated":true}]}}