{"id":565,"date":"2021-10-23T21:35:18","date_gmt":"2021-10-23T19:35:18","guid":{"rendered":"https:\/\/www.artistsbookmartin.sk\/?page_id=565"},"modified":"2025-03-24T13:13:37","modified_gmt":"2025-03-24T12:13:37","slug":"nikola-krupova","status":"publish","type":"page","link":"https:\/\/www.artistsbookmartin.sk\/en\/autori_abecedne\/nikola-krupova\/","title":{"rendered":"Nikola Krupov\u00e1"},"content":{"rendered":"<figure class=\"wp-block-image size-full\"><img loading=\"lazy\" width=\"1002\" height=\"781\" src=\"https:\/\/www.artistsbookmartin.sk\/wp-content\/uploads\/2021\/10\/Nikola-Krupova\u0301.jpg\" alt=\"\" class=\"wp-image-566\" srcset=\"https:\/\/www.artistsbookmartin.sk\/wp-content\/uploads\/2021\/10\/Nikola-Krupova\u0301.jpg 1002w, https:\/\/www.artistsbookmartin.sk\/wp-content\/uploads\/2021\/10\/Nikola-Krupova\u0301-300x234.jpg 300w, https:\/\/www.artistsbookmartin.sk\/wp-content\/uploads\/2021\/10\/Nikola-Krupova\u0301-768x599.jpg 768w\" sizes=\"(max-width: 1002px) 100vw, 1002px\" \/><\/figure>\n\n\n\n<p>Ve st\u0159edu \u2013 autorsk\u00e1 kniha pup\u00edk\u016f<\/p>","protected":false},"excerpt":{"rendered":"<p>Ve st\u0159edu \u2013 autorsk\u00e1 kniha pup\u00edk\u016f<\/p>","protected":false},"author":2,"featured_media":0,"parent":54,"menu_order":0,"comment_status":"closed","ping_status":"closed","template":"","meta":{"_monsterinsights_skip_tracking":false,"_monsterinsights_sitenote_active":false,"_monsterinsights_sitenote_note":"","_monsterinsights_sitenote_category":0,"two_page_speed":[]},"_links":{"self":[{"href":"https:\/\/www.artistsbookmartin.sk\/en\/wp-json\/wp\/v2\/pages\/565"}],"collection":[{"href":"https:\/\/www.artistsbookmartin.sk\/en\/wp-json\/wp\/v2\/pages"}],"about":[{"href":"https:\/\/www.artistsbookmartin.sk\/en\/wp-json\/wp\/v2\/types\/page"}],"author":[{"embeddable":true,"href":"https:\/\/www.artistsbookmartin.sk\/en\/wp-json\/wp\/v2\/users\/2"}],"replies":[{"embeddable":true,"href":"https:\/\/www.artistsbookmartin.sk\/en\/wp-json\/wp\/v2\/comments?post=565"}],"version-history":[{"count":1,"href":"https:\/\/www.artistsbookmartin.sk\/en\/wp-json\/wp\/v2\/pages\/565\/revisions"}],"predecessor-version":[{"id":567,"href":"https:\/\/www.artistsbookmartin.sk\/en\/wp-json\/wp\/v2\/pages\/565\/revisions\/567"}],"up":[{"embeddable":true,"href":"https:\/\/www.artistsbookmartin.sk\/en\/wp-json\/wp\/v2\/pages\/54"}],"wp:attachment":[{"href":"https:\/\/www.artistsbookmartin.sk\/en\/wp-json\/wp\/v2\/media?parent=565"}],"curies":[{"name":"wp","href":"https:\/\/api.w.org\/{rel}","templated":true}]}}