{"id":550,"date":"2021-10-23T21:31:10","date_gmt":"2021-10-23T19:31:10","guid":{"rendered":"https:\/\/www.artistsbookmartin.sk\/?page_id=550"},"modified":"2025-03-24T13:13:37","modified_gmt":"2025-03-24T12:13:37","slug":"otis-laubert","status":"publish","type":"page","link":"https:\/\/www.artistsbookmartin.sk\/en\/autori_abecedne\/otis-laubert\/","title":{"rendered":"Otis Laubert"},"content":{"rendered":"<p><a href=\"#2024\" rel=\"nofollow\">2024<\/a> | <a href=\"#2021\" rel=\"nofollow\">2021<\/a><\/p>\n\n\n\n<hr class=\"wp-block-separator\" id=\"2024\"\/>\n\n\n\n<figure class=\"wp-block-image size-large\"><img loading=\"lazy\" width=\"1024\" height=\"650\" src=\"https:\/\/www.artistsbookmartin.sk\/wp-content\/uploads\/2025\/03\/otis-laubert-2024-1024x650.jpeg\" alt=\"\" class=\"wp-image-1556\" srcset=\"https:\/\/www.artistsbookmartin.sk\/wp-content\/uploads\/2025\/03\/otis-laubert-2024-1024x650.jpeg 1024w, https:\/\/www.artistsbookmartin.sk\/wp-content\/uploads\/2025\/03\/otis-laubert-2024-300x191.jpeg 300w, https:\/\/www.artistsbookmartin.sk\/wp-content\/uploads\/2025\/03\/otis-laubert-2024-768x488.jpeg 768w, https:\/\/www.artistsbookmartin.sk\/wp-content\/uploads\/2025\/03\/otis-laubert-2024-50x32.jpeg 50w, https:\/\/www.artistsbookmartin.sk\/wp-content\/uploads\/2025\/03\/otis-laubert-2024-1600x1016.jpeg 1600w, https:\/\/www.artistsbookmartin.sk\/wp-content\/uploads\/2025\/03\/otis-laubert-2024-1000x635.jpeg 1000w, https:\/\/www.artistsbookmartin.sk\/wp-content\/uploads\/2025\/03\/otis-laubert-2024-500x318.jpeg 500w, https:\/\/www.artistsbookmartin.sk\/wp-content\/uploads\/2025\/03\/otis-laubert-2024-1536x975.jpeg 1536w, https:\/\/www.artistsbookmartin.sk\/wp-content\/uploads\/2025\/03\/otis-laubert-2024-18x12.jpeg 18w, https:\/\/www.artistsbookmartin.sk\/wp-content\/uploads\/2025\/03\/otis-laubert-2024-600x381.jpeg 600w, https:\/\/www.artistsbookmartin.sk\/wp-content\/uploads\/2025\/03\/otis-laubert-2024.jpeg 1655w\" sizes=\"(max-width: 1024px) 100vw, 1024px\" \/><\/figure>\n\n\n\n<p><strong>Kradnem z hocikade \/<em> I Steal from Anywhere<\/em><\/strong><\/p>\n\n\n\n<p>kombinovan\u00e1 technika \/ <em>mixed media<\/em><br>2024<\/p>\n\n\n\n<hr class=\"wp-block-separator\" id=\"2021\"\/>\n\n\n\n<figure class=\"wp-block-image size-full\"><img loading=\"lazy\" width=\"1002\" height=\"718\" src=\"https:\/\/www.artistsbookmartin.sk\/wp-content\/uploads\/2021\/10\/Otis-Laubert.jpg\" alt=\"\" class=\"wp-image-551\" srcset=\"https:\/\/www.artistsbookmartin.sk\/wp-content\/uploads\/2021\/10\/Otis-Laubert.jpg 1002w, https:\/\/www.artistsbookmartin.sk\/wp-content\/uploads\/2021\/10\/Otis-Laubert-300x215.jpg 300w, https:\/\/www.artistsbookmartin.sk\/wp-content\/uploads\/2021\/10\/Otis-Laubert-768x550.jpg 768w\" sizes=\"(max-width: 1002px) 100vw, 1002px\" \/><\/figure>\n\n\n\n<p>Giacomettiho krokom prech\u00e1dzam kni\u017en\u00fdm soch\u00e1rstvom<br>2021<\/p>\n\n\n\n<figure class=\"wp-block-image size-full\"><img loading=\"lazy\" width=\"1002\" height=\"675\" src=\"https:\/\/www.artistsbookmartin.sk\/wp-content\/uploads\/2021\/10\/Otis-Laubert2.jpg\" alt=\"\" class=\"wp-image-552\" srcset=\"https:\/\/www.artistsbookmartin.sk\/wp-content\/uploads\/2021\/10\/Otis-Laubert2.jpg 1002w, https:\/\/www.artistsbookmartin.sk\/wp-content\/uploads\/2021\/10\/Otis-Laubert2-300x202.jpg 300w, https:\/\/www.artistsbookmartin.sk\/wp-content\/uploads\/2021\/10\/Otis-Laubert2-768x517.jpg 768w\" sizes=\"(max-width: 1002px) 100vw, 1002px\" \/><\/figure>\n\n\n\n<p>Mal som e\u0161te v\u00e4\u010d\u0161ie \u0161\u0165astie ako Schliemann, na\u0161iel som \u0161abl\u00f3nu, pod\u013ea ktorej Inkovia robili t\u00fa kresbu<br>2021<\/p>\n\n\n\n<figure class=\"wp-block-image size-full\"><img loading=\"lazy\" width=\"1002\" height=\"791\" src=\"https:\/\/www.artistsbookmartin.sk\/wp-content\/uploads\/2021\/10\/Otis-Laubert3.jpg\" alt=\"\" class=\"wp-image-553\" srcset=\"https:\/\/www.artistsbookmartin.sk\/wp-content\/uploads\/2021\/10\/Otis-Laubert3.jpg 1002w, https:\/\/www.artistsbookmartin.sk\/wp-content\/uploads\/2021\/10\/Otis-Laubert3-300x237.jpg 300w, https:\/\/www.artistsbookmartin.sk\/wp-content\/uploads\/2021\/10\/Otis-Laubert3-768x606.jpg 768w\" sizes=\"(max-width: 1002px) 100vw, 1002px\" \/><\/figure>\n\n\n\n<p>Hlavne tieto si mus\u00edm zapam\u00e4ta\u0165<br>2021<\/p>","protected":false},"excerpt":{"rendered":"<p>2024 | 2021 Kradnem z hocikade \/ I Steal from Anywhere kombinovan\u00e1 technika \/ mixed media2024 Giacomettiho krokom prech\u00e1dzam kni\u017en\u00fdm soch\u00e1rstvom2021 Mal som e\u0161te v\u00e4\u010d\u0161ie \u0161\u0165astie ako Schliemann, na\u0161iel som \u0161abl\u00f3nu, pod\u013ea ktorej Inkovia robili t\u00fa kresbu2021 Hlavne tieto si mus\u00edm zapam\u00e4ta\u01652021<\/p>","protected":false},"author":2,"featured_media":0,"parent":54,"menu_order":0,"comment_status":"closed","ping_status":"closed","template":"","meta":{"_monsterinsights_skip_tracking":false,"_monsterinsights_sitenote_active":false,"_monsterinsights_sitenote_note":"","_monsterinsights_sitenote_category":0,"two_page_speed":[]},"_links":{"self":[{"href":"https:\/\/www.artistsbookmartin.sk\/en\/wp-json\/wp\/v2\/pages\/550"}],"collection":[{"href":"https:\/\/www.artistsbookmartin.sk\/en\/wp-json\/wp\/v2\/pages"}],"about":[{"href":"https:\/\/www.artistsbookmartin.sk\/en\/wp-json\/wp\/v2\/types\/page"}],"author":[{"embeddable":true,"href":"https:\/\/www.artistsbookmartin.sk\/en\/wp-json\/wp\/v2\/users\/2"}],"replies":[{"embeddable":true,"href":"https:\/\/www.artistsbookmartin.sk\/en\/wp-json\/wp\/v2\/comments?post=550"}],"version-history":[{"count":3,"href":"https:\/\/www.artistsbookmartin.sk\/en\/wp-json\/wp\/v2\/pages\/550\/revisions"}],"predecessor-version":[{"id":1557,"href":"https:\/\/www.artistsbookmartin.sk\/en\/wp-json\/wp\/v2\/pages\/550\/revisions\/1557"}],"up":[{"embeddable":true,"href":"https:\/\/www.artistsbookmartin.sk\/en\/wp-json\/wp\/v2\/pages\/54"}],"wp:attachment":[{"href":"https:\/\/www.artistsbookmartin.sk\/en\/wp-json\/wp\/v2\/media?parent=550"}],"curies":[{"name":"wp","href":"https:\/\/api.w.org\/{rel}","templated":true}]}}