{"id":545,"date":"2021-10-23T21:28:14","date_gmt":"2021-10-23T19:28:14","guid":{"rendered":"https:\/\/www.artistsbookmartin.sk\/?page_id=545"},"modified":"2025-03-24T13:14:14","modified_gmt":"2025-03-24T12:14:14","slug":"robert-makar","status":"publish","type":"page","link":"https:\/\/www.artistsbookmartin.sk\/en\/autori_abecedne\/robert-makar\/","title":{"rendered":"R\u00f3bert Makar"},"content":{"rendered":"<p><a href=\"#2024\" rel=\"nofollow\">2024<\/a> | <a href=\"#2021\" rel=\"nofollow\">2021<\/a><\/p>\n\n\n\n<hr class=\"wp-block-separator\" id=\"2024\"\/>\n\n\n\n<figure class=\"wp-block-image size-large\"><img loading=\"lazy\" width=\"1024\" height=\"650\" src=\"https:\/\/www.artistsbookmartin.sk\/wp-content\/uploads\/2025\/03\/robert-makar-2024-1024x650.jpeg\" alt=\"\" class=\"wp-image-1539\" srcset=\"https:\/\/www.artistsbookmartin.sk\/wp-content\/uploads\/2025\/03\/robert-makar-2024-1024x650.jpeg 1024w, https:\/\/www.artistsbookmartin.sk\/wp-content\/uploads\/2025\/03\/robert-makar-2024-300x190.jpeg 300w, https:\/\/www.artistsbookmartin.sk\/wp-content\/uploads\/2025\/03\/robert-makar-2024-768x488.jpeg 768w, https:\/\/www.artistsbookmartin.sk\/wp-content\/uploads\/2025\/03\/robert-makar-2024-50x32.jpeg 50w, https:\/\/www.artistsbookmartin.sk\/wp-content\/uploads\/2025\/03\/robert-makar-2024-1600x1016.jpeg 1600w, https:\/\/www.artistsbookmartin.sk\/wp-content\/uploads\/2025\/03\/robert-makar-2024-1000x635.jpeg 1000w, https:\/\/www.artistsbookmartin.sk\/wp-content\/uploads\/2025\/03\/robert-makar-2024-500x317.jpeg 500w, https:\/\/www.artistsbookmartin.sk\/wp-content\/uploads\/2025\/03\/robert-makar-2024-1536x975.jpeg 1536w, https:\/\/www.artistsbookmartin.sk\/wp-content\/uploads\/2025\/03\/robert-makar-2024-18x12.jpeg 18w, https:\/\/www.artistsbookmartin.sk\/wp-content\/uploads\/2025\/03\/robert-makar-2024-600x381.jpeg 600w, https:\/\/www.artistsbookmartin.sk\/wp-content\/uploads\/2025\/03\/robert-makar-2024.jpeg 1643w\" sizes=\"(max-width: 1024px) 100vw, 1024px\" \/><\/figure>\n\n\n\n<p><strong>Podstata cez objektiv vn\u00edmania \/ <em>Essence Through the Lens of Perception<\/em><\/strong><\/p>\n\n\n\n<p>knihy, disperzn\u00e1 farba, lepidlo, spojovac\u00ed materi\u00e1l \/ <em>books, dispersion paint, glue, fasteners<br>2024<\/em><\/p>\n\n\n\n<p><a href=\"http:\/\/www.makar-robert.blogspot.com\" target=\"_blank\" rel=\"noreferrer noopener nofollow\">www.makar-robert.blogspot.com<\/a><\/p>\n\n\n\n<hr class=\"wp-block-separator\" id=\"2021\"\/>\n\n\n\n<figure class=\"wp-block-image size-large\"><img loading=\"lazy\" width=\"714\" height=\"1024\" src=\"https:\/\/www.artistsbookmartin.sk\/wp-content\/uploads\/2021\/10\/Ro\u0301bert-Makar-714x1024.jpg\" alt=\"\" class=\"wp-image-546\" srcset=\"https:\/\/www.artistsbookmartin.sk\/wp-content\/uploads\/2021\/10\/Ro\u0301bert-Makar-714x1024.jpg 714w, https:\/\/www.artistsbookmartin.sk\/wp-content\/uploads\/2021\/10\/Ro\u0301bert-Makar-209x300.jpg 209w, https:\/\/www.artistsbookmartin.sk\/wp-content\/uploads\/2021\/10\/Ro\u0301bert-Makar-768x1101.jpg 768w, https:\/\/www.artistsbookmartin.sk\/wp-content\/uploads\/2021\/10\/Ro\u0301bert-Makar.jpg 1002w\" sizes=\"(max-width: 714px) 100vw, 714px\" \/><\/figure>\n\n\n\n<p><strong>Inter-ligencio<\/strong><\/p>\n\n\n\n<p>2021<\/p>","protected":false},"excerpt":{"rendered":"<p>2024 | 2021 Podstata cez objektiv vn\u00edmania \/ Essence Through the Lens of Perception knihy, disperzn\u00e1 farba, lepidlo, spojovac\u00ed materi\u00e1l \/ books, dispersion paint, glue, fasteners2024 www.makar-robert.blogspot.com Inter-ligencio 2021<\/p>","protected":false},"author":2,"featured_media":0,"parent":54,"menu_order":0,"comment_status":"closed","ping_status":"closed","template":"","meta":{"_monsterinsights_skip_tracking":false,"_monsterinsights_sitenote_active":false,"_monsterinsights_sitenote_note":"","_monsterinsights_sitenote_category":0,"two_page_speed":[]},"_links":{"self":[{"href":"https:\/\/www.artistsbookmartin.sk\/en\/wp-json\/wp\/v2\/pages\/545"}],"collection":[{"href":"https:\/\/www.artistsbookmartin.sk\/en\/wp-json\/wp\/v2\/pages"}],"about":[{"href":"https:\/\/www.artistsbookmartin.sk\/en\/wp-json\/wp\/v2\/types\/page"}],"author":[{"embeddable":true,"href":"https:\/\/www.artistsbookmartin.sk\/en\/wp-json\/wp\/v2\/users\/2"}],"replies":[{"embeddable":true,"href":"https:\/\/www.artistsbookmartin.sk\/en\/wp-json\/wp\/v2\/comments?post=545"}],"version-history":[{"count":5,"href":"https:\/\/www.artistsbookmartin.sk\/en\/wp-json\/wp\/v2\/pages\/545\/revisions"}],"predecessor-version":[{"id":1540,"href":"https:\/\/www.artistsbookmartin.sk\/en\/wp-json\/wp\/v2\/pages\/545\/revisions\/1540"}],"up":[{"embeddable":true,"href":"https:\/\/www.artistsbookmartin.sk\/en\/wp-json\/wp\/v2\/pages\/54"}],"wp:attachment":[{"href":"https:\/\/www.artistsbookmartin.sk\/en\/wp-json\/wp\/v2\/media?parent=545"}],"curies":[{"name":"wp","href":"https:\/\/api.w.org\/{rel}","templated":true}]}}