{"id":54,"date":"2021-10-18T12:16:04","date_gmt":"2021-10-18T10:16:04","guid":{"rendered":"https:\/\/www.artistsbookmartin.sk\/?page_id=54"},"modified":"2025-03-24T12:17:35","modified_gmt":"2025-03-24T11:17:35","slug":"autori_abecedne","status":"publish","type":"page","link":"https:\/\/www.artistsbookmartin.sk\/en\/autori_abecedne\/","title":{"rendered":"ARTISTS"},"content":{"rendered":"<form role=\"search\" method=\"get\" action=\"\/en\/\" class=\"wp-block-search__button-outside wp-block-search__icon-button wp-block-search\" data-trp-original-action=\"https:\/\/www.artistsbookmartin.sk\/en\/\"><div class=\"wp-block-search__inside-wrapper\"><input type=\"search\" id=\"wp-block-search__input-1\" class=\"wp-block-search__input\" name=\"s\" value=\"\" placeholder=\"\"  required \/><button type=\"submit\" class=\"wp-block-search__button has-icon\"><svg id=\"search-icon\" class=\"search-icon\" viewbox=\"0 0 24 24\" width=\"24\" height=\"24\">\n\t\t\t        <path d=\"M13.5 6C10.5 6 8 8.5 8 11.5c0 1.1.3 2.1.9 3l-3.4 3 1 1.1 3.4-2.9c1 .9 2.2 1.4 3.6 1.4 3 0 5.5-2.5 5.5-5.5C19 8.5 16.5 6 13.5 6zm0 9.5c-2.2 0-4-1.8-4-4s1.8-4 4-4 4 1.8 4 4-1.8 4-4 4z\"><\/path>\n\t\t\t    <\/svg><\/button><\/div><input type=\"hidden\" name=\"trp-form-language\" value=\"en\"\/><\/form>\n\n\n<p class=\"has-huge-font-size\">A<\/p>\n\n\n\n<p>Nina Abramovi\u010dov\u00e1<\/p>\n\n\n\n<p><a href=\"https:\/\/www.artistsbookmartin.sk\/en\/michal-adamovsky\/\">Michal Adamovsk\u00fd<\/a><\/p>\n\n\n\n<p>\u00c9va Adorj\u00e1n<\/p>\n\n\n\n<p><a href=\"https:\/\/www.artistsbookmartin.sk\/en\/monika-aleksandrowicz\/\">Monika Aleksandrowicz<\/a><\/p>\n\n\n\n<p><a href=\"https:\/\/www.artistsbookmartin.sk\/en\/izabela-lapinska-joanna-apanowicz\/\">Joanna Apanowicz<\/a><\/p>\n\n\n\n<p>Peter Augustovi\u010d<\/p>\n\n\n\n<p class=\"has-huge-font-size\">B<\/p>\n\n\n\n<p>Jozef Bajus<\/p>\n\n\n\n<p><a href=\"https:\/\/www.artistsbookmartin.sk\/en\/peter-balazs-kovacs\/\">P\u00e9ter Bal\u00e1zs Kov\u00e1cs<\/a><\/p>\n\n\n\n<p>Katar\u00edna Bal\u00e1\u017eov\u00e1<\/p>\n\n\n\n<p><a href=\"https:\/\/www.artistsbookmartin.sk\/en\/autori_abecedne\/dora-balla\/\">Dora Balla<\/a><\/p>\n\n\n\n<p>Filip Bandur\u010din<\/p>\n\n\n\n<p><a href=\"https:\/\/www.artistsbookmartin.sk\/en\/laszlo-bandy\/\">L\u00e1szl\u00f3&nbsp;Bandy<\/a><\/p>\n\n\n\n<p><a href=\"https:\/\/www.artistsbookmartin.sk\/en\/elzbieta-banecka\/\">Elzbieta Banecka<\/a><\/p>\n\n\n\n<p><a href=\"https:\/\/www.artistsbookmartin.sk\/en\/autori_abecedne\/marton-barabas\/\">M\u00e1rton Barab\u00e1s<\/a><\/p>\n\n\n\n<p><a href=\"https:\/\/www.artistsbookmartin.sk\/en\/tatyana-makletsova-svetlana-barankovskaya\/\">Svetlana Barankovskaya<\/a><\/p>\n\n\n\n<p>Anna Maria Bauer<\/p>\n\n\n\n<p><a href=\"https:\/\/www.artistsbookmartin.sk\/en\/andrzej-bednarczyk\/\">Andrzej Bednarczyk<\/a><\/p>\n\n\n\n<p>Igor Benca<\/p>\n\n\n\n<p>M\u00e1ria Be\u0148ov\u00e1<\/p>\n\n\n\n<p>Anna M\u00e1ria Be\u0148ov\u00e1<\/p>\n\n\n\n<p>Zsofia Bezer\u00e9di<\/p>\n\n\n\n<p><a href=\"https:\/\/www.artistsbookmartin.sk\/en\/kornelia-bialy\/\">Kornelia Bia\u0142y<\/a><\/p>\n\n\n\n<p>Piotr Bies<\/p>\n\n\n\n<p><a href=\"https:\/\/www.artistsbookmartin.sk\/en\/bozenna-biskupska\/\">Bo\u017cenna Biskupska<\/a><\/p>\n\n\n\n<p>Cyril Bla\u017eo<\/p>\n\n\n\n<p><a href=\"https:\/\/www.artistsbookmartin.sk\/en\/milos-boda\/\">Milo\u0161 Bo\u010fa<\/a><\/p>\n\n\n\n<p>Dani Bogl\u00e1rka<\/p>\n\n\n\n<p><a href=\"https:\/\/www.artistsbookmartin.sk\/en\/dorottya-bokor\/\">Dorottya Bokor<\/a><\/p>\n\n\n\n<p>Rozi Bornemisza<\/p>\n\n\n\n<p>Petra Br\u010d\u00e1kov\u00e1<\/p>\n\n\n\n<p><a href=\"https:\/\/www.artistsbookmartin.sk\/en\/simon-brejcha\/\">\u0160imon Brejcha<\/a><\/p>\n\n\n\n<p>Dagmar Brichc\u00ednov\u00e1<\/p>\n\n\n\n<p>Miroslav Broo\u0161<\/p>\n\n\n\n<p>Robert Brun<\/p>\n\n\n\n<p>Gra\u017eyna Brylewska<\/p>\n\n\n\n<p>Nina Budo\u0161ov\u00e1<\/p>\n\n\n\n<p><a href=\"https:\/\/www.artistsbookmartin.sk\/en\/pavel-bu\u0308chler-and-nina-chua\/\">Pavel Bu\u0308chler<\/a><\/p>\n\n\n\n<p><a href=\"https:\/\/www.artistsbookmartin.sk\/en\/andras-butak\/\">Andr\u00e1s Butak<\/a><\/p>\n\n\n\n<p>Zsuzanna B\u0171ki<\/p>\n\n\n\n<p class=\"has-huge-font-size\">C, \u010c<\/p>\n\n\n\n<p>Katar\u00edna Cakov\u00e1<\/p>\n\n\n\n<p>Luk\u00e1\u0161 Ceh\u013e\u00e1r<\/p>\n\n\n\n<p><a href=\"https:\/\/www.artistsbookmartin.sk\/en\/anett-cifra\/\">Anett Jakub\u00edk-Cifra<\/a><\/p>\n\n\n\n<p><a href=\"https:\/\/www.artistsbookmartin.sk\/en\/vaclav-cigler\/\">V\u00e1clav Cigler<\/a><\/p>\n\n\n\n<p>Jozef Ciller<\/p>\n\n\n\n<p>Marek Cina<\/p>\n\n\n\n<p>Eva Cis\u00e1rov\u00e1-Min\u00e1rikov\u00e1<\/p>\n\n\n\n<p><a href=\"https:\/\/www.artistsbookmartin.sk\/en\/weronika-cyganik\/\">Weronika Cyganik<\/a><\/p>\n\n\n\n<p>Bal\u00e1zs Czeizel<\/p>\n\n\n\n<p>Adrienn Czipor<\/p>\n\n\n\n<p>Eli\u0161ka \u010cabalov\u00e1<\/p>\n\n\n\n<p>Pa\u013eo \u010cejka <a href=\"https:\/\/www.artistsbookmartin.sk\/en\/tomas-klepoch-jan-cumilsky-palo-cejka\/\">2021<\/a>, <a href=\"https:\/\/www.artistsbookmartin.sk\/en\/tomas-klepoch-jan-cumlivski-juraj-horvath-palo-cejka\/\">2024<\/a><\/p>\n\n\n\n<p><a href=\"https:\/\/www.artistsbookmartin.sk\/en\/katerina-cerna\/\">Kate\u0159ina \u010cern\u00e1<\/a><\/p>\n\n\n\n<p><a href=\"https:\/\/www.artistsbookmartin.sk\/en\/jiri-cernicky\/\">Ji\u0159\u00ed \u010cernicky\u0301<\/a><\/p>\n\n\n\n<p>J\u00e1n \u010cumlinski <a href=\"https:\/\/www.artistsbookmartin.sk\/en\/tomas-klepoch-jan-cumilsky-palo-cejka\/\">2021<\/a>, <a href=\"https:\/\/www.artistsbookmartin.sk\/en\/tomas-klepoch-jan-cumlivski-juraj-horvath-palo-cejka\/\">2024<\/a><\/p>\n\n\n\n<p class=\"has-huge-font-size\">D<\/p>\n\n\n\n<p><a href=\"https:\/\/www.artistsbookmartin.sk\/en\/istvan-damo\/\">Istv\u00e1n Dam\u00f3<\/a><\/p>\n\n\n\n<p><a href=\"https:\/\/www.artistsbookmartin.sk\/en\/martin-derner\/\">Martin Derner<\/a><\/p>\n\n\n\n<p>Dora Dernerov\u00e1<\/p>\n\n\n\n<p>Adrienn D\u00e9r<\/p>\n\n\n\n<p>Majka Dokudowicz<\/p>\n\n\n\n<p>Joanna Wiszniewska-Doma\u0144ska<\/p>\n\n\n\n<p><a href=\"https:\/\/www.artistsbookmartin.sk\/en\/han-donau\/\">Han Donau<\/a><\/p>\n\n\n\n<p>Malorzata Dmitruk<\/p>\n\n\n\n<p>Sarah Dul\u00e1kov\u00e1<\/p>\n\n\n\n<p>\u00c1gnes \u010eurd\u00edk<\/p>\n\n\n\n<p>Peter \u010eur\u00edk<\/p>\n\n\n\n<p class=\"has-huge-font-size\">E, F<\/p>\n\n\n\n<p>Rita Farkas<\/p>\n\n\n\n<p><a href=\"https:\/\/www.artistsbookmartin.sk\/en\/barbara-fejes\/\">Barbara Fejes<\/a><\/p>\n\n\n\n<p>J\u00e1n Fekete<\/p>\n\n\n\n<p><a href=\"https:\/\/www.artistsbookmartin.sk\/en\/szilvia-fekete\/\">Szilvia Fekete<\/a><\/p>\n\n\n\n<p>Petra Joffe Feriancov\u00e1<\/p>\n\n\n\n<p>Rudolf Fila<\/p>\n\n\n\n<p><a href=\"https:\/\/www.artistsbookmartin.sk\/en\/teresa-b-frodyma\/\">Teresa B. Frodyma<\/a><\/p>\n\n\n\n<p>M\u00e1ria Fulkov\u00e1<\/p>\n\n\n\n<p class=\"has-huge-font-size\">G<\/p>\n\n\n\n<p>Marek Gajewski<\/p>\n\n\n\n<p>Ewa Granowska<\/p>\n\n\n\n<p class=\"has-huge-font-size\">H<\/p>\n\n\n\n<p><a href=\"https:\/\/www.artistsbookmartin.sk\/en\/autori_abecedne\/agnes-haasz\/\">\u00c1gnes H\u00e1asz<\/a><\/p>\n\n\n\n<p>Charlotte Hammes<\/p>\n\n\n\n<p>Nina Hanusov\u00e1<\/p>\n\n\n\n<p><a href=\"https:\/\/www.artistsbookmartin.sk\/en\/vladimir-havlik\/\">Vladim\u00edr Havl\u00edk<\/a><\/p>\n\n\n\n<p>Tereza Havl\u00ednkov\u00e1<\/p>\n\n\n\n<p>Krist\u00edna He\u010dkov\u00e1<\/p>\n\n\n\n<p><a href=\"https:\/\/www.artistsbookmartin.sk\/en\/barbora-hlavicova\/\">Barbora Hlavicov\u00e1<\/a><\/p>\n\n\n\n<p><a href=\"https:\/\/www.artistsbookmartin.sk\/en\/xenia-hoffmeisterova\/\">X\u00e9nia Hoffmeisterov\u00e1<\/a><\/p>\n\n\n\n<p><a href=\"https:\/\/www.artistsbookmartin.sk\/en\/pavel-hora\/\">Pavel Hora<\/a><\/p>\n\n\n\n<p>Jakub Horsk\u00fd<\/p>\n\n\n\n<p><a href=\"https:\/\/www.artistsbookmartin.sk\/en\/tomas-klepoch-jan-cumlivski-juraj-horvath-palo-cejka\/\">Juraj Horv\u00e1th<\/a><\/p>\n\n\n\n<p>Ivana Hron\u010dekov\u00e1<\/p>\n\n\n\n<p><a href=\"https:\/\/www.artistsbookmartin.sk\/en\/oto-hudec\/\">Oto Hudec<\/a><\/p>\n\n\n\n<p>Katar\u00edna Hutn\u00edkova<\/p>\n\n\n\n<p class=\"has-huge-font-size\"><strong>CH<\/strong><\/p>\n\n\n\n<p>Juli\u00e1na Chomov\u00e1<\/p>\n\n\n\n<p><a href=\"https:\/\/www.artistsbookmartin.sk\/en\/pavel-bu\u0308chler-and-nina-chua\/\">Nina Chua<\/a><\/p>\n\n\n\n<p class=\"has-huge-font-size\"><strong>I<\/strong><\/p>\n\n\n\n<p>Tereza Ign\u00e1cov\u00e1<\/p>\n\n\n\n<p>Michaela Ihn\u00e1tov\u00e1<\/p>\n\n\n\n<p class=\"has-huge-font-size\"><strong><strong>J<\/strong><\/strong><\/p>\n\n\n\n<p><a href=\"https:\/\/www.artistsbookmartin.sk\/en\/maciej-jablonski\/\">Maciej Jab\u0142o\u0144ski<\/a><\/p>\n\n\n\n<p>Katar\u00edna Jamri\u0161kov\u00e1<\/p>\n\n\n\n<p>Zbyn\u011bk Jan\u00e1\u010dek<\/p>\n\n\n\n<p>Antonina Janus-Szybist<\/p>\n\n\n\n<p>Zygmunt Januszewski<\/p>\n\n\n\n<p>Marek Cezary Jaromski<\/p>\n\n\n\n<p>Jakub Jen\u010do<\/p>\n\n\n\n<p>Em\u00edlia Jesensk\u00e1<\/p>\n\n\n\n<p class=\"has-huge-font-size\"><strong><strong>K<\/strong><\/strong><\/p>\n\n\n\n<p>Dariusz Kaca<\/p>\n\n\n\n<p><a href=\"https:\/\/www.artistsbookmartin.sk\/en\/julie-kacerovska\/\">Julie Ka\u010derovsk\u00e1<\/a><\/p>\n\n\n\n<p>Ludmila Kadlecov\u00e1<\/p>\n\n\n\n<p>Gy\u00f6ngyi K\u00e1roly Z\u00f6ld<\/p>\n\n\n\n<p>Csilla Kelecs\u00e9nyi,<\/p>\n\n\n\n<p><a href=\"https:\/\/www.artistsbookmartin.sk\/en\/botond-andras-kiss\/\">Botond Andr\u00e1s Kiss<\/a><\/p>\n\n\n\n<p><a href=\"https:\/\/www.artistsbookmartin.sk\/en\/ilona-kiss\/\">Ilona Kiss<\/a><\/p>\n\n\n\n<p>M\u00e1t\u00e9 Kiss<\/p>\n\n\n\n<p>Barbora Klau\u010dov\u00e1<\/p>\n\n\n\n<p>Tom\u00e1\u0161 Klepoch <a href=\"https:\/\/www.artistsbookmartin.sk\/en\/tomas-klepoch-jan-cumilsky-palo-cejka\/\">2021<\/a>, <a href=\"https:\/\/www.artistsbookmartin.sk\/en\/tomas-klepoch-jan-cumlivski-juraj-horvath-palo-cejka\/\">2024<\/a><\/p>\n\n\n\n<p>Barbora Kmecov\u00e1<\/p>\n\n\n\n<p>Igor Koci\u0144ski<\/p>\n\n\n\n<p>Ji\u0159\u00ed Hynek Kocman<\/p>\n\n\n\n<p>Martin Kochan<\/p>\n\n\n\n<p><a href=\"https:\/\/www.artistsbookmartin.sk\/en\/milos-koptak\/\">Milo\u0161 Kopt\u00e1k<\/a><\/p>\n\n\n\n<p><a href=\"https:\/\/www.artistsbookmartin.sk\/en\/marta-kosiewicz\/\">Mart\u0105 Kosiewicz<\/a><\/p>\n\n\n\n<p><a href=\"https:\/\/www.artistsbookmartin.sk\/en\/agata-kosmacz\/\">Agata Kosmacz<\/a><\/p>\n\n\n\n<p>Anik\u00f3 Kov\u00e1cs Csonga<\/p>\n\n\n\n<p>Andy Koz\u00e1rov\u00e1<\/p>\n\n\n\n<p><a href=\"https:\/\/www.artistsbookmartin.sk\/en\/bogna-kozera-radomska\/\">Bogna Kozera-Radomska<\/a><\/p>\n\n\n\n<p>Pavol Kr\u00e1\u013e<\/p>\n\n\n\n<p><a href=\"https:\/\/www.artistsbookmartin.sk\/en\/matej-kren\/\">Matej Kr\u00e9n<\/a><\/p>\n\n\n\n<p>Erik Kri\u017eovensk\u00fd<\/p>\n\n\n\n<p>Iva Krupicov\u00e1<\/p>\n\n\n\n<p>Nikola Krupov\u00e1<\/p>\n\n\n\n<p>Krist\u00edna Kub\u00e1\u0148ov\u00e1<\/p>\n\n\n\n<p>Radka Kubi\u0161tov\u00e1<\/p>\n\n\n\n<p>Ewa Kulesza<\/p>\n\n\n\n<p>Brygida Wrobel-Kulik<\/p>\n\n\n\n<p class=\"has-huge-font-size\"><strong><strong>L<\/strong><\/strong><\/p>\n\n\n\n<p><a href=\"https:\/\/www.artistsbookmartin.sk\/en\/izabela-lapinska-joanna-apanowicz\/\">Izabela \u0141api\u0144ska<\/a><\/p>\n\n\n\n<p>Ewa Latkowska-\u017bychska<\/p>\n\n\n\n<p><a href=\"https:\/\/www.artistsbookmartin.sk\/en\/alena-laufrova\/\">Alena Laufrov\u00e1<\/a><\/p>\n\n\n\n<p><a href=\"https:\/\/www.artistsbookmartin.sk\/en\/otis-laubert\/\">Otis Laubert<\/a><\/p>\n\n\n\n<p>Guna Leite<\/p>\n\n\n\n<p>Peter Leja<\/p>\n\n\n\n<p>And\u00e1s Lengyel<\/p>\n\n\n\n<p><a href=\"https:\/\/www.artistsbookmartin.sk\/en\/maciej-linttner\/\">Maciej Linttner<\/a><\/p>\n\n\n\n<p class=\"has-huge-font-size\"><strong><strong>M<\/strong><\/strong><\/p>\n\n\n\n<p>Katar\u00edna Macurov\u00e1<\/p>\n\n\n\n<p>Michaela Majdov\u00e1<\/p>\n\n\n\n<p><a href=\"https:\/\/www.artistsbookmartin.sk\/en\/robert-makar\/\">R\u00f3bert Makar<\/a><\/p>\n\n\n\n<p><a href=\"https:\/\/www.artistsbookmartin.sk\/en\/tatyana-makletsova-svetlana-barankovskaya\/\">Tatyana Makletsova<\/a><\/p>\n\n\n\n<p>D\u00e1vid Marcin<\/p>\n\n\n\n<p><a href=\"https:\/\/www.artistsbookmartin.sk\/en\/stano-masar\/\">Stano Mas\u00e1r<\/a><\/p>\n\n\n\n<p>Jan Ma\u0161tera<\/p>\n\n\n\n<p>Hana Maulerov\u00e1<\/p>\n\n\n\n<p>Tsudoi Mausda<\/p>\n\n\n\n<p>Jan Ma\u0161tera<\/p>\n\n\n\n<p><a href=\"https:\/\/www.artistsbookmartin.sk\/en\/yuliia-matsveiko\/\">Yuliia Matsveiko<\/a><\/p>\n\n\n\n<p><a href=\"https:\/\/www.artistsbookmartin.sk\/en\/dora-matyus\/\">D\u00f3ra Matyus<\/a><\/p>\n\n\n\n<p>Mat\u00fa\u0161 Ma\u0165\u00e1tko<\/p>\n\n\n\n<p>Mariana Ma\u017eg\u00fatov\u00e1<\/p>\n\n\n\n<p>Marek Mertinko<\/p>\n\n\n\n<p><a href=\"https:\/\/www.artistsbookmartin.sk\/en\/jan-mericka-oedogonium-autorska-kniha-trienale-umenia-knihy-martin-artists-book-triennial-in-martin-turcianska-galeria-v-martine\/\">Jan M\u011b\u0159i\u010dka<\/a><\/p>\n\n\n\n<p>Michaela Mikov\u010d\u00e1kov\u00e1<\/p>\n\n\n\n<p>Martin Mikulka<\/p>\n\n\n\n<p><a href=\"https:\/\/www.artistsbookmartin.sk\/en\/svatopluk-mikyta\/\">Sv\u00e4topluk Mikyta<\/a><\/p>\n\n\n\n<p>Simona Mi\u0161ovicov\u00e1<\/p>\n\n\n\n<p>Marianna Mlyn\u00e1r\u010dikov\u00e1<\/p>\n\n\n\n<p>Michaela Morav\u010d\u00edkov\u00e1<\/p>\n\n\n\n<p>R\u00f3bert Mosberger<\/p>\n\n\n\n<p>Michalina Mosurek<\/p>\n\n\n\n<p>Barbara Mydlak<\/p>\n\n\n\n<p><\/p>\n\n\n\n<p class=\"has-huge-font-size\"><strong><strong>N<\/strong><\/strong><\/p>\n\n\n\n<p>Martin Neto\u010dn\u00fd<\/p>\n\n\n\n<p>Malgorzata Malwina Niespodziewana<\/p>\n\n\n\n<p>Ma\u0142gorzata Niespodziewana<\/p>\n\n\n\n<p>Radoslaw Nowakowski<\/p>\n\n\n\n<p class=\"has-huge-font-size\"><strong><strong>O<\/strong><\/strong><\/p>\n\n\n\n<p>Daniela Olejn\u00edkov\u00e1<\/p>\n\n\n\n<p>\u0160tefan Oslej<\/p>\n\n\n\n<p>Anna Ovs\u00edkov\u00e1<\/p>\n\n\n\n<p class=\"has-huge-font-size\"><strong><strong>P<\/strong><\/strong><\/p>\n\n\n\n<p>Renata Pacyna<\/p>\n\n\n\n<p><a href=\"https:\/\/www.artistsbookmartin.sk\/en\/csaba-pal\/\">Csaba P\u00e1l<\/a><\/p>\n\n\n\n<p><a href=\"https:\/\/www.artistsbookmartin.sk\/en\/gaba-palicka\/\">Gaba Palicka<\/a><\/p>\n\n\n\n<p>Tibor Pataki<\/p>\n\n\n\n<p>Sl\u00e1vka Paulikov\u00e1<\/p>\n\n\n\n<p><a href=\"https:\/\/www.artistsbookmartin.sk\/en\/andrea-pezman\/\">Andrea P\u00e9zman<\/a><\/p>\n\n\n\n<p>Anna Pleslov\u00e1<\/p>\n\n\n\n<p>Anna Ple\u0161tilov\u00e1<\/p>\n\n\n\n<p>Olga Pluh\u00e1\u010dkov\u00e1<\/p>\n\n\n\n<p><a href=\"https:\/\/www.artistsbookmartin.sk\/en\/miloslav-polcar\/\">Miloslav Polcar<\/a><\/p>\n\n\n\n<p>Luk\u00e1\u0161 Pompa<\/p>\n\n\n\n<p><a href=\"https:\/\/www.artistsbookmartin.sk\/en\/martyna-przegendza\/\">Martyna Przegendza<\/a><\/p>\n\n\n\n<p><a href=\"https:\/\/www.artistsbookmartin.sk\/en\/rafal-pytel\/\">Rafa\u0142 Pytel<\/a><\/p>\n\n\n\n<p class=\"has-huge-font-size\"><strong><strong>R<\/strong><\/strong><\/p>\n\n\n\n<p><a href=\"https:\/\/www.artistsbookmartin.sk\/en\/bogna-kozera-radomska\/\">Bogna Kozera-Radomska<\/a><\/p>\n\n\n\n<p>Andrea R\u00e1chelov\u00e1<\/p>\n\n\n\n<p>Lucie Ra\u0161kovov\u00e1<\/p>\n\n\n\n<p><a href=\"https:\/\/www.artistsbookmartin.sk\/en\/sara-richter\/\">S\u00e1ra Richter<\/a><\/p>\n\n\n\n<p>Martina Rozinajov\u00e1<\/p>\n\n\n\n<p>Peter R\u00f3nai<\/p>\n\n\n\n<p>Waldemar Rudyk<\/p>\n\n\n\n<p>N\u00f3ra Ru\u017ei\u010dkov\u00e1<\/p>\n\n\n\n<p>Szymon Ryczek<\/p>\n\n\n\n<p class=\"has-huge-font-size\"><strong>S, \u0160<\/strong><\/p>\n\n\n\n<p><a href=\"https:\/\/www.artistsbookmartin.sk\/en\/zbigniew-salaj\/\">Zbigniew Sa\u0142aj<\/a><\/p>\n\n\n\n<p>L\u00e1szl\u00f3 Vasv\u00e1ri S\u00e1ndor<\/p>\n\n\n\n<p><a href=\"https:\/\/www.artistsbookmartin.sk\/en\/lajos-sejben\/\">Lajos Sejben<\/a><\/p>\n\n\n\n<p>Martin Schwarz<\/p>\n\n\n\n<p>Marek Sibinsk\u00fd<\/p>\n\n\n\n<p><a href=\"https:\/\/www.artistsbookmartin.sk\/en\/rudolf-sikora\/\">Rudolf Sikora<\/a><\/p>\n\n\n\n<p><a href=\"https:\/\/www.artistsbookmartin.sk\/en\/ilona-simon\/\">Ilona Simon<\/a><\/p>\n\n\n\n<p><a href=\"https:\/\/www.artistsbookmartin.sk\/en\/zofia-siwy\/\">Zofia Siwy<\/a><\/p>\n\n\n\n<p>Val\u00e9ria S\u00f3v\u00e1radi<\/p>\n\n\n\n<p><a href=\"https:\/\/www.artistsbookmartin.sk\/en\/edyta-stajniak\/\">Edyta Stajniak<\/a><\/p>\n\n\n\n<p>Joanna Stokowska<\/p>\n\n\n\n<p>Radim Straka<\/p>\n\n\n\n<p><a href=\"https:\/\/www.artistsbookmartin.sk\/en\/dominika-sulirova\/\">Dominika Sul\u00edrov\u00e1<\/a><\/p>\n\n\n\n<p>Ma\u0142gorzata Szandala<\/p>\n\n\n\n<p>Krystyna Szczepaniak<\/p>\n\n\n\n<p>Beata Sz\u00e9chy<\/p>\n\n\n\n<p>Isabella Sz\u00e9kely<\/p>\n\n\n\n<p>Mat\u00fa\u0161 Szalontai<\/p>\n\n\n\n<p><a href=\"https:\/\/www.artistsbookmartin.sk\/en\/istvan-sziranyi\/\">Istv\u00e1n Szir\u00e1nyi<\/a><\/p>\n\n\n\n<p><a href=\"https:\/\/www.artistsbookmartin.sk\/en\/kamilla-szij\/\">Kamilla Sz\u00edj<\/a><\/p>\n\n\n\n<p>Katarzyna Szpilkowska<\/p>\n\n\n\n<p>W\u0142odzimierz Szyma\u0144ski<\/p>\n\n\n\n<p><a href=\"https:\/\/www.artistsbookmartin.sk\/en\/zuzana-sebelova\/\">Zuzana \u0160ebelov\u00e1<\/a><\/p>\n\n\n\n<p>Kate\u0159ina \u0160ed\u00e1<\/p>\n\n\n\n<p>Patrik \u0160ev\u010d\u00edk<\/p>\n\n\n\n<p>Andrea Mar\u010dekov\u00e1-\u0160ev\u010d\u00edkov\u00e1<\/p>\n\n\n\n<p><a href=\"https:\/\/www.artistsbookmartin.sk\/en\/jana-sindelova\/\">Jana \u0160indelov\u00e1<\/a><\/p>\n\n\n\n<p>Katar\u00edna \u0160kamlov\u00e1<\/p>\n\n\n\n<p>Petr \u0160malec<\/p>\n\n\n\n<p><a href=\"https:\/\/www.artistsbookmartin.sk\/en\/nina-speranda\/\">Nina \u0160peranda<\/a><\/p>\n\n\n\n<p>Alexandra \u0160tafa\u0148\u00e1kov\u00e1<\/p>\n\n\n\n<p>Lucie \u0160tafkov\u00e1<\/p>\n\n\n\n<p>K<a href=\"https:\/\/www.artistsbookmartin.sk\/en\/klara-stefanovicova\/\">l\u00e1ra \u0160tefanovi\u010dov\u00e1<\/a><\/p>\n\n\n\n<p><a href=\"https:\/\/www.artistsbookmartin.sk\/en\/peter-sulavik\/\">Peter \u0160ulav\u00edk<\/a><\/p>\n\n\n\n<p><a href=\"https:\/\/www.artistsbookmartin.sk\/en\/michal-sumichrast\/\">Michal \u0160umichrast<\/a><\/p>\n\n\n\n<p>J\u00e1n \u0160utvay<\/p>\n\n\n\n<p class=\"has-huge-font-size\"><strong>T<\/strong><\/p>\n\n\n\n<p><a href=\"https:\/\/www.artistsbookmartin.sk\/en\/dezider-toth\/\">Dezider T\u00f3th<\/a><\/p>\n\n\n\n<p>G\u00e1bor T\u00f3th<\/p>\n\n\n\n<p><a href=\"https:\/\/www.artistsbookmartin.sk\/en\/lucie-travnickova\/\">Lucie Travni\u010dkov\u00e1<\/a><\/p>\n\n\n\n<p><a href=\"https:\/\/www.artistsbookmartin.sk\/en\/pavol-truben\/\">Pavol Truben<\/a><\/p>\n\n\n\n<p><a href=\"https:\/\/www.artistsbookmartin.sk\/en\/jadwiga-tryzno-a-janusz-tryzno\/\">Jadwiga Tryzno<\/a><\/p>\n\n\n\n<p><a href=\"https:\/\/www.artistsbookmartin.sk\/en\/jadwiga-tryzno-a-janusz-tryzno\/\">Janusz Tryzno<\/a><\/p>\n\n\n\n<p>Pawel Tryzno<\/p>\n\n\n\n<p><a href=\"https:\/\/www.artistsbookmartin.sk\/en\/jakub-tulinger\/\">Jakub Tulinger<\/a><\/p>\n\n\n\n<p class=\"has-huge-font-size\"><strong>U, V<\/strong><\/p>\n\n\n\n<p><a href=\"https:\/\/www.artistsbookmartin.sk\/en\/katerina-m-vaclavkova\/\">Kate\u0159ina Makar V\u00e1clavkov\u00e1<\/a><\/p>\n\n\n\n<p><a href=\"https:\/\/www.artistsbookmartin.sk\/en\/peter-valiska-timecko\/\">Peter Valiska-Time\u010dko<\/a><\/p>\n\n\n\n<p>G\u00e1bor Farkas Varga<\/p>\n\n\n\n<p><a href=\"https:\/\/www.artistsbookmartin.sk\/en\/jaro-varga\/\">Jaro Varga<\/a><\/p>\n\n\n\n<p>Gyula V\u00e1rnai<\/p>\n\n\n\n<p><a href=\"https:\/\/www.artistsbookmartin.sk\/en\/gabriella-varosi\/\">Gabriella V\u00e1rosi<\/a><\/p>\n\n\n\n<p>Petr V\u010delka<\/p>\n\n\n\n<p>Andro Verdan<\/p>\n\n\n\n<p><a href=\"https:\/\/www.artistsbookmartin.sk\/en\/tomas-vicen\/\">Tom\u00e1\u0161 Vicen<\/a><\/p>\n\n\n\n<p><a href=\"https:\/\/www.artistsbookmartin.sk\/en\/lenka-vilhelmova\/\">Lenka Vilhelmov\u00e1<\/a><\/p>\n\n\n\n<p>Monika Vol\u00e1kov\u00e1<\/p>\n\n\n\n<p>Ad\u00e9la Vosi\u0161kov\u00e1<\/p>\n\n\n\n<p>Inka V\u00fdbohov\u00e1<\/p>\n\n\n\n<p class=\"has-huge-font-size\"><strong>W<\/strong><\/p>\n\n\n\n<p>Joanna Wiszniewska-Doma\u0144ska<\/p>\n\n\n\n<p><a href=\"https:\/\/www.artistsbookmartin.sk\/en\/kamil-wojucki\/\">Kamil Wojucki<\/a><\/p>\n\n\n\n<p><a href=\"https:\/\/www.artistsbookmartin.sk\/en\/krzysztof-wosik\/\">Krzysztof Wosik<\/a><\/p>\n\n\n\n<p><a href=\"https:\/\/www.artistsbookmartin.sk\/en\/magdalena-wosik\/\">Magdalena Wosik<\/a><\/p>\n\n\n\n<p>Elzbieta Wozniewska<\/p>\n\n\n\n<p class=\"has-huge-font-size\"><strong>X, Y, Z, \u017b<\/strong><\/p>\n\n\n\n<p><a href=\"https:\/\/www.artistsbookmartin.sk\/en\/yeting-xu\/\">Yeting Xu<\/a><\/p>\n\n\n\n<p><a href=\"https:\/\/www.artistsbookmartin.sk\/en\/iryna-zahladko\/\">Iryna Zahladko<\/a><\/p>\n\n\n\n<p><a href=\"https:\/\/www.artistsbookmartin.sk\/en\/2025\/02\/25\/katerina-zemanova-autorka\/\">Kate\u0159ina Zemanov\u00e1<\/a><\/p>\n\n\n\n<p><a href=\"https:\/\/www.artistsbookmartin.sk\/en\/magda-zmijowska\/\">Magda \u017bmijowska<\/a><\/p>\n\n\n\n<p>Ewa Latkowska-\u0179ychska<\/p>\n\n\n\n<p>Andrzej \u0179urek<\/p>","protected":false},"excerpt":{"rendered":"<p>A Nina Abramovi\u010dov\u00e1 Michal Adamovsk\u00fd \u00c9va Adorj\u00e1n Monika Aleksandrowicz Joanna Apanowicz Peter Augustovi\u010d B Jozef Bajus P\u00e9ter Bal\u00e1zs Kov\u00e1cs Katar\u00edna Bal\u00e1\u017eov\u00e1 Dora Balla Filip Bandur\u010din L\u00e1szl\u00f3&nbsp;Bandy Elzbieta Banecka M\u00e1rton Barab\u00e1s Svetlana Barankovskaya Anna Maria Bauer Andrzej Bednarczyk Igor Benca M\u00e1ria Be\u0148ov\u00e1 Anna M\u00e1ria Be\u0148ov\u00e1 Zsofia Bezer\u00e9di Kornelia Bia\u0142y Piotr Bies Bo\u017cenna Biskupska Cyril Bla\u017eo Milo\u0161 [&hellip;]<\/p>","protected":false},"author":2,"featured_media":0,"parent":0,"menu_order":0,"comment_status":"closed","ping_status":"closed","template":"","meta":{"_monsterinsights_skip_tracking":false,"_monsterinsights_sitenote_active":false,"_monsterinsights_sitenote_note":"","_monsterinsights_sitenote_category":0,"two_page_speed":[]},"_links":{"self":[{"href":"https:\/\/www.artistsbookmartin.sk\/en\/wp-json\/wp\/v2\/pages\/54"}],"collection":[{"href":"https:\/\/www.artistsbookmartin.sk\/en\/wp-json\/wp\/v2\/pages"}],"about":[{"href":"https:\/\/www.artistsbookmartin.sk\/en\/wp-json\/wp\/v2\/types\/page"}],"author":[{"embeddable":true,"href":"https:\/\/www.artistsbookmartin.sk\/en\/wp-json\/wp\/v2\/users\/2"}],"replies":[{"embeddable":true,"href":"https:\/\/www.artistsbookmartin.sk\/en\/wp-json\/wp\/v2\/comments?post=54"}],"version-history":[{"count":6,"href":"https:\/\/www.artistsbookmartin.sk\/en\/wp-json\/wp\/v2\/pages\/54\/revisions"}],"predecessor-version":[{"id":1765,"href":"https:\/\/www.artistsbookmartin.sk\/en\/wp-json\/wp\/v2\/pages\/54\/revisions\/1765"}],"wp:attachment":[{"href":"https:\/\/www.artistsbookmartin.sk\/en\/wp-json\/wp\/v2\/media?parent=54"}],"curies":[{"name":"wp","href":"https:\/\/api.w.org\/{rel}","templated":true}]}}