{"id":539,"date":"2021-10-23T21:24:55","date_gmt":"2021-10-23T19:24:55","guid":{"rendered":"https:\/\/www.artistsbookmartin.sk\/?page_id=539"},"modified":"2025-03-24T13:14:14","modified_gmt":"2025-03-24T12:14:14","slug":"stano-masar","status":"publish","type":"page","link":"https:\/\/www.artistsbookmartin.sk\/en\/autori_abecedne\/stano-masar\/","title":{"rendered":"Stano Mas\u00e1r"},"content":{"rendered":"<p><a href=\"#2024\">2024<\/a> | <a href=\"#2021\">2021<\/a> | <a href=\"#2016\">2016<\/a> | <a href=\"#2013\">2013<\/a> | <a href=\"#2010\">2010<\/a><\/p>\n\n\n\n<p><a href=\"http:\/\/www.stanomasar.com\" target=\"_blank\" rel=\"noreferrer noopener nofollow\">www.stanomasar.com<\/a><\/p>\n\n\n\n<hr class=\"wp-block-separator\" id=\"2024\"\/>\n\n\n\n<figure class=\"wp-block-image size-large\"><img loading=\"lazy\" width=\"818\" height=\"1024\" src=\"https:\/\/www.artistsbookmartin.sk\/wp-content\/uploads\/2025\/03\/stano-masar-2024-818x1024.jpeg\" alt=\"\" class=\"wp-image-1525\" srcset=\"https:\/\/www.artistsbookmartin.sk\/wp-content\/uploads\/2025\/03\/stano-masar-2024-818x1024.jpeg 818w, https:\/\/www.artistsbookmartin.sk\/wp-content\/uploads\/2025\/03\/stano-masar-2024-240x300.jpeg 240w, https:\/\/www.artistsbookmartin.sk\/wp-content\/uploads\/2025\/03\/stano-masar-2024-768x961.jpeg 768w, https:\/\/www.artistsbookmartin.sk\/wp-content\/uploads\/2025\/03\/stano-masar-2024-50x63.jpeg 50w, https:\/\/www.artistsbookmartin.sk\/wp-content\/uploads\/2025\/03\/stano-masar-2024-479x600.jpeg 479w, https:\/\/www.artistsbookmartin.sk\/wp-content\/uploads\/2025\/03\/stano-masar-2024-10x12.jpeg 10w, https:\/\/www.artistsbookmartin.sk\/wp-content\/uploads\/2025\/03\/stano-masar-2024.jpeg 826w\" sizes=\"(max-width: 818px) 100vw, 818px\" \/><\/figure>\n\n\n\n<p><strong>Truth and Love<\/strong><\/p>\n\n\n\n<p>light box<br>2022<\/p>\n\n\n\n<div class=\"wp-block-columns\">\n<div class=\"wp-block-column\">\n<p>\u201ePravda a l\u00e1ska s\u00fa slov\u00e1, ktory\u0301mi sa za\u010d\u00edna sl\u00e1vny vy\u0301rok V\u00e1clava Havla. Tieto slov\u00e1 boli odkazom na nov\u00fa v\u00edziu spolo\u010dnosti, v ktorej pravda a l\u00e1ska v\u00ed\u0165azia nad l\u017eou a nen\u00e1vis\u0165ou. T\u00e1to v\u00edzia sa na za\u010diatku 90. rokov stala leitmot\u00edvom cesty k slobode a demokracii v \u010cesku a na Slovensku. Po tridsiatich rokoch je t\u00e1to v\u00edzia st\u00e1le pr\u00edtomn\u00e1 ako d\u00f4kaz neust\u00e1leho boja medzi dobrom a zlom, ako jing-jang na\u0161ej spolo\u010dnej cesty v r\u00e1mci Eur\u00f3pskej \u00fanie. A dnes je t\u00e1to v\u00edzia aktu\u00e1lna aj v celom Eur\u00f3pskom priestore, kde s\u00fa demokratick\u00e9 hodnoty sk\u00fa\u0161an\u00e9 prejavmi popieraj\u00facimi a \u00fato\u010diacimi na l\u00e1sku a pravdu.<\/p>\n\n\n\n<p>\u010citatelia tohto posolstva vn\u00edmaj\u00fa, ako v ka\u017edodennom boji s minulos\u0165ou slabne intenzita tohto odkazu, ktory\u0301 v\u0161ak ob\u010das op\u00e4\u0165 z\u00edskava na sile a pripom\u00edna n\u00e1m svoju v\u00e1hu. Niekedy sa toto posolstvo st\u00e1va zrete\u013eny\u0301m, inokedy rozostreny\u0301m, prech\u00e1dzaj\u00fac \u010dasom medzi minulos\u0165ou a s\u00fa\u010dasnos\u0165ou, v imagin\u00e1rnom kontexte novy\u0301ch vy\u0301ziev boja demokracie proti nel\u00e1ske a nepravde.\u201c<\/p>\n<\/div>\n\n\n\n<div class=\"wp-block-column\">\n<p><em>\u201cTruth and love are the words that begin the famous statement of V\u00e1clav Havel. He was a reference for a new vision of society, where truth and love triumph over lies and hatred. This vision became the leitmotif on the way to freedom and democracy in the Czech Republic and Slovakia at the beginning of the 1990s. Aft er 30 years, this vision is still present, as proof of the constant battle between good and evil, a ying-yang on our common path, already in the European Union. And it is also relevant today in the whole of Europe, whose democratic foundation is being tested by expressions that deny and attack love and truth.<\/em><\/p>\n\n\n\n<p><em>And the readers of this message perceive in this daily struggle to the past the receding intensity of this message, sometimes strengthening again, reminded. Sometimes focused, sometimes out of focus, in the time between the past and today and in the imaginary context of the new challenges of democracy\u2019s fi ght against non-love and non-truth.\u201d<\/em><\/p>\n<\/div>\n<\/div>\n\n\n\n<hr class=\"wp-block-separator\"\/>\n\n\n\n<p>*1971, Bratislava, SK<\/p>\n\n\n\n<figure class=\"wp-block-image size-full\"><img loading=\"lazy\" width=\"1002\" height=\"687\" src=\"https:\/\/www.artistsbookmartin.sk\/wp-content\/uploads\/2021\/10\/Stano-Masa\u0301r.jpg\" alt=\"\" class=\"wp-image-540\" srcset=\"https:\/\/www.artistsbookmartin.sk\/wp-content\/uploads\/2021\/10\/Stano-Masa\u0301r.jpg 1002w, https:\/\/www.artistsbookmartin.sk\/wp-content\/uploads\/2021\/10\/Stano-Masa\u0301r-300x206.jpg 300w, https:\/\/www.artistsbookmartin.sk\/wp-content\/uploads\/2021\/10\/Stano-Masa\u0301r-768x527.jpg 768w\" sizes=\"(max-width: 1002px) 100vw, 1002px\" \/><\/figure>\n\n\n\n<figure class=\"wp-block-image size-large\"><img loading=\"lazy\" width=\"1024\" height=\"683\" src=\"https:\/\/www.artistsbookmartin.sk\/wp-content\/uploads\/2021\/12\/MG_1068-1024x683.jpg\" alt=\"\" class=\"wp-image-855\" srcset=\"https:\/\/www.artistsbookmartin.sk\/wp-content\/uploads\/2021\/12\/MG_1068-1024x683.jpg 1024w, https:\/\/www.artistsbookmartin.sk\/wp-content\/uploads\/2021\/12\/MG_1068-300x200.jpg 300w, https:\/\/www.artistsbookmartin.sk\/wp-content\/uploads\/2021\/12\/MG_1068-768x512.jpg 768w, https:\/\/www.artistsbookmartin.sk\/wp-content\/uploads\/2021\/12\/MG_1068-1600x1067.jpg 1600w, https:\/\/www.artistsbookmartin.sk\/wp-content\/uploads\/2021\/12\/MG_1068-1536x1024.jpg 1536w, https:\/\/www.artistsbookmartin.sk\/wp-content\/uploads\/2021\/12\/MG_1068-2048x1365.jpg 2048w, https:\/\/www.artistsbookmartin.sk\/wp-content\/uploads\/2021\/12\/MG_1068-18x12.jpg 18w\" sizes=\"(max-width: 1024px) 100vw, 1024px\" \/><\/figure>\n\n\n\n<p>PRA-PRA-PRAVDA<br>2019<\/p>\n\n\n\n<figure class=\"wp-block-gallery columns-1 is-cropped\"><ul class=\"blocks-gallery-grid\"><li class=\"blocks-gallery-item\"><figure><img loading=\"lazy\" width=\"1024\" height=\"703\" src=\"https:\/\/www.artistsbookmartin.sk\/wp-content\/uploads\/2021\/12\/MG_1040-1024x703.jpg\" alt=\"\" data-id=\"854\" data-full-url=\"https:\/\/www.artistsbookmartin.sk\/wp-content\/uploads\/2021\/12\/MG_1040.jpg\" data-link=\"https:\/\/www.artistsbookmartin.sk\/stano-masar\/mg_1040\/\" class=\"wp-image-854\" srcset=\"https:\/\/www.artistsbookmartin.sk\/wp-content\/uploads\/2021\/12\/MG_1040-1024x703.jpg 1024w, https:\/\/www.artistsbookmartin.sk\/wp-content\/uploads\/2021\/12\/MG_1040-300x206.jpg 300w, https:\/\/www.artistsbookmartin.sk\/wp-content\/uploads\/2021\/12\/MG_1040-768x527.jpg 768w, https:\/\/www.artistsbookmartin.sk\/wp-content\/uploads\/2021\/12\/MG_1040-1600x1098.jpg 1600w, https:\/\/www.artistsbookmartin.sk\/wp-content\/uploads\/2021\/12\/MG_1040-1536x1054.jpg 1536w, https:\/\/www.artistsbookmartin.sk\/wp-content\/uploads\/2021\/12\/MG_1040-2048x1405.jpg 2048w, https:\/\/www.artistsbookmartin.sk\/wp-content\/uploads\/2021\/12\/MG_1040-18x12.jpg 18w\" sizes=\"(max-width: 1024px) 100vw, 1024px\" \/><\/figure><\/li><\/ul><\/figure>\n\n\n\n<p>POST-NEWS-STORY<br>2020<\/p>","protected":false},"excerpt":{"rendered":"<p>2024 | 2021 | 2016 | 2013 | 2010 www.stanomasar.com Truth and Love light box2022 \u201ePravda a l\u00e1ska s\u00fa slov\u00e1, ktory\u0301mi sa za\u010d\u00edna sl\u00e1vny vy\u0301rok V\u00e1clava Havla. Tieto slov\u00e1 boli odkazom na nov\u00fa v\u00edziu spolo\u010dnosti, v ktorej pravda a l\u00e1ska v\u00ed\u0165azia nad l\u017eou a nen\u00e1vis\u0165ou. T\u00e1to v\u00edzia sa na za\u010diatku 90. rokov stala leitmot\u00edvom cesty [&hellip;]<\/p>","protected":false},"author":2,"featured_media":0,"parent":54,"menu_order":0,"comment_status":"closed","ping_status":"closed","template":"","meta":{"_monsterinsights_skip_tracking":false,"_monsterinsights_sitenote_active":false,"_monsterinsights_sitenote_note":"","_monsterinsights_sitenote_category":0,"two_page_speed":[]},"_links":{"self":[{"href":"https:\/\/www.artistsbookmartin.sk\/en\/wp-json\/wp\/v2\/pages\/539"}],"collection":[{"href":"https:\/\/www.artistsbookmartin.sk\/en\/wp-json\/wp\/v2\/pages"}],"about":[{"href":"https:\/\/www.artistsbookmartin.sk\/en\/wp-json\/wp\/v2\/types\/page"}],"author":[{"embeddable":true,"href":"https:\/\/www.artistsbookmartin.sk\/en\/wp-json\/wp\/v2\/users\/2"}],"replies":[{"embeddable":true,"href":"https:\/\/www.artistsbookmartin.sk\/en\/wp-json\/wp\/v2\/comments?post=539"}],"version-history":[{"count":5,"href":"https:\/\/www.artistsbookmartin.sk\/en\/wp-json\/wp\/v2\/pages\/539\/revisions"}],"predecessor-version":[{"id":1526,"href":"https:\/\/www.artistsbookmartin.sk\/en\/wp-json\/wp\/v2\/pages\/539\/revisions\/1526"}],"up":[{"embeddable":true,"href":"https:\/\/www.artistsbookmartin.sk\/en\/wp-json\/wp\/v2\/pages\/54"}],"wp:attachment":[{"href":"https:\/\/www.artistsbookmartin.sk\/en\/wp-json\/wp\/v2\/media?parent=539"}],"curies":[{"name":"wp","href":"https:\/\/api.w.org\/{rel}","templated":true}]}}