{"id":530,"date":"2021-10-23T21:20:12","date_gmt":"2021-10-23T19:20:12","guid":{"rendered":"https:\/\/www.artistsbookmartin.sk\/?page_id=530"},"modified":"2025-03-24T13:12:28","modified_gmt":"2025-03-24T12:12:28","slug":"jan-mericka-oedogonium-autorska-kniha-trienale-umenia-knihy-martin-artists-book-triennial-in-martin-turcianska-galeria-v-martine","status":"publish","type":"page","link":"https:\/\/www.artistsbookmartin.sk\/en\/autori_abecedne\/jan-mericka-oedogonium-autorska-kniha-trienale-umenia-knihy-martin-artists-book-triennial-in-martin-turcianska-galeria-v-martine\/","title":{"rendered":"Jan M\u011b\u0159i\u010dka"},"content":{"rendered":"<p><a href=\"#2024\" rel=\"nofollow\">2024<\/a> | <a href=\"#2021\" rel=\"nofollow\">2021<\/a><\/p>\n\n\n\n<hr class=\"wp-block-separator\" id=\"2024\"\/>\n\n\n\n<figure class=\"wp-block-image size-full\"><img loading=\"lazy\" width=\"1007\" height=\"769\" src=\"https:\/\/www.artistsbookmartin.sk\/wp-content\/uploads\/2025\/03\/jan-mericka-2024.jpeg\" alt=\"\" class=\"wp-image-1506\" srcset=\"https:\/\/www.artistsbookmartin.sk\/wp-content\/uploads\/2025\/03\/jan-mericka-2024.jpeg 1007w, https:\/\/www.artistsbookmartin.sk\/wp-content\/uploads\/2025\/03\/jan-mericka-2024-300x229.jpeg 300w, https:\/\/www.artistsbookmartin.sk\/wp-content\/uploads\/2025\/03\/jan-mericka-2024-768x586.jpeg 768w, https:\/\/www.artistsbookmartin.sk\/wp-content\/uploads\/2025\/03\/jan-mericka-2024-50x38.jpeg 50w, https:\/\/www.artistsbookmartin.sk\/wp-content\/uploads\/2025\/03\/jan-mericka-2024-1000x764.jpeg 1000w, https:\/\/www.artistsbookmartin.sk\/wp-content\/uploads\/2025\/03\/jan-mericka-2024-500x382.jpeg 500w, https:\/\/www.artistsbookmartin.sk\/wp-content\/uploads\/2025\/03\/jan-mericka-2024-16x12.jpeg 16w, https:\/\/www.artistsbookmartin.sk\/wp-content\/uploads\/2025\/03\/jan-mericka-2024-600x458.jpeg 600w\" sizes=\"(max-width: 1007px) 100vw, 1007px\" \/><\/figure>\n\n\n\n<p><strong>Hromada I \/ <em>Pile I<\/em><\/strong><\/p>\n\n\n\n<p>sie\u0165otla\u010d na kart\u00f3n \/ <em>screen print on cardboard<\/em><br>2023<\/p>\n\n\n\n<p><strong>Reload II<br><\/strong><br>sie\u0165otla\u010d na papieri \/ <em>screen print on paper<\/em><br>2024<\/p>\n\n\n\n<div class=\"wp-block-columns\">\n<div class=\"wp-block-column\">\n<p>\u201eSmrekovy\u0301 les vn\u00edmame ako neoddelite\u013en\u00fa s\u00fa\u010das\u0165 n\u00e1\u0161ho \u017eivotn\u00e9ho prostredia, upokojuj\u00faci temne zeleny\u0301 priestor. V procese jeho odumierania sa objavuje skryt\u00e1 anat\u00f3mia stromov, tvary znepokojuj\u00face, nezvy\u010dajn\u00e9, ale zvl\u00e1\u0161tnym sp\u00f4sobom pr\u00ed\u0165a\u017eliv\u00e9.<\/p>\n\n\n\n<p>Kresby spadnuty\u0301ch smrekovy\u0301ch kme\u0148ov a kon\u00e1rov som<br>vrstvil cez seba a tla\u010dil na ekokart\u00f3n, vyrobeny\u0301 z drevnej \u2013 smrekovej hmoty a sk\u00famal mo\u017enosti novy\u0301ch v\u00e4zieb v ich organizme.\u201c<\/p>\n<\/div>\n\n\n\n<div class=\"wp-block-column\">\n<p><em>\u201cWe perceive the spruce forest as an inseparable part of our environment, a calming, dark green space. In the process of its decay, the hidden anatomy of the trees emerges \u2013 shapes that are unsettling, unusual, yet strangely captivating.<\/em><\/p>\n\n\n\n<p><em>I layered drawings of fallen spruce trunks and branches over each other and pressed them onto eco-cardboard made from spruce wood fi bers, exploring the possibilities of new connections within their organism.\u201d<\/em><\/p>\n<\/div>\n<\/div>\n\n\n\n<hr class=\"wp-block-separator\" id=\"2021\"\/>\n\n\n\n<figure class=\"wp-block-gallery columns-1 is-cropped\"><ul class=\"blocks-gallery-grid\"><li class=\"blocks-gallery-item\"><figure><img loading=\"lazy\" width=\"1024\" height=\"682\" src=\"https:\/\/www.artistsbookmartin.sk\/wp-content\/uploads\/2021\/12\/MG_0995-2-1024x682.jpg\" alt=\"\" data-id=\"829\" data-full-url=\"https:\/\/www.artistsbookmartin.sk\/wp-content\/uploads\/2021\/12\/MG_0995-2.jpg\" data-link=\"https:\/\/www.artistsbookmartin.sk\/jan-mericka\/mg_0995-2\/\" class=\"wp-image-829\" srcset=\"https:\/\/www.artistsbookmartin.sk\/wp-content\/uploads\/2021\/12\/MG_0995-2-1024x682.jpg 1024w, https:\/\/www.artistsbookmartin.sk\/wp-content\/uploads\/2021\/12\/MG_0995-2-300x200.jpg 300w, https:\/\/www.artistsbookmartin.sk\/wp-content\/uploads\/2021\/12\/MG_0995-2-768x512.jpg 768w, https:\/\/www.artistsbookmartin.sk\/wp-content\/uploads\/2021\/12\/MG_0995-2-1600x1066.jpg 1600w, https:\/\/www.artistsbookmartin.sk\/wp-content\/uploads\/2021\/12\/MG_0995-2-1536x1024.jpg 1536w, https:\/\/www.artistsbookmartin.sk\/wp-content\/uploads\/2021\/12\/MG_0995-2-2048x1365.jpg 2048w, https:\/\/www.artistsbookmartin.sk\/wp-content\/uploads\/2021\/12\/MG_0995-2-18x12.jpg 18w\" sizes=\"(max-width: 1024px) 100vw, 1024px\" \/><\/figure><\/li><li class=\"blocks-gallery-item\"><figure><img loading=\"lazy\" width=\"1024\" height=\"683\" src=\"https:\/\/www.artistsbookmartin.sk\/wp-content\/uploads\/2021\/12\/MG_0997-3-1024x683.jpg\" alt=\"\" data-id=\"830\" data-full-url=\"https:\/\/www.artistsbookmartin.sk\/wp-content\/uploads\/2021\/12\/MG_0997-3.jpg\" data-link=\"https:\/\/www.artistsbookmartin.sk\/jan-mericka\/mg_0997-3\/\" class=\"wp-image-830\" srcset=\"https:\/\/www.artistsbookmartin.sk\/wp-content\/uploads\/2021\/12\/MG_0997-3-1024x683.jpg 1024w, https:\/\/www.artistsbookmartin.sk\/wp-content\/uploads\/2021\/12\/MG_0997-3-300x200.jpg 300w, https:\/\/www.artistsbookmartin.sk\/wp-content\/uploads\/2021\/12\/MG_0997-3-768x512.jpg 768w, https:\/\/www.artistsbookmartin.sk\/wp-content\/uploads\/2021\/12\/MG_0997-3-1600x1067.jpg 1600w, https:\/\/www.artistsbookmartin.sk\/wp-content\/uploads\/2021\/12\/MG_0997-3-1536x1024.jpg 1536w, https:\/\/www.artistsbookmartin.sk\/wp-content\/uploads\/2021\/12\/MG_0997-3-2048x1365.jpg 2048w, https:\/\/www.artistsbookmartin.sk\/wp-content\/uploads\/2021\/12\/MG_0997-3-18x12.jpg 18w\" sizes=\"(max-width: 1024px) 100vw, 1024px\" \/><\/figure><\/li><li class=\"blocks-gallery-item\"><figure><img loading=\"lazy\" width=\"1024\" height=\"683\" src=\"https:\/\/www.artistsbookmartin.sk\/wp-content\/uploads\/2021\/12\/MG_0999-2-1024x683.jpg\" alt=\"\" data-id=\"831\" data-full-url=\"https:\/\/www.artistsbookmartin.sk\/wp-content\/uploads\/2021\/12\/MG_0999-2.jpg\" data-link=\"https:\/\/www.artistsbookmartin.sk\/jan-mericka\/mg_0999-2\/\" class=\"wp-image-831\" srcset=\"https:\/\/www.artistsbookmartin.sk\/wp-content\/uploads\/2021\/12\/MG_0999-2-1024x683.jpg 1024w, https:\/\/www.artistsbookmartin.sk\/wp-content\/uploads\/2021\/12\/MG_0999-2-300x200.jpg 300w, https:\/\/www.artistsbookmartin.sk\/wp-content\/uploads\/2021\/12\/MG_0999-2-768x512.jpg 768w, https:\/\/www.artistsbookmartin.sk\/wp-content\/uploads\/2021\/12\/MG_0999-2-1600x1067.jpg 1600w, https:\/\/www.artistsbookmartin.sk\/wp-content\/uploads\/2021\/12\/MG_0999-2-1536x1024.jpg 1536w, https:\/\/www.artistsbookmartin.sk\/wp-content\/uploads\/2021\/12\/MG_0999-2-2048x1365.jpg 2048w, https:\/\/www.artistsbookmartin.sk\/wp-content\/uploads\/2021\/12\/MG_0999-2-18x12.jpg 18w\" sizes=\"(max-width: 1024px) 100vw, 1024px\" \/><\/figure><\/li><\/ul><\/figure>\n\n\n\n<p><strong>Oedogonium<\/strong><\/p>\n\n\n\n<p>2019<\/p>\n\n\n\n<p><strong>Oedogonium<\/strong><\/p>\n\n\n\n<p>2020<\/p>\n\n\n\n<p>Procesu\u00e1ln\u00ed autorsk\u00e1 kniha O<em>edogonium <\/em>je tvo\u0159en\u00e1 listy z \u0159asy na\u010derpan\u00e9 na s\u00edtu, usu\u0161en\u00e9 na slunci bez jak\u00fdchkoli dal\u0161\u00edch p\u0159\u00edm\u011bs\u00ed. Ka\u017ed\u00fd rok vznik\u00e1 nov\u00fd svazek, kter\u00fd se rok od roku li\u0161\u00ed prom\u011bnlivou pospolitost\u00ed druh\u016f v z\u00e1vislosti na v\u00fdkyvech klimatu. Z\u00e1kladn\u00ed strukturu vytv\u00e1\u0159\u00ed druh <em>oedogonium<\/em>, s jednoduch\u00fdmi nebo rozv\u011btven\u00fdmi vl\u00e1kny s s \u0159adou zvl\u00e1\u0161tn\u00edch v\u00fdb\u011b\u017ek\u016f a prstenci bi\u010d\u00edk\u016f a roj\u016f &#8211; androspor. Spolu s dal\u0161\u00edmi neidentifikovan\u00fdni rostlinn\u00fdmi a \u017eivo\u010di\u0161n\u00fdmi druhy je to mikrokosmos s\u00e1m pro sebe, kter\u00fd se v parn\u00e9m l\u00e9t\u011b rozpadne. Kniha je zakonzervovanou stopou cel\u00e9 t\u00e9to slo\u017eit\u00e9 struktury.<\/p>\n\n\n\n<p><\/p>","protected":false},"excerpt":{"rendered":"<p>2024 | 2021 Hromada I \/ Pile I sie\u0165otla\u010d na kart\u00f3n \/ screen print on cardboard2023 Reload IIsie\u0165otla\u010d na papieri \/ screen print on paper2024 \u201eSmrekovy\u0301 les vn\u00edmame ako neoddelite\u013en\u00fa s\u00fa\u010das\u0165 n\u00e1\u0161ho \u017eivotn\u00e9ho prostredia, upokojuj\u00faci temne zeleny\u0301 priestor. V procese jeho odumierania sa objavuje skryt\u00e1 anat\u00f3mia stromov, tvary znepokojuj\u00face, nezvy\u010dajn\u00e9, ale zvl\u00e1\u0161tnym sp\u00f4sobom pr\u00ed\u0165a\u017eliv\u00e9. Kresby [&hellip;]<\/p>","protected":false},"author":2,"featured_media":0,"parent":54,"menu_order":0,"comment_status":"closed","ping_status":"closed","template":"","meta":{"_monsterinsights_skip_tracking":false,"_monsterinsights_sitenote_active":false,"_monsterinsights_sitenote_note":"","_monsterinsights_sitenote_category":0,"two_page_speed":[]},"_links":{"self":[{"href":"https:\/\/www.artistsbookmartin.sk\/en\/wp-json\/wp\/v2\/pages\/530"}],"collection":[{"href":"https:\/\/www.artistsbookmartin.sk\/en\/wp-json\/wp\/v2\/pages"}],"about":[{"href":"https:\/\/www.artistsbookmartin.sk\/en\/wp-json\/wp\/v2\/types\/page"}],"author":[{"embeddable":true,"href":"https:\/\/www.artistsbookmartin.sk\/en\/wp-json\/wp\/v2\/users\/2"}],"replies":[{"embeddable":true,"href":"https:\/\/www.artistsbookmartin.sk\/en\/wp-json\/wp\/v2\/comments?post=530"}],"version-history":[{"count":6,"href":"https:\/\/www.artistsbookmartin.sk\/en\/wp-json\/wp\/v2\/pages\/530\/revisions"}],"predecessor-version":[{"id":1508,"href":"https:\/\/www.artistsbookmartin.sk\/en\/wp-json\/wp\/v2\/pages\/530\/revisions\/1508"}],"up":[{"embeddable":true,"href":"https:\/\/www.artistsbookmartin.sk\/en\/wp-json\/wp\/v2\/pages\/54"}],"wp:attachment":[{"href":"https:\/\/www.artistsbookmartin.sk\/en\/wp-json\/wp\/v2\/media?parent=530"}],"curies":[{"name":"wp","href":"https:\/\/api.w.org\/{rel}","templated":true}]}}