{"id":479,"date":"2021-10-23T20:58:58","date_gmt":"2021-10-23T18:58:58","guid":{"rendered":"https:\/\/www.artistsbookmartin.sk\/?page_id=479"},"modified":"2025-03-24T13:09:43","modified_gmt":"2025-03-24T12:09:43","slug":"andrea-pezman","status":"publish","type":"page","link":"https:\/\/www.artistsbookmartin.sk\/en\/autori_abecedne\/andrea-pezman\/","title":{"rendered":"Andrea P\u00e9zman"},"content":{"rendered":"<p><a href=\"#2024\" rel=\"nofollow\">2024<\/a> | <a href=\"#2021\">2021<\/a> | <a href=\"#2017\" rel=\"nofollow\">2017<\/a><\/p>\n\n\n\n<hr class=\"wp-block-separator\" id=\"2024\"\/>\n\n\n\n<figure class=\"wp-block-image size-full\"><img loading=\"lazy\" width=\"1005\" height=\"658\" src=\"https:\/\/www.artistsbookmartin.sk\/wp-content\/uploads\/2025\/03\/andrea-pezman-2024.jpeg\" alt=\"\" class=\"wp-image-1486\" srcset=\"https:\/\/www.artistsbookmartin.sk\/wp-content\/uploads\/2025\/03\/andrea-pezman-2024.jpeg 1005w, https:\/\/www.artistsbookmartin.sk\/wp-content\/uploads\/2025\/03\/andrea-pezman-2024-300x196.jpeg 300w, https:\/\/www.artistsbookmartin.sk\/wp-content\/uploads\/2025\/03\/andrea-pezman-2024-768x503.jpeg 768w, https:\/\/www.artistsbookmartin.sk\/wp-content\/uploads\/2025\/03\/andrea-pezman-2024-50x33.jpeg 50w, https:\/\/www.artistsbookmartin.sk\/wp-content\/uploads\/2025\/03\/andrea-pezman-2024-1000x655.jpeg 1000w, https:\/\/www.artistsbookmartin.sk\/wp-content\/uploads\/2025\/03\/andrea-pezman-2024-500x327.jpeg 500w, https:\/\/www.artistsbookmartin.sk\/wp-content\/uploads\/2025\/03\/andrea-pezman-2024-18x12.jpeg 18w, https:\/\/www.artistsbookmartin.sk\/wp-content\/uploads\/2025\/03\/andrea-pezman-2024-600x393.jpeg 600w\" sizes=\"(max-width: 1005px) 100vw, 1005px\" \/><\/figure>\n\n\n\n<p>Vy\u0301kyvy (projekt Statick\u00e9 pr\u00fadenie) \/ <strong>Fluctuations (Project Static flow)<\/strong><\/p>\n\n\n\n<p>sie\u0165otla\u010d, papier \/ <em>serigraphy, paper<\/em><br>2024<\/p>\n\n\n\n<div class=\"wp-block-columns\">\n<div class=\"wp-block-column\">\n<p>\u201eProjekt sa venuje ot\u00e1zke vz\u00e1jomnej komunik\u00e1cie, \u0161tylizuje pr\u00edle\u017eitosti a obmedzenia stretnutia a kontaktu medzi dvoma stranami do syst\u00e9mu vz\u0165ahov dvoch stoli\u010diek. Minimalisticky\u0301, obna\u017eeny\u0301 vzh\u013ead tie\u017e nazna\u010duje, \u017ee asertivita a \u010disty\u0301 dial\u00f3g v komunik\u00e1cii m\u00f4\u017eu vies\u0165 k najlep\u0161\u00edm vy\u0301sledkom, ale z\u00e1rove\u0148 kontakt v\u017edy obsahuje improviza\u010dn\u00e9, intuit\u00edvne prvky, preto\u017ee vz\u0165ahy s\u00fa pod vplyvom mnohy\u0301ch okolnost\u00ed, neust\u00e1le sa menia, s\u00fa labiln\u00e9, tak\u017ee k \u00faspe\u0161nej komunik\u00e1cii je nevyhnutn\u00e1 spolupr\u00e1ca.\u201c<\/p>\n<\/div>\n\n\n\n<div class=\"wp-block-column\">\n<p><em>\u201cThe project explores mutual communication, stylizing the opportunities and limitations of a meeting and contact between two parties into a system of relationships between two chairs. The minimalist, stripped-down appearance also suggests that assertiveness and clear dialogue in communication can lead to the best outcomes, but at the same time, contact always contains improvisational, intuitive elements because relationships are infl uenced by many circumstances, they constantly change and are unstable. Therefore, cooperation is essential for successful communication.\u201d<\/em><\/p>\n<\/div>\n<\/div>\n\n\n\n<hr class=\"wp-block-separator\" id=\"2021\"\/>\n\n\n\n<figure class=\"wp-block-image size-full is-resized\"><img loading=\"lazy\" src=\"https:\/\/www.artistsbookmartin.sk\/wp-content\/uploads\/2021\/10\/Andrea-Pe\u0301zman2.jpg\" alt=\"\" class=\"wp-image-481\" width=\"840\" height=\"504\" srcset=\"https:\/\/www.artistsbookmartin.sk\/wp-content\/uploads\/2021\/10\/Andrea-Pe\u0301zman2.jpg 1002w, https:\/\/www.artistsbookmartin.sk\/wp-content\/uploads\/2021\/10\/Andrea-Pe\u0301zman2-300x180.jpg 300w, https:\/\/www.artistsbookmartin.sk\/wp-content\/uploads\/2021\/10\/Andrea-Pe\u0301zman2-768x461.jpg 768w\" sizes=\"(max-width: 840px) 100vw, 840px\" \/><\/figure>\n\n\n\n<figure class=\"wp-block-gallery columns-1 is-cropped\"><ul class=\"blocks-gallery-grid\"><li class=\"blocks-gallery-item\"><figure><img loading=\"lazy\" width=\"1024\" height=\"683\" src=\"https:\/\/www.artistsbookmartin.sk\/wp-content\/uploads\/2021\/12\/MG_1054-1-1024x683.jpg\" alt=\"\" data-id=\"885\" data-full-url=\"https:\/\/www.artistsbookmartin.sk\/wp-content\/uploads\/2021\/12\/MG_1054-1.jpg\" data-link=\"https:\/\/www.artistsbookmartin.sk\/andrea-pezman\/mg_1054-1\/\" class=\"wp-image-885\" srcset=\"https:\/\/www.artistsbookmartin.sk\/wp-content\/uploads\/2021\/12\/MG_1054-1-1024x683.jpg 1024w, https:\/\/www.artistsbookmartin.sk\/wp-content\/uploads\/2021\/12\/MG_1054-1-300x200.jpg 300w, https:\/\/www.artistsbookmartin.sk\/wp-content\/uploads\/2021\/12\/MG_1054-1-768x512.jpg 768w, https:\/\/www.artistsbookmartin.sk\/wp-content\/uploads\/2021\/12\/MG_1054-1-1600x1067.jpg 1600w, https:\/\/www.artistsbookmartin.sk\/wp-content\/uploads\/2021\/12\/MG_1054-1-1536x1024.jpg 1536w, https:\/\/www.artistsbookmartin.sk\/wp-content\/uploads\/2021\/12\/MG_1054-1-2048x1365.jpg 2048w, https:\/\/www.artistsbookmartin.sk\/wp-content\/uploads\/2021\/12\/MG_1054-1-18x12.jpg 18w\" sizes=\"(max-width: 1024px) 100vw, 1024px\" \/><\/figure><\/li><\/ul><\/figure>\n\n\n\n<p><strong>Vlna spomienok<\/strong><\/p>\n\n\n\n<p>2021<\/p>\n\n\n\n<hr class=\"wp-block-separator\" id=\"2017\"\/>\n\n\n\n<figure class=\"wp-block-image size-full\"><img loading=\"lazy\" width=\"1002\" height=\"708\" src=\"https:\/\/www.artistsbookmartin.sk\/wp-content\/uploads\/2021\/10\/Andrea-Pe\u0301zman1.jpg\" alt=\"\" class=\"wp-image-480\" srcset=\"https:\/\/www.artistsbookmartin.sk\/wp-content\/uploads\/2021\/10\/Andrea-Pe\u0301zman1.jpg 1002w, https:\/\/www.artistsbookmartin.sk\/wp-content\/uploads\/2021\/10\/Andrea-Pe\u0301zman1-300x212.jpg 300w, https:\/\/www.artistsbookmartin.sk\/wp-content\/uploads\/2021\/10\/Andrea-Pe\u0301zman1-768x543.jpg 768w\" sizes=\"(max-width: 1002px) 100vw, 1002px\" \/><\/figure>\n\n\n\n<p><strong>\u017divot sa odv\u00edja<\/strong><\/p>\n\n\n\n<p>2017<\/p>","protected":false},"excerpt":{"rendered":"<p>2024 | 2021 | 2017 Vy\u0301kyvy (projekt Statick\u00e9 pr\u00fadenie) \/ Fluctuations (Project Static flow) sie\u0165otla\u010d, papier \/ serigraphy, paper2024 \u201eProjekt sa venuje ot\u00e1zke vz\u00e1jomnej komunik\u00e1cie, \u0161tylizuje pr\u00edle\u017eitosti a obmedzenia stretnutia a kontaktu medzi dvoma stranami do syst\u00e9mu vz\u0165ahov dvoch stoli\u010diek. Minimalisticky\u0301, obna\u017eeny\u0301 vzh\u013ead tie\u017e nazna\u010duje, \u017ee asertivita a \u010disty\u0301 dial\u00f3g v komunik\u00e1cii m\u00f4\u017eu vies\u0165 k [&hellip;]<\/p>","protected":false},"author":2,"featured_media":0,"parent":54,"menu_order":0,"comment_status":"closed","ping_status":"closed","template":"","meta":{"_monsterinsights_skip_tracking":false,"_monsterinsights_sitenote_active":false,"_monsterinsights_sitenote_note":"","_monsterinsights_sitenote_category":0,"two_page_speed":[]},"_links":{"self":[{"href":"https:\/\/www.artistsbookmartin.sk\/en\/wp-json\/wp\/v2\/pages\/479"}],"collection":[{"href":"https:\/\/www.artistsbookmartin.sk\/en\/wp-json\/wp\/v2\/pages"}],"about":[{"href":"https:\/\/www.artistsbookmartin.sk\/en\/wp-json\/wp\/v2\/types\/page"}],"author":[{"embeddable":true,"href":"https:\/\/www.artistsbookmartin.sk\/en\/wp-json\/wp\/v2\/users\/2"}],"replies":[{"embeddable":true,"href":"https:\/\/www.artistsbookmartin.sk\/en\/wp-json\/wp\/v2\/comments?post=479"}],"version-history":[{"count":3,"href":"https:\/\/www.artistsbookmartin.sk\/en\/wp-json\/wp\/v2\/pages\/479\/revisions"}],"predecessor-version":[{"id":1487,"href":"https:\/\/www.artistsbookmartin.sk\/en\/wp-json\/wp\/v2\/pages\/479\/revisions\/1487"}],"up":[{"embeddable":true,"href":"https:\/\/www.artistsbookmartin.sk\/en\/wp-json\/wp\/v2\/pages\/54"}],"wp:attachment":[{"href":"https:\/\/www.artistsbookmartin.sk\/en\/wp-json\/wp\/v2\/media?parent=479"}],"curies":[{"name":"wp","href":"https:\/\/api.w.org\/{rel}","templated":true}]}}