{"id":469,"date":"2021-10-23T20:55:42","date_gmt":"2021-10-23T18:55:42","guid":{"rendered":"https:\/\/www.artistsbookmartin.sk\/?page_id=469"},"modified":"2025-03-24T13:14:14","modified_gmt":"2025-03-24T12:14:14","slug":"sara-richter","status":"publish","type":"page","link":"https:\/\/www.artistsbookmartin.sk\/en\/autori_abecedne\/sara-richter\/","title":{"rendered":"S\u00e1ra Richter"},"content":{"rendered":"<p><a href=\"#2024\" rel=\"nofollow\">2024<\/a> | <a href=\"#2013\" rel=\"nofollow\">2013<\/a><\/p>\n\n\n\n<hr class=\"wp-block-separator\" id=\"2024\"\/>\n\n\n\n<figure class=\"wp-block-image size-full is-resized\"><img loading=\"lazy\" src=\"https:\/\/www.artistsbookmartin.sk\/wp-content\/uploads\/2025\/03\/sara-richter-1-2024.jpeg\" alt=\"\" class=\"wp-image-1465\" width=\"822\" height=\"530\" srcset=\"https:\/\/www.artistsbookmartin.sk\/wp-content\/uploads\/2025\/03\/sara-richter-1-2024.jpeg 822w, https:\/\/www.artistsbookmartin.sk\/wp-content\/uploads\/2025\/03\/sara-richter-1-2024-300x193.jpeg 300w, https:\/\/www.artistsbookmartin.sk\/wp-content\/uploads\/2025\/03\/sara-richter-1-2024-768x495.jpeg 768w, https:\/\/www.artistsbookmartin.sk\/wp-content\/uploads\/2025\/03\/sara-richter-1-2024-50x32.jpeg 50w, https:\/\/www.artistsbookmartin.sk\/wp-content\/uploads\/2025\/03\/sara-richter-1-2024-500x322.jpeg 500w, https:\/\/www.artistsbookmartin.sk\/wp-content\/uploads\/2025\/03\/sara-richter-1-2024-18x12.jpeg 18w, https:\/\/www.artistsbookmartin.sk\/wp-content\/uploads\/2025\/03\/sara-richter-1-2024-600x387.jpeg 600w\" sizes=\"(max-width: 822px) 100vw, 822px\" \/><\/figure>\n\n\n\n<p><strong>Existence<\/strong><\/p>\n\n\n\n<p>pl\u00e1tno, digit\u00e1lna tla\u010d, vy\u0301\u0161ivka \/ <em>canvas, digital print, embroidery<\/em><br>2023<\/p>\n\n\n\n<figure class=\"wp-block-image size-full\"><img loading=\"lazy\" width=\"822\" height=\"548\" src=\"https:\/\/www.artistsbookmartin.sk\/wp-content\/uploads\/2025\/03\/sara-richter-2-2024.jpeg\" alt=\"\" class=\"wp-image-1466\" srcset=\"https:\/\/www.artistsbookmartin.sk\/wp-content\/uploads\/2025\/03\/sara-richter-2-2024.jpeg 822w, https:\/\/www.artistsbookmartin.sk\/wp-content\/uploads\/2025\/03\/sara-richter-2-2024-300x200.jpeg 300w, https:\/\/www.artistsbookmartin.sk\/wp-content\/uploads\/2025\/03\/sara-richter-2-2024-768x512.jpeg 768w, https:\/\/www.artistsbookmartin.sk\/wp-content\/uploads\/2025\/03\/sara-richter-2-2024-50x33.jpeg 50w, https:\/\/www.artistsbookmartin.sk\/wp-content\/uploads\/2025\/03\/sara-richter-2-2024-500x333.jpeg 500w, https:\/\/www.artistsbookmartin.sk\/wp-content\/uploads\/2025\/03\/sara-richter-2-2024-18x12.jpeg 18w, https:\/\/www.artistsbookmartin.sk\/wp-content\/uploads\/2025\/03\/sara-richter-2-2024-600x400.jpeg 600w\" sizes=\"(max-width: 822px) 100vw, 822px\" \/><\/figure>\n\n\n\n<p><strong><em>Ruptures<\/em><\/strong><\/p>\n\n\n\n<p>pl\u00e1tno, hodv\u00e1b, digit\u00e1lna tla\u010d, ekotla\u010d \/ <em>canvas, silk, digital print, ecoprint<\/em><br>2024<\/p>\n\n\n\n<p><a href=\"http:\/\/www.richtersara.hu\" target=\"_blank\" rel=\"noreferrer noopener nofollow\">www.richtersara.hu<\/a><\/p>\n\n\n\n<hr class=\"wp-block-separator\" id=\"2013\"\/>\n\n\n\n<figure class=\"wp-block-image size-full\"><img loading=\"lazy\" width=\"1002\" height=\"687\" src=\"https:\/\/www.artistsbookmartin.sk\/wp-content\/uploads\/2021\/10\/Sa\u0301ra-Richter.jpg\" alt=\"\" class=\"wp-image-470\" srcset=\"https:\/\/www.artistsbookmartin.sk\/wp-content\/uploads\/2021\/10\/Sa\u0301ra-Richter.jpg 1002w, https:\/\/www.artistsbookmartin.sk\/wp-content\/uploads\/2021\/10\/Sa\u0301ra-Richter-300x206.jpg 300w, https:\/\/www.artistsbookmartin.sk\/wp-content\/uploads\/2021\/10\/Sa\u0301ra-Richter-768x527.jpg 768w\" sizes=\"(max-width: 1002px) 100vw, 1002px\" \/><\/figure>\n\n\n\n<p><strong>Judgment I. \u2013 VII.<\/strong><\/p>\n\n\n\n<p>2013<\/p>","protected":false},"excerpt":{"rendered":"<p>2024 | 2013 Existence pl\u00e1tno, digit\u00e1lna tla\u010d, vy\u0301\u0161ivka \/ canvas, digital print, embroidery2023 Ruptures pl\u00e1tno, hodv\u00e1b, digit\u00e1lna tla\u010d, ekotla\u010d \/ canvas, silk, digital print, ecoprint2024 www.richtersara.hu Judgment I. \u2013 VII. 2013<\/p>","protected":false},"author":2,"featured_media":0,"parent":54,"menu_order":0,"comment_status":"closed","ping_status":"closed","template":"","meta":{"_monsterinsights_skip_tracking":false,"_monsterinsights_sitenote_active":false,"_monsterinsights_sitenote_note":"","_monsterinsights_sitenote_category":0,"two_page_speed":[]},"_links":{"self":[{"href":"https:\/\/www.artistsbookmartin.sk\/en\/wp-json\/wp\/v2\/pages\/469"}],"collection":[{"href":"https:\/\/www.artistsbookmartin.sk\/en\/wp-json\/wp\/v2\/pages"}],"about":[{"href":"https:\/\/www.artistsbookmartin.sk\/en\/wp-json\/wp\/v2\/types\/page"}],"author":[{"embeddable":true,"href":"https:\/\/www.artistsbookmartin.sk\/en\/wp-json\/wp\/v2\/users\/2"}],"replies":[{"embeddable":true,"href":"https:\/\/www.artistsbookmartin.sk\/en\/wp-json\/wp\/v2\/comments?post=469"}],"version-history":[{"count":3,"href":"https:\/\/www.artistsbookmartin.sk\/en\/wp-json\/wp\/v2\/pages\/469\/revisions"}],"predecessor-version":[{"id":1468,"href":"https:\/\/www.artistsbookmartin.sk\/en\/wp-json\/wp\/v2\/pages\/469\/revisions\/1468"}],"up":[{"embeddable":true,"href":"https:\/\/www.artistsbookmartin.sk\/en\/wp-json\/wp\/v2\/pages\/54"}],"wp:attachment":[{"href":"https:\/\/www.artistsbookmartin.sk\/en\/wp-json\/wp\/v2\/media?parent=469"}],"curies":[{"name":"wp","href":"https:\/\/api.w.org\/{rel}","templated":true}]}}