{"id":426,"date":"2021-10-22T20:15:04","date_gmt":"2021-10-22T18:15:04","guid":{"rendered":"https:\/\/www.artistsbookmartin.sk\/?page_id=426"},"modified":"2025-03-24T13:15:08","modified_gmt":"2025-03-24T12:15:08","slug":"zuzana-sebelova","status":"publish","type":"page","link":"https:\/\/www.artistsbookmartin.sk\/en\/autori_abecedne\/zuzana-sebelova\/","title":{"rendered":"Zuzana \u0160ebelov\u00e1"},"content":{"rendered":"<p><a href=\"#2024\" rel=\"nofollow\">2024<\/a> | <a href=\"#2017\">2017<\/a><\/p>\n\n\n\n<hr class=\"wp-block-separator\" id=\"2024\"\/>\n\n\n\n<figure class=\"wp-block-image size-full\"><img loading=\"lazy\" width=\"821\" height=\"549\" src=\"https:\/\/www.artistsbookmartin.sk\/wp-content\/uploads\/2025\/03\/zuzana-sebelova-1-2024.jpeg\" alt=\"\" class=\"wp-image-1407\" srcset=\"https:\/\/www.artistsbookmartin.sk\/wp-content\/uploads\/2025\/03\/zuzana-sebelova-1-2024.jpeg 821w, https:\/\/www.artistsbookmartin.sk\/wp-content\/uploads\/2025\/03\/zuzana-sebelova-1-2024-300x201.jpeg 300w, https:\/\/www.artistsbookmartin.sk\/wp-content\/uploads\/2025\/03\/zuzana-sebelova-1-2024-768x514.jpeg 768w, https:\/\/www.artistsbookmartin.sk\/wp-content\/uploads\/2025\/03\/zuzana-sebelova-1-2024-50x33.jpeg 50w, https:\/\/www.artistsbookmartin.sk\/wp-content\/uploads\/2025\/03\/zuzana-sebelova-1-2024-500x334.jpeg 500w, https:\/\/www.artistsbookmartin.sk\/wp-content\/uploads\/2025\/03\/zuzana-sebelova-1-2024-18x12.jpeg 18w, https:\/\/www.artistsbookmartin.sk\/wp-content\/uploads\/2025\/03\/zuzana-sebelova-1-2024-600x401.jpeg 600w\" sizes=\"(max-width: 821px) 100vw, 821px\" \/><\/figure>\n\n\n\n<figure class=\"wp-block-image size-full\"><img loading=\"lazy\" width=\"820\" height=\"549\" src=\"https:\/\/www.artistsbookmartin.sk\/wp-content\/uploads\/2025\/03\/zuzana-sebelova-2-2024.jpeg\" alt=\"\" class=\"wp-image-1408\" srcset=\"https:\/\/www.artistsbookmartin.sk\/wp-content\/uploads\/2025\/03\/zuzana-sebelova-2-2024.jpeg 820w, https:\/\/www.artistsbookmartin.sk\/wp-content\/uploads\/2025\/03\/zuzana-sebelova-2-2024-300x201.jpeg 300w, https:\/\/www.artistsbookmartin.sk\/wp-content\/uploads\/2025\/03\/zuzana-sebelova-2-2024-768x514.jpeg 768w, https:\/\/www.artistsbookmartin.sk\/wp-content\/uploads\/2025\/03\/zuzana-sebelova-2-2024-50x33.jpeg 50w, https:\/\/www.artistsbookmartin.sk\/wp-content\/uploads\/2025\/03\/zuzana-sebelova-2-2024-500x335.jpeg 500w, https:\/\/www.artistsbookmartin.sk\/wp-content\/uploads\/2025\/03\/zuzana-sebelova-2-2024-18x12.jpeg 18w, https:\/\/www.artistsbookmartin.sk\/wp-content\/uploads\/2025\/03\/zuzana-sebelova-2-2024-600x402.jpeg 600w\" sizes=\"(max-width: 820px) 100vw, 820px\" \/><\/figure>\n\n\n\n<p><strong>Over Your Heads the Trees Will Grow<\/strong><\/p>\n\n\n\n<p>papier, kart\u00f3n \/ <em>paper, cardboard<\/em><br>2024<\/p>\n\n\n\n<p><a href=\"http:\/\/www.behance.net\/ZuzanaSebelova\" target=\"_blank\" rel=\"noreferrer noopener nofollow\">www.behance.net\/ZuzanaSebelova<\/a><\/p>\n\n\n\n<div class=\"wp-block-columns\">\n<div class=\"wp-block-column\">\n<p>\u201eVe\u010dny\u0301 s\u00faboj mesta a pr\u00edrody, \u017eiad\u00facej vy\u0301stavby aj mizn\u00facich pr\u00edrodny\u0301ch pl\u00f4ch tvor\u00ed nepretr\u017eity\u0301 kolobeh. Jedna f\u00e1za sa prel\u00edna do druhej bez zjavn\u00e9ho ukon\u010denia.\u201c<\/p>\n<\/div>\n\n\n\n<div class=\"wp-block-column\">\n<p><em>The endless struggle between the city and nature, desired development and disappearing natural spaces, forms an uninterrupted cycle. One phase blends into the next without a clear conclusion.\u201d<\/em><\/p>\n<\/div>\n<\/div>\n\n\n\n<hr class=\"wp-block-separator\" id=\"2017\"\/>\n\n\n\n<figure class=\"wp-block-image size-full\"><img loading=\"lazy\" width=\"1002\" height=\"652\" src=\"https:\/\/www.artistsbookmartin.sk\/wp-content\/uploads\/2021\/10\/Zuzana-S\u030cebelova\u0301.jpg\" alt=\"\" class=\"wp-image-427\" srcset=\"https:\/\/www.artistsbookmartin.sk\/wp-content\/uploads\/2021\/10\/Zuzana-S\u030cebelova\u0301.jpg 1002w, https:\/\/www.artistsbookmartin.sk\/wp-content\/uploads\/2021\/10\/Zuzana-S\u030cebelova\u0301-300x195.jpg 300w, https:\/\/www.artistsbookmartin.sk\/wp-content\/uploads\/2021\/10\/Zuzana-S\u030cebelova\u0301-768x500.jpg 768w\" sizes=\"(max-width: 1002px) 100vw, 1002px\" \/><\/figure>\n\n\n\n<p><strong>Astron\u00f3mium<\/strong><\/p>\n\n\n\n<p>2017<\/p>","protected":false},"excerpt":{"rendered":"<p>2024 | 2017 Over Your Heads the Trees Will Grow papier, kart\u00f3n \/ paper, cardboard2024 www.behance.net\/ZuzanaSebelova \u201eVe\u010dny\u0301 s\u00faboj mesta a pr\u00edrody, \u017eiad\u00facej vy\u0301stavby aj mizn\u00facich pr\u00edrodny\u0301ch pl\u00f4ch tvor\u00ed nepretr\u017eity\u0301 kolobeh. Jedna f\u00e1za sa prel\u00edna do druhej bez zjavn\u00e9ho ukon\u010denia.\u201c The endless struggle between the city and nature, desired development and disappearing natural spaces, forms an [&hellip;]<\/p>","protected":false},"author":2,"featured_media":0,"parent":54,"menu_order":0,"comment_status":"closed","ping_status":"closed","template":"","meta":{"_monsterinsights_skip_tracking":false,"_monsterinsights_sitenote_active":false,"_monsterinsights_sitenote_note":"","_monsterinsights_sitenote_category":0,"two_page_speed":[]},"_links":{"self":[{"href":"https:\/\/www.artistsbookmartin.sk\/en\/wp-json\/wp\/v2\/pages\/426"}],"collection":[{"href":"https:\/\/www.artistsbookmartin.sk\/en\/wp-json\/wp\/v2\/pages"}],"about":[{"href":"https:\/\/www.artistsbookmartin.sk\/en\/wp-json\/wp\/v2\/types\/page"}],"author":[{"embeddable":true,"href":"https:\/\/www.artistsbookmartin.sk\/en\/wp-json\/wp\/v2\/users\/2"}],"replies":[{"embeddable":true,"href":"https:\/\/www.artistsbookmartin.sk\/en\/wp-json\/wp\/v2\/comments?post=426"}],"version-history":[{"count":4,"href":"https:\/\/www.artistsbookmartin.sk\/en\/wp-json\/wp\/v2\/pages\/426\/revisions"}],"predecessor-version":[{"id":1412,"href":"https:\/\/www.artistsbookmartin.sk\/en\/wp-json\/wp\/v2\/pages\/426\/revisions\/1412"}],"up":[{"embeddable":true,"href":"https:\/\/www.artistsbookmartin.sk\/en\/wp-json\/wp\/v2\/pages\/54"}],"wp:attachment":[{"href":"https:\/\/www.artistsbookmartin.sk\/en\/wp-json\/wp\/v2\/media?parent=426"}],"curies":[{"name":"wp","href":"https:\/\/api.w.org\/{rel}","templated":true}]}}