{"id":420,"date":"2021-10-22T20:12:11","date_gmt":"2021-10-22T18:12:11","guid":{"rendered":"https:\/\/www.artistsbookmartin.sk\/?page_id=420"},"modified":"2025-03-24T13:12:28","modified_gmt":"2025-03-24T12:12:28","slug":"katarina-skamlova","status":"publish","type":"page","link":"https:\/\/www.artistsbookmartin.sk\/en\/autori_abecedne\/katarina-skamlova\/","title":{"rendered":"Katar\u00edna \u0160kamlov\u00e1"},"content":{"rendered":"<p>*1993 in Lu\u010denec, Slovakia<\/p>\n\n\n\n<p><\/p>\n\n\n\n<p>2012 \u2013 2018&nbsp;&nbsp;&nbsp; Academy of Fine Arts and Designs in Bratislava, Slovakia<\/p>\n\n\n\n<p>2014 \u2013 2015&nbsp;&nbsp;&nbsp; Akademia Sztuk Pi\u0119knych im. Jana Matejki in Krakov, Poland<\/p>\n\n\n\n<p><\/p>\n\n\n\n<p><a href=\"https:\/\/cargocollective.com\/kataskamla\">https:\/\/cargocollective.com\/kataskamla<\/a><\/p>\n\n\n\n<figure class=\"wp-block-image size-large\"><img loading=\"lazy\" width=\"1024\" height=\"736\" src=\"https:\/\/www.artistsbookmartin.sk\/wp-content\/uploads\/2021\/12\/MG_1078-1024x736.jpg\" alt=\"\" class=\"wp-image-826\" srcset=\"https:\/\/www.artistsbookmartin.sk\/wp-content\/uploads\/2021\/12\/MG_1078-1024x736.jpg 1024w, https:\/\/www.artistsbookmartin.sk\/wp-content\/uploads\/2021\/12\/MG_1078-300x216.jpg 300w, https:\/\/www.artistsbookmartin.sk\/wp-content\/uploads\/2021\/12\/MG_1078-768x552.jpg 768w, https:\/\/www.artistsbookmartin.sk\/wp-content\/uploads\/2021\/12\/MG_1078-1600x1149.jpg 1600w, https:\/\/www.artistsbookmartin.sk\/wp-content\/uploads\/2021\/12\/MG_1078-1536x1103.jpg 1536w, https:\/\/www.artistsbookmartin.sk\/wp-content\/uploads\/2021\/12\/MG_1078-2048x1471.jpg 2048w, https:\/\/www.artistsbookmartin.sk\/wp-content\/uploads\/2021\/12\/MG_1078-18x12.jpg 18w\" sizes=\"(max-width: 1024px) 100vw, 1024px\" \/><\/figure>\n\n\n\n<p>H\u013eadanie Godota<br>2020<\/p>\n\n\n\n<figure class=\"wp-block-image size-large\"><img loading=\"lazy\" width=\"1024\" height=\"701\" src=\"https:\/\/www.artistsbookmartin.sk\/wp-content\/uploads\/2021\/12\/MG_1081-1024x701.jpg\" alt=\"\" class=\"wp-image-827\" srcset=\"https:\/\/www.artistsbookmartin.sk\/wp-content\/uploads\/2021\/12\/MG_1081-1024x701.jpg 1024w, https:\/\/www.artistsbookmartin.sk\/wp-content\/uploads\/2021\/12\/MG_1081-300x205.jpg 300w, https:\/\/www.artistsbookmartin.sk\/wp-content\/uploads\/2021\/12\/MG_1081-768x526.jpg 768w, https:\/\/www.artistsbookmartin.sk\/wp-content\/uploads\/2021\/12\/MG_1081-1600x1096.jpg 1600w, https:\/\/www.artistsbookmartin.sk\/wp-content\/uploads\/2021\/12\/MG_1081-1536x1052.jpg 1536w, https:\/\/www.artistsbookmartin.sk\/wp-content\/uploads\/2021\/12\/MG_1081-2048x1402.jpg 2048w, https:\/\/www.artistsbookmartin.sk\/wp-content\/uploads\/2021\/12\/MG_1081-18x12.jpg 18w\" sizes=\"(max-width: 1024px) 100vw, 1024px\" \/><\/figure>\n\n\n\n<p>Od \u017eltej k modrej<br>2018<\/p>","protected":false},"excerpt":{"rendered":"<p>*1993 in Lu\u010denec, Slovakia 2012 \u2013 2018&nbsp;&nbsp;&nbsp; Academy of Fine Arts and Designs in Bratislava, Slovakia 2014 \u2013 2015&nbsp;&nbsp;&nbsp; Akademia Sztuk Pi\u0119knych im. Jana Matejki in Krakov, Poland https:\/\/cargocollective.com\/kataskamla H\u013eadanie Godota2020 Od \u017eltej k modrej2018<\/p>","protected":false},"author":2,"featured_media":0,"parent":54,"menu_order":0,"comment_status":"closed","ping_status":"closed","template":"","meta":{"_monsterinsights_skip_tracking":false,"_monsterinsights_sitenote_active":false,"_monsterinsights_sitenote_note":"","_monsterinsights_sitenote_category":0,"two_page_speed":[]},"_links":{"self":[{"href":"https:\/\/www.artistsbookmartin.sk\/en\/wp-json\/wp\/v2\/pages\/420"}],"collection":[{"href":"https:\/\/www.artistsbookmartin.sk\/en\/wp-json\/wp\/v2\/pages"}],"about":[{"href":"https:\/\/www.artistsbookmartin.sk\/en\/wp-json\/wp\/v2\/types\/page"}],"author":[{"embeddable":true,"href":"https:\/\/www.artistsbookmartin.sk\/en\/wp-json\/wp\/v2\/users\/2"}],"replies":[{"embeddable":true,"href":"https:\/\/www.artistsbookmartin.sk\/en\/wp-json\/wp\/v2\/comments?post=420"}],"version-history":[{"count":2,"href":"https:\/\/www.artistsbookmartin.sk\/en\/wp-json\/wp\/v2\/pages\/420\/revisions"}],"predecessor-version":[{"id":828,"href":"https:\/\/www.artistsbookmartin.sk\/en\/wp-json\/wp\/v2\/pages\/420\/revisions\/828"}],"up":[{"embeddable":true,"href":"https:\/\/www.artistsbookmartin.sk\/en\/wp-json\/wp\/v2\/pages\/54"}],"wp:attachment":[{"href":"https:\/\/www.artistsbookmartin.sk\/en\/wp-json\/wp\/v2\/media?parent=420"}],"curies":[{"name":"wp","href":"https:\/\/api.w.org\/{rel}","templated":true}]}}