{"id":410,"date":"2021-10-22T20:02:50","date_gmt":"2021-10-22T18:02:50","guid":{"rendered":"https:\/\/www.artistsbookmartin.sk\/?page_id=410"},"modified":"2025-03-24T13:11:57","modified_gmt":"2025-03-24T12:11:57","slug":"dezider-toth","status":"publish","type":"page","link":"https:\/\/www.artistsbookmartin.sk\/en\/autori_abecedne\/dezider-toth\/","title":{"rendered":"Dezider T\u00f3th"},"content":{"rendered":"<p>*1947, V\u00fd\u010dapy-Opatovce, SK<\/p>\n\n\n\n<figure class=\"wp-block-gallery columns-1 is-cropped\"><ul class=\"blocks-gallery-grid\"><li class=\"blocks-gallery-item\"><figure><img loading=\"lazy\" width=\"1024\" height=\"683\" src=\"https:\/\/www.artistsbookmartin.sk\/wp-content\/uploads\/2021\/12\/MG_1012-1-1024x683.jpg\" alt=\"\" data-id=\"870\" data-full-url=\"https:\/\/www.artistsbookmartin.sk\/wp-content\/uploads\/2021\/12\/MG_1012-1.jpg\" data-link=\"https:\/\/www.artistsbookmartin.sk\/dezider-toth\/mg_1012-1\/\" class=\"wp-image-870\" srcset=\"https:\/\/www.artistsbookmartin.sk\/wp-content\/uploads\/2021\/12\/MG_1012-1-1024x683.jpg 1024w, https:\/\/www.artistsbookmartin.sk\/wp-content\/uploads\/2021\/12\/MG_1012-1-300x200.jpg 300w, https:\/\/www.artistsbookmartin.sk\/wp-content\/uploads\/2021\/12\/MG_1012-1-768x512.jpg 768w, https:\/\/www.artistsbookmartin.sk\/wp-content\/uploads\/2021\/12\/MG_1012-1-1600x1067.jpg 1600w, https:\/\/www.artistsbookmartin.sk\/wp-content\/uploads\/2021\/12\/MG_1012-1-1536x1024.jpg 1536w, https:\/\/www.artistsbookmartin.sk\/wp-content\/uploads\/2021\/12\/MG_1012-1-2048x1365.jpg 2048w, https:\/\/www.artistsbookmartin.sk\/wp-content\/uploads\/2021\/12\/MG_1012-1-18x12.jpg 18w\" sizes=\"(max-width: 1024px) 100vw, 1024px\" \/><\/figure><\/li><\/ul><\/figure>\n\n\n\n<p>Monogramistove vety<br>2014 \u2013 2017<\/p>","protected":false},"excerpt":{"rendered":"<p>*1947, V\u00fd\u010dapy-Opatovce, SK Monogramistove vety2014 \u2013 2017<\/p>","protected":false},"author":2,"featured_media":0,"parent":54,"menu_order":0,"comment_status":"closed","ping_status":"closed","template":"","meta":{"_monsterinsights_skip_tracking":false,"_monsterinsights_sitenote_active":false,"_monsterinsights_sitenote_note":"","_monsterinsights_sitenote_category":0,"two_page_speed":[]},"_links":{"self":[{"href":"https:\/\/www.artistsbookmartin.sk\/en\/wp-json\/wp\/v2\/pages\/410"}],"collection":[{"href":"https:\/\/www.artistsbookmartin.sk\/en\/wp-json\/wp\/v2\/pages"}],"about":[{"href":"https:\/\/www.artistsbookmartin.sk\/en\/wp-json\/wp\/v2\/types\/page"}],"author":[{"embeddable":true,"href":"https:\/\/www.artistsbookmartin.sk\/en\/wp-json\/wp\/v2\/users\/2"}],"replies":[{"embeddable":true,"href":"https:\/\/www.artistsbookmartin.sk\/en\/wp-json\/wp\/v2\/comments?post=410"}],"version-history":[{"count":2,"href":"https:\/\/www.artistsbookmartin.sk\/en\/wp-json\/wp\/v2\/pages\/410\/revisions"}],"predecessor-version":[{"id":872,"href":"https:\/\/www.artistsbookmartin.sk\/en\/wp-json\/wp\/v2\/pages\/410\/revisions\/872"}],"up":[{"embeddable":true,"href":"https:\/\/www.artistsbookmartin.sk\/en\/wp-json\/wp\/v2\/pages\/54"}],"wp:attachment":[{"href":"https:\/\/www.artistsbookmartin.sk\/en\/wp-json\/wp\/v2\/media?parent=410"}],"curies":[{"name":"wp","href":"https:\/\/api.w.org\/{rel}","templated":true}]}}