{"id":385,"date":"2021-10-22T19:42:42","date_gmt":"2021-10-22T17:42:42","guid":{"rendered":"https:\/\/www.artistsbookmartin.sk\/?page_id=385"},"modified":"2025-03-24T13:14:14","modified_gmt":"2025-03-24T12:14:14","slug":"peter-valiska-timecko","status":"publish","type":"page","link":"https:\/\/www.artistsbookmartin.sk\/en\/autori_abecedne\/peter-valiska-timecko\/","title":{"rendered":"Peter Valiska-Time\u010dko"},"content":{"rendered":"<figure class=\"wp-block-image size-large\"><img loading=\"lazy\" width=\"1024\" height=\"645\" src=\"https:\/\/www.artistsbookmartin.sk\/wp-content\/uploads\/2021\/12\/SK29_IMG_0043-1024x645.jpg\" alt=\"\" class=\"wp-image-839\" srcset=\"https:\/\/www.artistsbookmartin.sk\/wp-content\/uploads\/2021\/12\/SK29_IMG_0043-1024x645.jpg 1024w, https:\/\/www.artistsbookmartin.sk\/wp-content\/uploads\/2021\/12\/SK29_IMG_0043-300x189.jpg 300w, https:\/\/www.artistsbookmartin.sk\/wp-content\/uploads\/2021\/12\/SK29_IMG_0043-768x484.jpg 768w, https:\/\/www.artistsbookmartin.sk\/wp-content\/uploads\/2021\/12\/SK29_IMG_0043-1600x1008.jpg 1600w, https:\/\/www.artistsbookmartin.sk\/wp-content\/uploads\/2021\/12\/SK29_IMG_0043-1536x967.jpg 1536w, https:\/\/www.artistsbookmartin.sk\/wp-content\/uploads\/2021\/12\/SK29_IMG_0043-18x12.jpg 18w, https:\/\/www.artistsbookmartin.sk\/wp-content\/uploads\/2021\/12\/SK29_IMG_0043.jpg 1937w\" sizes=\"(max-width: 1024px) 100vw, 1024px\" \/><\/figure>\n\n\n\n<figure class=\"wp-block-image size-large\"><img loading=\"lazy\" width=\"1024\" height=\"536\" src=\"https:\/\/www.artistsbookmartin.sk\/wp-content\/uploads\/2021\/12\/SK29_IMG_0046-1024x536.jpg\" alt=\"\" class=\"wp-image-843\" srcset=\"https:\/\/www.artistsbookmartin.sk\/wp-content\/uploads\/2021\/12\/SK29_IMG_0046-1024x536.jpg 1024w, https:\/\/www.artistsbookmartin.sk\/wp-content\/uploads\/2021\/12\/SK29_IMG_0046-300x157.jpg 300w, https:\/\/www.artistsbookmartin.sk\/wp-content\/uploads\/2021\/12\/SK29_IMG_0046-768x402.jpg 768w, https:\/\/www.artistsbookmartin.sk\/wp-content\/uploads\/2021\/12\/SK29_IMG_0046-1600x837.jpg 1600w, https:\/\/www.artistsbookmartin.sk\/wp-content\/uploads\/2021\/12\/SK29_IMG_0046-1536x804.jpg 1536w, https:\/\/www.artistsbookmartin.sk\/wp-content\/uploads\/2021\/12\/SK29_IMG_0046-18x9.jpg 18w, https:\/\/www.artistsbookmartin.sk\/wp-content\/uploads\/2021\/12\/SK29_IMG_0046.jpg 1957w\" sizes=\"(max-width: 1024px) 100vw, 1024px\" \/><\/figure>\n\n\n\n<p>\u0160tafetov\u00e1 tla\u010d<br>2016 \u2013 2017<\/p>","protected":false},"excerpt":{"rendered":"<p>\u0160tafetov\u00e1 tla\u010d2016 \u2013 2017<\/p>","protected":false},"author":2,"featured_media":0,"parent":54,"menu_order":0,"comment_status":"closed","ping_status":"closed","template":"","meta":{"_monsterinsights_skip_tracking":false,"_monsterinsights_sitenote_active":false,"_monsterinsights_sitenote_note":"","_monsterinsights_sitenote_category":0,"two_page_speed":[]},"_links":{"self":[{"href":"https:\/\/www.artistsbookmartin.sk\/en\/wp-json\/wp\/v2\/pages\/385"}],"collection":[{"href":"https:\/\/www.artistsbookmartin.sk\/en\/wp-json\/wp\/v2\/pages"}],"about":[{"href":"https:\/\/www.artistsbookmartin.sk\/en\/wp-json\/wp\/v2\/types\/page"}],"author":[{"embeddable":true,"href":"https:\/\/www.artistsbookmartin.sk\/en\/wp-json\/wp\/v2\/users\/2"}],"replies":[{"embeddable":true,"href":"https:\/\/www.artistsbookmartin.sk\/en\/wp-json\/wp\/v2\/comments?post=385"}],"version-history":[{"count":2,"href":"https:\/\/www.artistsbookmartin.sk\/en\/wp-json\/wp\/v2\/pages\/385\/revisions"}],"predecessor-version":[{"id":844,"href":"https:\/\/www.artistsbookmartin.sk\/en\/wp-json\/wp\/v2\/pages\/385\/revisions\/844"}],"up":[{"embeddable":true,"href":"https:\/\/www.artistsbookmartin.sk\/en\/wp-json\/wp\/v2\/pages\/54"}],"wp:attachment":[{"href":"https:\/\/www.artistsbookmartin.sk\/en\/wp-json\/wp\/v2\/media?parent=385"}],"curies":[{"name":"wp","href":"https:\/\/api.w.org\/{rel}","templated":true}]}}