{"id":351,"date":"2021-10-22T19:07:57","date_gmt":"2021-10-22T17:07:57","guid":{"rendered":"https:\/\/www.artistsbookmartin.sk\/?page_id=351"},"modified":"2025-03-24T13:12:28","modified_gmt":"2025-03-24T12:12:28","slug":"katarina-jamriskova","status":"publish","type":"page","link":"https:\/\/www.artistsbookmartin.sk\/en\/autori_abecedne\/katarina-jamriskova\/","title":{"rendered":"Katar\u00edna Jamri\u0161kov\u00e1"},"content":{"rendered":"<figure class=\"wp-block-image size-large\"><img loading=\"lazy\" width=\"772\" height=\"1024\" src=\"https:\/\/www.artistsbookmartin.sk\/wp-content\/uploads\/2021\/10\/Katari\u0301na-Jamris\u030ckova\u03011-772x1024.jpg\" alt=\"\" class=\"wp-image-352\" srcset=\"https:\/\/www.artistsbookmartin.sk\/wp-content\/uploads\/2021\/10\/Katari\u0301na-Jamris\u030ckova\u03011-772x1024.jpg 772w, https:\/\/www.artistsbookmartin.sk\/wp-content\/uploads\/2021\/10\/Katari\u0301na-Jamris\u030ckova\u03011-226x300.jpg 226w, https:\/\/www.artistsbookmartin.sk\/wp-content\/uploads\/2021\/10\/Katari\u0301na-Jamris\u030ckova\u03011-768x1019.jpg 768w, https:\/\/www.artistsbookmartin.sk\/wp-content\/uploads\/2021\/10\/Katari\u0301na-Jamris\u030ckova\u03011.jpg 1002w\" sizes=\"(max-width: 772px) 100vw, 772px\" \/><\/figure>\n\n\n\n<figure class=\"wp-block-image size-full\"><img loading=\"lazy\" width=\"1002\" height=\"606\" src=\"https:\/\/www.artistsbookmartin.sk\/wp-content\/uploads\/2021\/10\/Katari\u0301na-Jamris\u030ckova\u03012.jpg\" alt=\"\" class=\"wp-image-353\" srcset=\"https:\/\/www.artistsbookmartin.sk\/wp-content\/uploads\/2021\/10\/Katari\u0301na-Jamris\u030ckova\u03012.jpg 1002w, https:\/\/www.artistsbookmartin.sk\/wp-content\/uploads\/2021\/10\/Katari\u0301na-Jamris\u030ckova\u03012-300x181.jpg 300w, https:\/\/www.artistsbookmartin.sk\/wp-content\/uploads\/2021\/10\/Katari\u0301na-Jamris\u030ckova\u03012-768x464.jpg 768w\" sizes=\"(max-width: 1002px) 100vw, 1002px\" \/><\/figure>\n\n\n\n<p>Luna<br>2018<\/p>","protected":false},"excerpt":{"rendered":"<p>Luna2018<\/p>","protected":false},"author":2,"featured_media":0,"parent":54,"menu_order":0,"comment_status":"closed","ping_status":"closed","template":"","meta":{"_monsterinsights_skip_tracking":false,"_monsterinsights_sitenote_active":false,"_monsterinsights_sitenote_note":"","_monsterinsights_sitenote_category":0,"two_page_speed":[]},"_links":{"self":[{"href":"https:\/\/www.artistsbookmartin.sk\/en\/wp-json\/wp\/v2\/pages\/351"}],"collection":[{"href":"https:\/\/www.artistsbookmartin.sk\/en\/wp-json\/wp\/v2\/pages"}],"about":[{"href":"https:\/\/www.artistsbookmartin.sk\/en\/wp-json\/wp\/v2\/types\/page"}],"author":[{"embeddable":true,"href":"https:\/\/www.artistsbookmartin.sk\/en\/wp-json\/wp\/v2\/users\/2"}],"replies":[{"embeddable":true,"href":"https:\/\/www.artistsbookmartin.sk\/en\/wp-json\/wp\/v2\/comments?post=351"}],"version-history":[{"count":1,"href":"https:\/\/www.artistsbookmartin.sk\/en\/wp-json\/wp\/v2\/pages\/351\/revisions"}],"predecessor-version":[{"id":354,"href":"https:\/\/www.artistsbookmartin.sk\/en\/wp-json\/wp\/v2\/pages\/351\/revisions\/354"}],"up":[{"embeddable":true,"href":"https:\/\/www.artistsbookmartin.sk\/en\/wp-json\/wp\/v2\/pages\/54"}],"wp:attachment":[{"href":"https:\/\/www.artistsbookmartin.sk\/en\/wp-json\/wp\/v2\/media?parent=351"}],"curies":[{"name":"wp","href":"https:\/\/api.w.org\/{rel}","templated":true}]}}