{"id":212,"date":"2021-10-20T19:32:48","date_gmt":"2021-10-20T17:32:48","guid":{"rendered":"https:\/\/www.artistsbookmartin.sk\/?page_id=212"},"modified":"2025-03-24T13:14:46","modified_gmt":"2025-03-24T12:14:46","slug":"vladimir-havlik","status":"publish","type":"page","link":"https:\/\/www.artistsbookmartin.sk\/en\/autori_abecedne\/vladimir-havlik\/","title":{"rendered":"Vladim\u00edr Havl\u00edk"},"content":{"rendered":"<p><a href=\"#2024\" rel=\"nofollow\">2024<\/a> | <a href=\"#2021\" rel=\"nofollow\">2021<\/a><\/p>\n\n\n\n<hr class=\"wp-block-separator\" id=\"2024\"\/>\n\n\n\n<figure class=\"wp-block-image size-full\"><img loading=\"lazy\" width=\"883\" height=\"609\" src=\"https:\/\/www.artistsbookmartin.sk\/wp-content\/uploads\/2025\/03\/vladimir-havlik-2024.jpeg\" alt=\"\" class=\"wp-image-1642\" srcset=\"https:\/\/www.artistsbookmartin.sk\/wp-content\/uploads\/2025\/03\/vladimir-havlik-2024.jpeg 883w, https:\/\/www.artistsbookmartin.sk\/wp-content\/uploads\/2025\/03\/vladimir-havlik-2024-300x207.jpeg 300w, https:\/\/www.artistsbookmartin.sk\/wp-content\/uploads\/2025\/03\/vladimir-havlik-2024-768x530.jpeg 768w, https:\/\/www.artistsbookmartin.sk\/wp-content\/uploads\/2025\/03\/vladimir-havlik-2024-50x34.jpeg 50w, https:\/\/www.artistsbookmartin.sk\/wp-content\/uploads\/2025\/03\/vladimir-havlik-2024-500x345.jpeg 500w, https:\/\/www.artistsbookmartin.sk\/wp-content\/uploads\/2025\/03\/vladimir-havlik-2024-18x12.jpeg 18w, https:\/\/www.artistsbookmartin.sk\/wp-content\/uploads\/2025\/03\/vladimir-havlik-2024-600x414.jpeg 600w\" sizes=\"(max-width: 883px) 100vw, 883px\" \/><\/figure>\n\n\n\n<p><strong>(A)I Perform(s) \/ <em>Old Book Concepts<\/em><\/strong><\/p>\n\n\n\n<p>obr\u00e1zky generovan\u00e9 pomocou AI \/ <em>AI generated images<br>1979\/2024<\/em><\/p>\n\n\n\n<p><a href=\"http:\/\/artlist.cz\/umelci\/vladimir-havlik\" target=\"_blank\" rel=\"noreferrer noopener nofollow\">artlist.cz\/umelci\/vladimir-havlik<\/a><\/p>\n\n\n\n<div class=\"wp-block-columns\">\n<div class=\"wp-block-column\">\n<p>\u201eCyklus \u201adokument\u00e1rn\u00edch fotografi \u00ed\u2018 zachycuje performativn\u00ed manipulace s knihami, p\u0159\u00edpadn\u011b s knihovnou. Vypad\u00e1 to jako klasick\u00e1 dokumentace performance, ale jen zd\u00e1nliv\u011b. Vztah mezi performanc\u00ed a jej\u00ed dokumentac\u00ed, ktery\u0301m se zaby\u0301v\u00e1m u\u017e od konce 70. let se tu subverzivn\u011b obrac\u00ed. Na z\u00e1klad\u011b konceptu\u00e1ln\u00edch textovy\u0301ch projekt\u016f z roku 1979 vznikaj\u00ed prompty pro AI, kter\u00e1 n\u00e1sledn\u011b provede dokumetaci nikdy nerealizovany\u0301ch akc\u00ed. M\u00e9dium performance a jej\u00ed autenticity je podrobeno kritick\u00e9 revizi, ot\u00e1zka zdali je d\u016fle\u017eit\u011bj\u0161\u00ed \u017eiv\u00e1 akce nebo jej\u00ed dokumentace, je je\u0161t\u011b v\u00edce zpochybn\u011bna\u2026\u201c<\/p>\n<\/div>\n\n\n\n<div class=\"wp-block-column\">\n<p><em>\u201cA series of \u2018documentary photographs\u2019 captures performative manipulations with books or with the library. It looks like a classic documentation of performance, but only seemingly. The relationship between performance and its documentation, which I have been exploring since the late 1970s, is subversively inverted here. Based on conceptual text projects from 1979, prompts are created for AI, which then performs a documentation of never-realized actions. The medium of performance and its authenticity is subjected to critical revision, the question of whether live action or its documentation is more important is further questioned\u2026\u201d<\/em><\/p>\n<\/div>\n<\/div>\n\n\n\n<hr class=\"wp-block-separator\" id=\"2021\"\/>\n\n\n\n<figure class=\"wp-block-image size-large\"><img loading=\"lazy\" width=\"743\" height=\"1024\" src=\"https:\/\/www.artistsbookmartin.sk\/wp-content\/uploads\/2021\/10\/Vladimi\u0301r-Havli\u0301k1-743x1024.jpg\" alt=\"\" class=\"wp-image-213\" srcset=\"https:\/\/www.artistsbookmartin.sk\/wp-content\/uploads\/2021\/10\/Vladimi\u0301r-Havli\u0301k1-743x1024.jpg 743w, https:\/\/www.artistsbookmartin.sk\/wp-content\/uploads\/2021\/10\/Vladimi\u0301r-Havli\u0301k1-218x300.jpg 218w, https:\/\/www.artistsbookmartin.sk\/wp-content\/uploads\/2021\/10\/Vladimi\u0301r-Havli\u0301k1-768x1058.jpg 768w, https:\/\/www.artistsbookmartin.sk\/wp-content\/uploads\/2021\/10\/Vladimi\u0301r-Havli\u0301k1.jpg 1002w\" sizes=\"(max-width: 743px) 100vw, 743px\" \/><\/figure>\n\n\n\n<p>D\u011bjiny um\u011bn\u00ed (konstruk\u010dn\u00ed model)<\/p>","protected":false},"excerpt":{"rendered":"<p>2024 | 2021 (A)I Perform(s) \/ Old Book Concepts obr\u00e1zky generovan\u00e9 pomocou AI \/ AI generated images1979\/2024 artlist.cz\/umelci\/vladimir-havlik \u201eCyklus \u201adokument\u00e1rn\u00edch fotografi \u00ed\u2018 zachycuje performativn\u00ed manipulace s knihami, p\u0159\u00edpadn\u011b s knihovnou. Vypad\u00e1 to jako klasick\u00e1 dokumentace performance, ale jen zd\u00e1nliv\u011b. Vztah mezi performanc\u00ed a jej\u00ed dokumentac\u00ed, ktery\u0301m se zaby\u0301v\u00e1m u\u017e od konce 70. let se tu [&hellip;]<\/p>","protected":false},"author":2,"featured_media":0,"parent":54,"menu_order":0,"comment_status":"closed","ping_status":"closed","template":"","meta":{"_monsterinsights_skip_tracking":false,"_monsterinsights_sitenote_active":false,"_monsterinsights_sitenote_note":"","_monsterinsights_sitenote_category":0,"two_page_speed":[]},"_links":{"self":[{"href":"https:\/\/www.artistsbookmartin.sk\/en\/wp-json\/wp\/v2\/pages\/212"}],"collection":[{"href":"https:\/\/www.artistsbookmartin.sk\/en\/wp-json\/wp\/v2\/pages"}],"about":[{"href":"https:\/\/www.artistsbookmartin.sk\/en\/wp-json\/wp\/v2\/types\/page"}],"author":[{"embeddable":true,"href":"https:\/\/www.artistsbookmartin.sk\/en\/wp-json\/wp\/v2\/users\/2"}],"replies":[{"embeddable":true,"href":"https:\/\/www.artistsbookmartin.sk\/en\/wp-json\/wp\/v2\/comments?post=212"}],"version-history":[{"count":3,"href":"https:\/\/www.artistsbookmartin.sk\/en\/wp-json\/wp\/v2\/pages\/212\/revisions"}],"predecessor-version":[{"id":1645,"href":"https:\/\/www.artistsbookmartin.sk\/en\/wp-json\/wp\/v2\/pages\/212\/revisions\/1645"}],"up":[{"embeddable":true,"href":"https:\/\/www.artistsbookmartin.sk\/en\/wp-json\/wp\/v2\/pages\/54"}],"wp:attachment":[{"href":"https:\/\/www.artistsbookmartin.sk\/en\/wp-json\/wp\/v2\/media?parent=212"}],"curies":[{"name":"wp","href":"https:\/\/api.w.org\/{rel}","templated":true}]}}