{"id":197,"date":"2021-10-20T19:23:47","date_gmt":"2021-10-20T17:23:47","guid":{"rendered":"https:\/\/www.artistsbookmartin.sk\/?page_id=197"},"modified":"2025-03-24T10:14:02","modified_gmt":"2025-03-24T09:14:02","slug":"agnes-haasz","status":"publish","type":"page","link":"https:\/\/www.artistsbookmartin.sk\/en\/autori_abecedne\/agnes-haasz\/","title":{"rendered":"\u00c1gnes Ha\u00e1sz"},"content":{"rendered":"<p><a href=\"#2024\" rel=\"nofollow\">2024<\/a> | <a href=\"#2021\" rel=\"nofollow\">2021<\/a><\/p>\n\n\n\n<hr class=\"wp-block-separator\" id=\"2024\"\/>\n\n\n\n<figure class=\"wp-block-image size-large\"><img loading=\"lazy\" width=\"765\" height=\"1024\" src=\"https:\/\/www.artistsbookmartin.sk\/wp-content\/uploads\/2025\/03\/agnes-haasz-2024-765x1024.jpeg\" alt=\"\" class=\"wp-image-1647\" srcset=\"https:\/\/www.artistsbookmartin.sk\/wp-content\/uploads\/2025\/03\/agnes-haasz-2024-765x1024.jpeg 765w, https:\/\/www.artistsbookmartin.sk\/wp-content\/uploads\/2025\/03\/agnes-haasz-2024-224x300.jpeg 224w, https:\/\/www.artistsbookmartin.sk\/wp-content\/uploads\/2025\/03\/agnes-haasz-2024-768x1028.jpeg 768w, https:\/\/www.artistsbookmartin.sk\/wp-content\/uploads\/2025\/03\/agnes-haasz-2024-50x67.jpeg 50w, https:\/\/www.artistsbookmartin.sk\/wp-content\/uploads\/2025\/03\/agnes-haasz-2024-448x600.jpeg 448w, https:\/\/www.artistsbookmartin.sk\/wp-content\/uploads\/2025\/03\/agnes-haasz-2024-9x12.jpeg 9w, https:\/\/www.artistsbookmartin.sk\/wp-content\/uploads\/2025\/03\/agnes-haasz-2024.jpeg 822w\" sizes=\"(max-width: 765px) 100vw, 765px\" \/><\/figure>\n\n\n\n<p><strong>I\u2019m Starting to Be \/ Transparent, the World \/ Goes In and Out of Me\u2026<\/strong><\/p>\n\n\n\n<p>C tla\u010d, prieh\u013eadn\u00e1 f\u00f3lia, 6 ks \/ <em>C print, transparent foil 6 pc<\/em><br>2021<\/p>\n\n\n\n<hr class=\"wp-block-separator\" id=\"2021\"\/>\n\n\n\n<figure class=\"wp-block-image size-full\"><img loading=\"lazy\" width=\"1002\" height=\"668\" src=\"https:\/\/www.artistsbookmartin.sk\/wp-content\/uploads\/2021\/10\/A\u0301gnes-Ha\u0301asz1.jpg\" alt=\"\" class=\"wp-image-198\" srcset=\"https:\/\/www.artistsbookmartin.sk\/wp-content\/uploads\/2021\/10\/A\u0301gnes-Ha\u0301asz1.jpg 1002w, https:\/\/www.artistsbookmartin.sk\/wp-content\/uploads\/2021\/10\/A\u0301gnes-Ha\u0301asz1-300x200.jpg 300w, https:\/\/www.artistsbookmartin.sk\/wp-content\/uploads\/2021\/10\/A\u0301gnes-Ha\u0301asz1-768x512.jpg 768w\" sizes=\"(max-width: 1002px) 100vw, 1002px\" \/><\/figure>\n\n\n\n<p>Circle leaf from Moholy-Nagy<br>2019<\/p>\n\n\n\n<figure class=\"wp-block-image size-full\"><img loading=\"lazy\" width=\"1002\" height=\"958\" src=\"https:\/\/www.artistsbookmartin.sk\/wp-content\/uploads\/2021\/10\/A\u0301gnes-Ha\u0301asz2.jpg\" alt=\"\" class=\"wp-image-199\" srcset=\"https:\/\/www.artistsbookmartin.sk\/wp-content\/uploads\/2021\/10\/A\u0301gnes-Ha\u0301asz2.jpg 1002w, https:\/\/www.artistsbookmartin.sk\/wp-content\/uploads\/2021\/10\/A\u0301gnes-Ha\u0301asz2-300x287.jpg 300w, https:\/\/www.artistsbookmartin.sk\/wp-content\/uploads\/2021\/10\/A\u0301gnes-Ha\u0301asz2-768x734.jpg 768w\" sizes=\"(max-width: 1002px) 100vw, 1002px\" \/><\/figure>\n\n\n\n<p>Word turn<br>2019<\/p>","protected":false},"excerpt":{"rendered":"<p>2024 | 2021 I\u2019m Starting to Be \/ Transparent, the World \/ Goes In and Out of Me\u2026 C tla\u010d, prieh\u013eadn\u00e1 f\u00f3lia, 6 ks \/ C print, transparent foil 6 pc2021 Circle leaf from Moholy-Nagy2019 Word turn2019<\/p>","protected":false},"author":2,"featured_media":0,"parent":54,"menu_order":0,"comment_status":"closed","ping_status":"closed","template":"","meta":{"_monsterinsights_skip_tracking":false,"_monsterinsights_sitenote_active":false,"_monsterinsights_sitenote_note":"","_monsterinsights_sitenote_category":0,"two_page_speed":[]},"_links":{"self":[{"href":"https:\/\/www.artistsbookmartin.sk\/en\/wp-json\/wp\/v2\/pages\/197"}],"collection":[{"href":"https:\/\/www.artistsbookmartin.sk\/en\/wp-json\/wp\/v2\/pages"}],"about":[{"href":"https:\/\/www.artistsbookmartin.sk\/en\/wp-json\/wp\/v2\/types\/page"}],"author":[{"embeddable":true,"href":"https:\/\/www.artistsbookmartin.sk\/en\/wp-json\/wp\/v2\/users\/2"}],"replies":[{"embeddable":true,"href":"https:\/\/www.artistsbookmartin.sk\/en\/wp-json\/wp\/v2\/comments?post=197"}],"version-history":[{"count":3,"href":"https:\/\/www.artistsbookmartin.sk\/en\/wp-json\/wp\/v2\/pages\/197\/revisions"}],"predecessor-version":[{"id":1648,"href":"https:\/\/www.artistsbookmartin.sk\/en\/wp-json\/wp\/v2\/pages\/197\/revisions\/1648"}],"up":[{"embeddable":true,"href":"https:\/\/www.artistsbookmartin.sk\/en\/wp-json\/wp\/v2\/pages\/54"}],"wp:attachment":[{"href":"https:\/\/www.artistsbookmartin.sk\/en\/wp-json\/wp\/v2\/media?parent=197"}],"curies":[{"name":"wp","href":"https:\/\/api.w.org\/{rel}","templated":true}]}}