{"id":1673,"date":"2025-03-24T10:40:25","date_gmt":"2025-03-24T09:40:25","guid":{"rendered":"https:\/\/www.artistsbookmartin.sk\/?page_id=1673"},"modified":"2025-03-24T13:12:28","modified_gmt":"2025-03-24T12:12:28","slug":"jiri-cernicky","status":"publish","type":"page","link":"https:\/\/www.artistsbookmartin.sk\/en\/autori_abecedne\/jiri-cernicky\/","title":{"rendered":"Ji\u0159\u00ed \u010cernicky\u0301"},"content":{"rendered":"<figure class=\"wp-block-image size-full\"><img loading=\"lazy\" width=\"824\" height=\"532\" src=\"https:\/\/www.artistsbookmartin.sk\/wp-content\/uploads\/2025\/03\/jiri-cernicky-1-2024.jpeg\" alt=\"\" class=\"wp-image-1674\" srcset=\"https:\/\/www.artistsbookmartin.sk\/wp-content\/uploads\/2025\/03\/jiri-cernicky-1-2024.jpeg 824w, https:\/\/www.artistsbookmartin.sk\/wp-content\/uploads\/2025\/03\/jiri-cernicky-1-2024-300x194.jpeg 300w, https:\/\/www.artistsbookmartin.sk\/wp-content\/uploads\/2025\/03\/jiri-cernicky-1-2024-768x496.jpeg 768w, https:\/\/www.artistsbookmartin.sk\/wp-content\/uploads\/2025\/03\/jiri-cernicky-1-2024-50x32.jpeg 50w, https:\/\/www.artistsbookmartin.sk\/wp-content\/uploads\/2025\/03\/jiri-cernicky-1-2024-500x323.jpeg 500w, https:\/\/www.artistsbookmartin.sk\/wp-content\/uploads\/2025\/03\/jiri-cernicky-1-2024-18x12.jpeg 18w, https:\/\/www.artistsbookmartin.sk\/wp-content\/uploads\/2025\/03\/jiri-cernicky-1-2024-600x387.jpeg 600w\" sizes=\"(max-width: 824px) 100vw, 824px\" \/><\/figure>\n\n\n\n<figure class=\"wp-block-image size-full\"><img loading=\"lazy\" width=\"826\" height=\"553\" src=\"https:\/\/www.artistsbookmartin.sk\/wp-content\/uploads\/2025\/03\/jiri-cernicky-2-2024.jpeg\" alt=\"\" class=\"wp-image-1675\" srcset=\"https:\/\/www.artistsbookmartin.sk\/wp-content\/uploads\/2025\/03\/jiri-cernicky-2-2024.jpeg 826w, https:\/\/www.artistsbookmartin.sk\/wp-content\/uploads\/2025\/03\/jiri-cernicky-2-2024-300x201.jpeg 300w, https:\/\/www.artistsbookmartin.sk\/wp-content\/uploads\/2025\/03\/jiri-cernicky-2-2024-768x514.jpeg 768w, https:\/\/www.artistsbookmartin.sk\/wp-content\/uploads\/2025\/03\/jiri-cernicky-2-2024-50x33.jpeg 50w, https:\/\/www.artistsbookmartin.sk\/wp-content\/uploads\/2025\/03\/jiri-cernicky-2-2024-500x335.jpeg 500w, https:\/\/www.artistsbookmartin.sk\/wp-content\/uploads\/2025\/03\/jiri-cernicky-2-2024-18x12.jpeg 18w, https:\/\/www.artistsbookmartin.sk\/wp-content\/uploads\/2025\/03\/jiri-cernicky-2-2024-600x402.jpeg 600w\" sizes=\"(max-width: 826px) 100vw, 826px\" \/><\/figure>\n\n\n\n<p><strong>Dv\u011b desetinn\u00e9 \u010d\u00e1rky uprost\u0159ed v\u011bty \/ <em>Two Decimal Commas in the Middle of a Sentence<\/em><\/strong><\/p>\n\n\n\n<p>papier G print 135 g\/m<sup>2<\/sup> \/ <em>paper G print 135 g\/m<sup>2<\/sup><\/em><br>2023<\/p>","protected":false},"excerpt":{"rendered":"<p>Dv\u011b desetinn\u00e9 \u010d\u00e1rky uprost\u0159ed v\u011bty \/ Two Decimal Commas in the Middle of a Sentence papier G print 135 g\/m2 \/ paper G print 135 g\/m22023<\/p>","protected":false},"author":1,"featured_media":0,"parent":54,"menu_order":0,"comment_status":"closed","ping_status":"closed","template":"","meta":{"_monsterinsights_skip_tracking":false,"_monsterinsights_sitenote_active":false,"_monsterinsights_sitenote_note":"","_monsterinsights_sitenote_category":0,"two_page_speed":[]},"_links":{"self":[{"href":"https:\/\/www.artistsbookmartin.sk\/en\/wp-json\/wp\/v2\/pages\/1673"}],"collection":[{"href":"https:\/\/www.artistsbookmartin.sk\/en\/wp-json\/wp\/v2\/pages"}],"about":[{"href":"https:\/\/www.artistsbookmartin.sk\/en\/wp-json\/wp\/v2\/types\/page"}],"author":[{"embeddable":true,"href":"https:\/\/www.artistsbookmartin.sk\/en\/wp-json\/wp\/v2\/users\/1"}],"replies":[{"embeddable":true,"href":"https:\/\/www.artistsbookmartin.sk\/en\/wp-json\/wp\/v2\/comments?post=1673"}],"version-history":[{"count":1,"href":"https:\/\/www.artistsbookmartin.sk\/en\/wp-json\/wp\/v2\/pages\/1673\/revisions"}],"predecessor-version":[{"id":1676,"href":"https:\/\/www.artistsbookmartin.sk\/en\/wp-json\/wp\/v2\/pages\/1673\/revisions\/1676"}],"up":[{"embeddable":true,"href":"https:\/\/www.artistsbookmartin.sk\/en\/wp-json\/wp\/v2\/pages\/54"}],"wp:attachment":[{"href":"https:\/\/www.artistsbookmartin.sk\/en\/wp-json\/wp\/v2\/media?parent=1673"}],"curies":[{"name":"wp","href":"https:\/\/api.w.org\/{rel}","templated":true}]}}