{"id":1662,"date":"2025-03-24T10:31:33","date_gmt":"2025-03-24T09:31:33","guid":{"rendered":"https:\/\/www.artistsbookmartin.sk\/?page_id=1662"},"modified":"2025-03-24T13:11:57","modified_gmt":"2025-03-24T12:11:57","slug":"han-donau","status":"publish","type":"page","link":"https:\/\/www.artistsbookmartin.sk\/en\/autori_abecedne\/han-donau\/","title":{"rendered":"Han Donau"},"content":{"rendered":"<figure class=\"wp-block-image size-full\"><img loading=\"lazy\" width=\"1000\" height=\"712\" src=\"https:\/\/www.artistsbookmartin.sk\/wp-content\/uploads\/2025\/03\/han-donau-2024.jpeg\" alt=\"\" class=\"wp-image-1663\" srcset=\"https:\/\/www.artistsbookmartin.sk\/wp-content\/uploads\/2025\/03\/han-donau-2024.jpeg 1000w, https:\/\/www.artistsbookmartin.sk\/wp-content\/uploads\/2025\/03\/han-donau-2024-300x214.jpeg 300w, https:\/\/www.artistsbookmartin.sk\/wp-content\/uploads\/2025\/03\/han-donau-2024-768x547.jpeg 768w, https:\/\/www.artistsbookmartin.sk\/wp-content\/uploads\/2025\/03\/han-donau-2024-50x36.jpeg 50w, https:\/\/www.artistsbookmartin.sk\/wp-content\/uploads\/2025\/03\/han-donau-2024-500x356.jpeg 500w, https:\/\/www.artistsbookmartin.sk\/wp-content\/uploads\/2025\/03\/han-donau-2024-18x12.jpeg 18w, https:\/\/www.artistsbookmartin.sk\/wp-content\/uploads\/2025\/03\/han-donau-2024-600x427.jpeg 600w\" sizes=\"(max-width: 1000px) 100vw, 1000px\" \/><\/figure>\n\n\n\n<p><strong>Jazero \/ <em>Lake<\/em><\/strong><\/p>\n\n\n\n<p>ofsetov\u00e1 tla\u010d na papier \/ <em>off set printing on paper<\/em><br>2023<\/p>\n\n\n\n<div class=\"wp-block-columns\">\n<div class=\"wp-block-column\">\n<p>\u201eObr\u00e1zkov\u00e1 kniha Jazero je subt\u00edlne a poetick\u00e9 umeleck\u00e9 dielo, v ktorom sa hlbok\u00e9 obrazy sp\u00e1jaj\u00fa s minimalisticky\u0301m textom. Na prvy\u0301 poh\u013ead jednoduchy\u0301 pr\u00edbeh klame telom \u2013 v skuto\u010dnosti ide o premy\u0301\u0161\u013eanie nad vyrovn\u00e1van\u00edm sa so zmenami a stratou. Kniha obsahuje r\u00f4zne vizu\u00e1lne h\u00e1danky a symboly, nevidite\u013en\u00e9 stopy, ktor\u00e9 c\u00edtime, ale na prvy\u0301 poh\u013ead nevid\u00edme. S\u00fa to napr\u00edklad slepotla\u010dou vyobrazen\u00e9 veci na ob\u00e1lke od skuto\u010dny\u0301ch \u013eud\u00ed, ako bro\u0161\u0148a po mojej starej mame, alebo no\u017enice po tete, ktory\u0301mi jedn\u00e9mu chlapcovi strihala v detstve vlasy\u2026\u201c<\/p>\n<\/div>\n\n\n\n<div class=\"wp-block-column\">\n<p><em>\u201cThe picture book Jazero (Lake) is a subtle and poetic work of art, where deep imagery intertwines with minimalist text. At fi rst glance, the simple story is deceiving \u2013 it\u2019s really a meditation on coming to terms with change and loss. The book contains various visual puzzles and symbols, invisible traces that we feel but do not immediately see. These include, for example, blind embossing depicting objects on the cover belonging to real people who have left them behind, such as a brooch from my grandmother or scissors from my aunt, with which she cut a boy\u2019s hair as a child.\u201d<\/em><\/p>\n<\/div>\n<\/div>","protected":false},"excerpt":{"rendered":"<p>Jazero \/ Lake ofsetov\u00e1 tla\u010d na papier \/ off set printing on paper2023 \u201eObr\u00e1zkov\u00e1 kniha Jazero je subt\u00edlne a poetick\u00e9 umeleck\u00e9 dielo, v ktorom sa hlbok\u00e9 obrazy sp\u00e1jaj\u00fa s minimalisticky\u0301m textom. Na prvy\u0301 poh\u013ead jednoduchy\u0301 pr\u00edbeh klame telom \u2013 v skuto\u010dnosti ide o premy\u0301\u0161\u013eanie nad vyrovn\u00e1van\u00edm sa so zmenami a stratou. Kniha obsahuje r\u00f4zne vizu\u00e1lne [&hellip;]<\/p>","protected":false},"author":1,"featured_media":0,"parent":54,"menu_order":0,"comment_status":"closed","ping_status":"closed","template":"","meta":{"_monsterinsights_skip_tracking":false,"_monsterinsights_sitenote_active":false,"_monsterinsights_sitenote_note":"","_monsterinsights_sitenote_category":0,"two_page_speed":[]},"_links":{"self":[{"href":"https:\/\/www.artistsbookmartin.sk\/en\/wp-json\/wp\/v2\/pages\/1662"}],"collection":[{"href":"https:\/\/www.artistsbookmartin.sk\/en\/wp-json\/wp\/v2\/pages"}],"about":[{"href":"https:\/\/www.artistsbookmartin.sk\/en\/wp-json\/wp\/v2\/types\/page"}],"author":[{"embeddable":true,"href":"https:\/\/www.artistsbookmartin.sk\/en\/wp-json\/wp\/v2\/users\/1"}],"replies":[{"embeddable":true,"href":"https:\/\/www.artistsbookmartin.sk\/en\/wp-json\/wp\/v2\/comments?post=1662"}],"version-history":[{"count":2,"href":"https:\/\/www.artistsbookmartin.sk\/en\/wp-json\/wp\/v2\/pages\/1662\/revisions"}],"predecessor-version":[{"id":1667,"href":"https:\/\/www.artistsbookmartin.sk\/en\/wp-json\/wp\/v2\/pages\/1662\/revisions\/1667"}],"up":[{"embeddable":true,"href":"https:\/\/www.artistsbookmartin.sk\/en\/wp-json\/wp\/v2\/pages\/54"}],"wp:attachment":[{"href":"https:\/\/www.artistsbookmartin.sk\/en\/wp-json\/wp\/v2\/media?parent=1662"}],"curies":[{"name":"wp","href":"https:\/\/api.w.org\/{rel}","templated":true}]}}