{"id":1658,"date":"2025-03-24T10:29:08","date_gmt":"2025-03-24T09:29:08","guid":{"rendered":"https:\/\/www.artistsbookmartin.sk\/?page_id=1658"},"modified":"2025-03-24T13:10:27","modified_gmt":"2025-03-24T12:10:27","slug":"barbara-fejes","status":"publish","type":"page","link":"https:\/\/www.artistsbookmartin.sk\/en\/autori_abecedne\/barbara-fejes\/","title":{"rendered":"Barbara Fejes"},"content":{"rendered":"<figure class=\"wp-block-image size-full\"><img loading=\"lazy\" width=\"1007\" height=\"728\" src=\"https:\/\/www.artistsbookmartin.sk\/wp-content\/uploads\/2025\/03\/barbora-fejes-2024.jpeg\" alt=\"\" class=\"wp-image-1659\" srcset=\"https:\/\/www.artistsbookmartin.sk\/wp-content\/uploads\/2025\/03\/barbora-fejes-2024.jpeg 1007w, https:\/\/www.artistsbookmartin.sk\/wp-content\/uploads\/2025\/03\/barbora-fejes-2024-300x217.jpeg 300w, https:\/\/www.artistsbookmartin.sk\/wp-content\/uploads\/2025\/03\/barbora-fejes-2024-768x555.jpeg 768w, https:\/\/www.artistsbookmartin.sk\/wp-content\/uploads\/2025\/03\/barbora-fejes-2024-50x36.jpeg 50w, https:\/\/www.artistsbookmartin.sk\/wp-content\/uploads\/2025\/03\/barbora-fejes-2024-1000x723.jpeg 1000w, https:\/\/www.artistsbookmartin.sk\/wp-content\/uploads\/2025\/03\/barbora-fejes-2024-500x361.jpeg 500w, https:\/\/www.artistsbookmartin.sk\/wp-content\/uploads\/2025\/03\/barbora-fejes-2024-18x12.jpeg 18w, https:\/\/www.artistsbookmartin.sk\/wp-content\/uploads\/2025\/03\/barbora-fejes-2024-600x434.jpeg 600w\" sizes=\"(max-width: 1007px) 100vw, 1007px\" \/><\/figure>\n\n\n\n<p><strong>L\u00e1tszat-Val\u00f3s\u00e1g \/ <em>Appearance-Reality<\/em><\/strong><\/p>\n\n\n\n<p>papier, akryl, kol\u00e1\u017e, po\u010d\u00edta\u010dov\u00e9 spracovanie \/ <em>paper, acrylic, collage, computer post-processing<\/em><br>2021<\/p>\n\n\n\n<p><a href=\"http:\/\/www.behance.net\/Baruska\" target=\"_blank\" rel=\"noreferrer noopener nofollow\">www.behance.net\/Baruska<\/a><\/p>\n\n\n\n<div class=\"wp-block-columns\">\n<div class=\"wp-block-column\">\n<p>\u201eKniha Appearance\u2013Reality (podtitul: Behavior and what is behind) bola vypracovan\u00e1 ako diplomov\u00e1 pr\u00e1ca (2021, Budapest Metropolitam University, ved\u00faci pr\u00e1ce: Tam\u00e1s T\u00f3th). Na z\u00e1klade vlastn\u00e9ho vy\u0301skumu som vybrala 25 druhov spr\u00e1vania, ktor\u00e9 sp\u00f4sobuj\u00fa najv\u00e4\u010d\u0161ie probl\u00e9my. Pre ka\u017ed\u00e9 z nich som vytvorila ilustr\u00e1cie, pri\u010dom ako vizu\u00e1lny n\u00e1stroj som zvolila kol\u00e1\u017e, ma\u013e bu a v niektory\u0301ch pr\u00edpadoch gestick\u00fa ma\u013ebu, aby som vystihla intenzitu a komplexnos\u0165 ty\u0301chto z\u00e1\u017eitkov\u2026\u201c<\/p>\n<\/div>\n\n\n\n<div class=\"wp-block-column\">\n<p><em>\u201cThe Book of Appearance-Reality (Subtitle: Behavior and what is behind) was made for my master\u2019s degree (2021 Budapest Metropolitam University, Supervisor: Tam\u00e1s T\u00f3th). Based on my research, I selected the 25 behaviors that cause the most problems. I made illustrations for these. As a visual tool, I chose collage, painting, and in some places gesture painting to express the intensity and complexity of experiences\u2026\u201d<\/em><\/p>\n<\/div>\n<\/div>","protected":false},"excerpt":{"rendered":"<p>L\u00e1tszat-Val\u00f3s\u00e1g \/ Appearance-Reality papier, akryl, kol\u00e1\u017e, po\u010d\u00edta\u010dov\u00e9 spracovanie \/ paper, acrylic, collage, computer post-processing2021 www.behance.net\/Baruska \u201eKniha Appearance\u2013Reality (podtitul: Behavior and what is behind) bola vypracovan\u00e1 ako diplomov\u00e1 pr\u00e1ca (2021, Budapest Metropolitam University, ved\u00faci pr\u00e1ce: Tam\u00e1s T\u00f3th). Na z\u00e1klade vlastn\u00e9ho vy\u0301skumu som vybrala 25 druhov spr\u00e1vania, ktor\u00e9 sp\u00f4sobuj\u00fa najv\u00e4\u010d\u0161ie probl\u00e9my. Pre ka\u017ed\u00e9 z nich som vytvorila [&hellip;]<\/p>","protected":false},"author":1,"featured_media":0,"parent":54,"menu_order":0,"comment_status":"closed","ping_status":"closed","template":"","meta":{"_monsterinsights_skip_tracking":false,"_monsterinsights_sitenote_active":false,"_monsterinsights_sitenote_note":"","_monsterinsights_sitenote_category":0,"two_page_speed":[]},"_links":{"self":[{"href":"https:\/\/www.artistsbookmartin.sk\/en\/wp-json\/wp\/v2\/pages\/1658"}],"collection":[{"href":"https:\/\/www.artistsbookmartin.sk\/en\/wp-json\/wp\/v2\/pages"}],"about":[{"href":"https:\/\/www.artistsbookmartin.sk\/en\/wp-json\/wp\/v2\/types\/page"}],"author":[{"embeddable":true,"href":"https:\/\/www.artistsbookmartin.sk\/en\/wp-json\/wp\/v2\/users\/1"}],"replies":[{"embeddable":true,"href":"https:\/\/www.artistsbookmartin.sk\/en\/wp-json\/wp\/v2\/comments?post=1658"}],"version-history":[{"count":1,"href":"https:\/\/www.artistsbookmartin.sk\/en\/wp-json\/wp\/v2\/pages\/1658\/revisions"}],"predecessor-version":[{"id":1660,"href":"https:\/\/www.artistsbookmartin.sk\/en\/wp-json\/wp\/v2\/pages\/1658\/revisions\/1660"}],"up":[{"embeddable":true,"href":"https:\/\/www.artistsbookmartin.sk\/en\/wp-json\/wp\/v2\/pages\/54"}],"wp:attachment":[{"href":"https:\/\/www.artistsbookmartin.sk\/en\/wp-json\/wp\/v2\/media?parent=1658"}],"curies":[{"name":"wp","href":"https:\/\/api.w.org\/{rel}","templated":true}]}}