{"id":165,"date":"2021-10-20T18:28:09","date_gmt":"2021-10-20T16:28:09","guid":{"rendered":"https:\/\/www.artistsbookmartin.sk\/?page_id=165"},"modified":"2021-12-23T00:50:19","modified_gmt":"2021-12-22T23:50:19","slug":"partneri","status":"publish","type":"page","link":"https:\/\/www.artistsbookmartin.sk\/en\/partneri\/","title":{"rendered":"PARTNERS"},"content":{"rendered":"<hr class=\"wp-block-separator aligncenter has-text-color has-background is-style-wide\" style=\"background-color:#c9a806;color:#c9a806\"\/>\n\n\n\n<div class=\"wp-block-columns\">\n<div class=\"wp-block-column\">\n<h2 class=\"has-text-align-center has-very-dark-gray-color has-text-color\"><span class=\"has-inline-color has-very-dark-gray-color\">MAIN ORGANISER<br><\/span><\/h2>\n\n\n\n<p class=\"has-text-align-center has-medium-font-size\"><strong>Turiec Gallery in Martin <\/strong><\/p>\n\n\n\n<p class=\"has-text-align-center has-normal-font-size\">administered by the \u017dilina self-governing region<\/p>\n\n\n\n<p class=\"has-text-align-center\">Daxnerova 2,\u00a0036 01, Martin, Slovakia<\/p>\n\n\n\n<p class=\"has-text-align-center\">turcianskagaleria@vuczilina.sk<\/p>\n\n\n\n<hr class=\"wp-block-separator aligncenter is-style-dots\"\/>\n\n\n\n<p class=\"has-text-align-center\"><a href=\"http:\/\/www.turiecgallery.sk\">www.turiecgallery.sk<\/a><\/p>\n\n\n\n<p class=\"has-text-align-center\"><a href=\"https:\/\/www.facebook.com\/turcianskagaleria\/\">www.facebook.com\/turcianskagaleria<\/a><\/p>\n\n\n\n<p class=\"has-text-align-center\"><a href=\"https:\/\/www.instagram.com\/turiecgallery\/\">www.instagram.com\/turiecgallery<\/a><\/p>\n\n\n\n<p><\/p>\n\n\n\n<hr class=\"wp-block-separator aligncenter is-style-dots\"\/>\n\n\n\n<p><\/p>\n\n\n\n<div class=\"wp-block-image\"><figure class=\"aligncenter size-large is-resized\"><img loading=\"lazy\" src=\"https:\/\/www.artistsbookmartin.sk\/wp-content\/uploads\/2021\/10\/ZSK-1024x339.png\" alt=\"\" class=\"wp-image-307\" width=\"353\" height=\"116\" srcset=\"https:\/\/www.artistsbookmartin.sk\/wp-content\/uploads\/2021\/10\/ZSK-1024x339.png 1024w, https:\/\/www.artistsbookmartin.sk\/wp-content\/uploads\/2021\/10\/ZSK-300x99.png 300w, https:\/\/www.artistsbookmartin.sk\/wp-content\/uploads\/2021\/10\/ZSK-768x254.png 768w, https:\/\/www.artistsbookmartin.sk\/wp-content\/uploads\/2021\/10\/ZSK.png 1312w\" sizes=\"(max-width: 353px) 100vw, 353px\" \/><\/figure><\/div>\n\n\n\n<div class=\"wp-block-image\"><figure class=\"aligncenter size-large is-resized\"><img loading=\"lazy\" src=\"https:\/\/www.artistsbookmartin.sk\/wp-content\/uploads\/2021\/10\/TG-1024x339.png\" alt=\"\" class=\"wp-image-305\" width=\"250\" height=\"82\" srcset=\"https:\/\/www.artistsbookmartin.sk\/wp-content\/uploads\/2021\/10\/TG-1024x339.png 1024w, https:\/\/www.artistsbookmartin.sk\/wp-content\/uploads\/2021\/10\/TG-300x99.png 300w, https:\/\/www.artistsbookmartin.sk\/wp-content\/uploads\/2021\/10\/TG-768x254.png 768w, https:\/\/www.artistsbookmartin.sk\/wp-content\/uploads\/2021\/10\/TG.png 1312w\" sizes=\"(max-width: 250px) 100vw, 250px\" \/><\/figure><\/div>\n\n\n\n<hr class=\"wp-block-separator alignfull has-text-color has-background has-very-dark-gray-background-color has-very-dark-gray-color is-style-wide\"\/>\n\n\n\n<p><\/p>\n\n\n\n<h2 class=\"has-text-align-center has-very-dark-gray-color has-text-color\"><span class=\"has-inline-color has-very-dark-gray-color\">MAIN PARTNER<\/span><\/h2>\n\n\n\n<p><\/p>\n\n\n\n<p class=\"has-text-align-center has-medium-font-size\"><strong>Slovak Arts Council&nbsp;<\/strong><\/p>\n\n\n\n<hr class=\"wp-block-separator aligncenter is-style-dots\"\/>\n\n\n\n<p class=\"has-text-align-center\"><a href=\"http:\/\/www.fpu.sk\">www.fpu.sk<\/a><\/p>\n\n\n\n<div class=\"wp-block-image\"><figure class=\"aligncenter size-large is-resized\"><img loading=\"lazy\" src=\"https:\/\/www.artistsbookmartin.sk\/wp-content\/uploads\/2021\/10\/FPU-1024x339.png\" alt=\"\" class=\"wp-image-310\" width=\"287\" height=\"94\" srcset=\"https:\/\/www.artistsbookmartin.sk\/wp-content\/uploads\/2021\/10\/FPU-1024x339.png 1024w, https:\/\/www.artistsbookmartin.sk\/wp-content\/uploads\/2021\/10\/FPU-300x99.png 300w, https:\/\/www.artistsbookmartin.sk\/wp-content\/uploads\/2021\/10\/FPU-768x254.png 768w, https:\/\/www.artistsbookmartin.sk\/wp-content\/uploads\/2021\/10\/FPU.png 1312w\" sizes=\"(max-width: 287px) 100vw, 287px\" \/><\/figure><\/div>\n<\/div>\n\n\n\n<div class=\"wp-block-column\">\n<h2 class=\"has-text-align-center has-very-dark-gray-color has-text-color\"><span class=\"has-inline-color has-very-dark-gray-color\"><strong>CO-CURATORS<\/strong><br><\/span><\/h2>\n\n\n\n<p class=\"has-text-align-center has-medium-font-size\"><strong>Olomouc Museum of Art<\/strong><\/p>\n\n\n\n<p class=\"has-text-align-center\">Denisova 47, 771 11 Olomouc, CZ<\/p>\n\n\n\n<hr class=\"wp-block-separator aligncenter is-style-dots\"\/>\n\n\n\n<p class=\"has-text-align-center\"><a href=\"https:\/\/www.muo.cz\/\">www.muo.cz<\/a><\/p>\n\n\n\n<p class=\"has-text-align-center\"><a href=\"https:\/\/www.facebook.com\/muzeumumeni\">www.facebook.com\/muzeumumeni<\/a><\/p>\n\n\n\n<div class=\"wp-block-image\"><figure class=\"aligncenter size-full is-resized\"><img loading=\"lazy\" src=\"https:\/\/www.artistsbookmartin.sk\/wp-content\/uploads\/2021\/10\/muo.png\" alt=\"\" class=\"wp-image-313\" width=\"133\" height=\"133\" srcset=\"https:\/\/www.artistsbookmartin.sk\/wp-content\/uploads\/2021\/10\/muo.png 704w, https:\/\/www.artistsbookmartin.sk\/wp-content\/uploads\/2021\/10\/muo-300x300.png 300w, https:\/\/www.artistsbookmartin.sk\/wp-content\/uploads\/2021\/10\/muo-150x150.png 150w\" sizes=\"(max-width: 133px) 100vw, 133px\" \/><\/figure><\/div>\n\n\n\n<hr class=\"wp-block-separator aligncenter has-text-color has-background has-very-dark-gray-background-color has-very-dark-gray-color is-style-wide\"\/>\n\n\n\n<p class=\"has-text-align-center has-medium-font-size\"><strong><strong>Hungarian Artist\u00b4s Book Association \u2013 Budapest <\/strong><\/strong><br><strong><strong>autorskej<\/strong> knihy<\/strong><br><\/p>\n\n\n\n<hr class=\"wp-block-separator aligncenter is-style-dots\"\/>\n\n\n\n<p class=\"has-text-align-center\"><a href=\"https:\/\/mmatartbook.wordpress.com\/\">mmatartbook.wordpress.com<\/a><\/p>\n\n\n\n<p class=\"has-text-align-center\"><a href=\"http:\/\/mmat-artbook.blogspot.hu\/?fbclid=IwAR02WMIY5N8pF5frrc7NHO5rEamO-8Lx32Fo6tVMQQuMl7XrgyN-96FFd_8\" target=\"_blank\" rel=\"noreferrer noopener\">mmat-artbook.blogspot.hu<\/a><\/p>\n\n\n\n<p class=\"has-text-align-center\"><a href=\"https:\/\/www.facebook.com\/Magyar-M%C5%B1v%C3%A9szk%C3%B6nyvalkot%C3%B3k-T%C3%A1rsas%C3%A1ga-MMAT-373988659433330\/\">www.facebook.com\/Magyar<\/a><\/p>\n\n\n\n<div class=\"wp-block-image\"><figure class=\"aligncenter size-full is-resized\"><img loading=\"lazy\" src=\"https:\/\/www.artistsbookmartin.sk\/wp-content\/uploads\/2021\/10\/zmua.png\" alt=\"\" class=\"wp-image-315\" width=\"201\" height=\"201\" srcset=\"https:\/\/www.artistsbookmartin.sk\/wp-content\/uploads\/2021\/10\/zmua.png 704w, https:\/\/www.artistsbookmartin.sk\/wp-content\/uploads\/2021\/10\/zmua-300x300.png 300w, https:\/\/www.artistsbookmartin.sk\/wp-content\/uploads\/2021\/10\/zmua-150x150.png 150w\" sizes=\"(max-width: 201px) 100vw, 201px\" \/><\/figure><\/div>\n\n\n\n<hr class=\"wp-block-separator aligncenter has-text-color has-background has-very-dark-gray-background-color has-very-dark-gray-color is-style-wide\"\/>\n\n\n\n<p class=\"has-text-align-center has-medium-font-size\"><strong>Academy of Fine Arts in Wroclaw<\/strong><\/p>\n\n\n\n<p class=\"has-text-align-center\">pl. Polski 3\/4,  50-156 Wroc\u0142aw, PL<\/p>\n\n\n\n<hr class=\"wp-block-separator aligncenter is-style-dots\"\/>\n\n\n\n<p class=\"has-text-align-center\"><a href=\"https:\/\/www.asp.wroc.pl\/\">www.asp.wroc.pl<\/a><\/p>\n\n\n\n<div class=\"wp-block-image\"><figure class=\"aligncenter size-full is-resized\"><img loading=\"lazy\" src=\"https:\/\/www.artistsbookmartin.sk\/wp-content\/uploads\/2021\/10\/asp.png\" alt=\"\" class=\"wp-image-328\" width=\"206\" height=\"172\" srcset=\"https:\/\/www.artistsbookmartin.sk\/wp-content\/uploads\/2021\/10\/asp.png 704w, https:\/\/www.artistsbookmartin.sk\/wp-content\/uploads\/2021\/10\/asp-300x252.png 300w\" sizes=\"(max-width: 206px) 100vw, 206px\" \/><\/figure><\/div>\n<\/div>\n<\/div>\n\n\n\n<figure class=\"wp-block-image\"><img alt=\"\"\/><\/figure>","protected":false},"excerpt":{"rendered":"<p>HLAVN\u00dd ORGANIZ\u00c1TOR Tur\u010dianska gal\u00e9ria v Martine v zria\u010fovate\u013eskej p\u00f4sobnosti \u017dilinsk\u00e9ho samospr\u00e1vneho kraja Daxnerova 2,&nbsp;036 01, Martin, SK turcianskagaleria@vuczilina.sk www.turiecgallery.sk www.facebook.com\/turcianskagaleria www.instagram.com\/turiecgallery HLAVN\u00dd PARTNER Fond na podporu umenia&nbsp; www.fpu.sk SPOLUORGANIZ\u00c1TORI Muzeum um\u011bn\u00ed Olomouc Denisova 47, 771 11 Olomouc, CZ www.muo.cz www.facebook.com\/muzeumumeni Zdru\u017eenie ma\u010farsk\u00fdch umelcov autorskej knihy mmatartbook.wordpress.com mmat-artbook.blogspot.hu www.facebook.com\/Magyar Akad\u00e9mia umen\u00ed Vroclav pl. Polski 3\/4, 50-156 [&hellip;]<\/p>","protected":false},"author":2,"featured_media":0,"parent":0,"menu_order":0,"comment_status":"closed","ping_status":"closed","template":"","meta":{"_monsterinsights_skip_tracking":false,"_monsterinsights_sitenote_active":false,"_monsterinsights_sitenote_note":"","_monsterinsights_sitenote_category":0,"two_page_speed":[]},"_links":{"self":[{"href":"https:\/\/www.artistsbookmartin.sk\/en\/wp-json\/wp\/v2\/pages\/165"}],"collection":[{"href":"https:\/\/www.artistsbookmartin.sk\/en\/wp-json\/wp\/v2\/pages"}],"about":[{"href":"https:\/\/www.artistsbookmartin.sk\/en\/wp-json\/wp\/v2\/types\/page"}],"author":[{"embeddable":true,"href":"https:\/\/www.artistsbookmartin.sk\/en\/wp-json\/wp\/v2\/users\/2"}],"replies":[{"embeddable":true,"href":"https:\/\/www.artistsbookmartin.sk\/en\/wp-json\/wp\/v2\/comments?post=165"}],"version-history":[{"count":6,"href":"https:\/\/www.artistsbookmartin.sk\/en\/wp-json\/wp\/v2\/pages\/165\/revisions"}],"predecessor-version":[{"id":845,"href":"https:\/\/www.artistsbookmartin.sk\/en\/wp-json\/wp\/v2\/pages\/165\/revisions\/845"}],"wp:attachment":[{"href":"https:\/\/www.artistsbookmartin.sk\/en\/wp-json\/wp\/v2\/media?parent=165"}],"curies":[{"name":"wp","href":"https:\/\/api.w.org\/{rel}","templated":true}]}}