{"id":1628,"date":"2025-03-24T09:53:59","date_gmt":"2025-03-24T08:53:59","guid":{"rendered":"https:\/\/www.artistsbookmartin.sk\/?page_id=1628"},"modified":"2025-03-24T13:14:13","modified_gmt":"2025-03-24T12:14:13","slug":"pavel-hora","status":"publish","type":"page","link":"https:\/\/www.artistsbookmartin.sk\/en\/autori_abecedne\/pavel-hora\/","title":{"rendered":"Pavel Hora"},"content":{"rendered":"<figure class=\"wp-block-image size-full\"><img loading=\"lazy\" width=\"1007\" height=\"783\" src=\"https:\/\/www.artistsbookmartin.sk\/wp-content\/uploads\/2025\/03\/pavel-hora-2024.jpeg\" alt=\"\" class=\"wp-image-1629\" srcset=\"https:\/\/www.artistsbookmartin.sk\/wp-content\/uploads\/2025\/03\/pavel-hora-2024.jpeg 1007w, https:\/\/www.artistsbookmartin.sk\/wp-content\/uploads\/2025\/03\/pavel-hora-2024-300x233.jpeg 300w, https:\/\/www.artistsbookmartin.sk\/wp-content\/uploads\/2025\/03\/pavel-hora-2024-768x597.jpeg 768w, https:\/\/www.artistsbookmartin.sk\/wp-content\/uploads\/2025\/03\/pavel-hora-2024-50x39.jpeg 50w, https:\/\/www.artistsbookmartin.sk\/wp-content\/uploads\/2025\/03\/pavel-hora-2024-1000x778.jpeg 1000w, https:\/\/www.artistsbookmartin.sk\/wp-content\/uploads\/2025\/03\/pavel-hora-2024-500x389.jpeg 500w, https:\/\/www.artistsbookmartin.sk\/wp-content\/uploads\/2025\/03\/pavel-hora-2024-15x12.jpeg 15w, https:\/\/www.artistsbookmartin.sk\/wp-content\/uploads\/2025\/03\/pavel-hora-2024-600x467.jpeg 600w\" sizes=\"(max-width: 1007px) 100vw, 1007px\" \/><\/figure>\n\n\n\n<p><strong>Post tenebras lux<\/strong><\/p>\n\n\n\n<p>tla\u010d z vy\u0301\u0161ky z fotopolym\u00e9rnych \u0161to\u010dkov a vy\u0301sek na papier<br>\/ <em>relief printing from photopolymer plates and cutting on paper<\/em><br>2023<\/p>\n\n\n\n<div class=\"wp-block-columns\">\n<div class=\"wp-block-column\">\n<p>\u201eGrafi ck\u00e9 listy: pozvoln\u00e9 prom\u011bny sv\u011btel a st\u00edn\u016f dan\u00e9 posuny a obm\u011bnami matric. Vy\u0301seky na prot\u011bj\u0161\u00ed, sud\u00e9 stran\u011b nazna\u010duj\u00ed proud z\u00e1blesk\u016f sv\u011btel v temnot\u011b a z\u00e1rov\u011b\u0148 posun v \u010dase a prostoru.\u201c<\/p>\n<\/div>\n\n\n\n<div class=\"wp-block-column\">\n<p><em>\u201cGraphic prints: gradual transformations of light and shadow created by shift s and variations in the matrices. The cutouts on the opposite, even-numbered page suggest a fl ow of fl ashes of light in the darkness, while also hinting at a shift in time and space.\u201d<\/em><\/p>\n<\/div>\n<\/div>","protected":false},"excerpt":{"rendered":"<p>Post tenebras lux tla\u010d z vy\u0301\u0161ky z fotopolym\u00e9rnych \u0161to\u010dkov a vy\u0301sek na papier\/ relief printing from photopolymer plates and cutting on paper2023 \u201eGrafi ck\u00e9 listy: pozvoln\u00e9 prom\u011bny sv\u011btel a st\u00edn\u016f dan\u00e9 posuny a obm\u011bnami matric. Vy\u0301seky na prot\u011bj\u0161\u00ed, sud\u00e9 stran\u011b nazna\u010duj\u00ed proud z\u00e1blesk\u016f sv\u011btel v temnot\u011b a z\u00e1rov\u011b\u0148 posun v \u010dase a prostoru.\u201c \u201cGraphic prints: [&hellip;]<\/p>","protected":false},"author":1,"featured_media":0,"parent":54,"menu_order":0,"comment_status":"closed","ping_status":"closed","template":"","meta":{"_monsterinsights_skip_tracking":false,"_monsterinsights_sitenote_active":false,"_monsterinsights_sitenote_note":"","_monsterinsights_sitenote_category":0,"two_page_speed":[]},"_links":{"self":[{"href":"https:\/\/www.artistsbookmartin.sk\/en\/wp-json\/wp\/v2\/pages\/1628"}],"collection":[{"href":"https:\/\/www.artistsbookmartin.sk\/en\/wp-json\/wp\/v2\/pages"}],"about":[{"href":"https:\/\/www.artistsbookmartin.sk\/en\/wp-json\/wp\/v2\/types\/page"}],"author":[{"embeddable":true,"href":"https:\/\/www.artistsbookmartin.sk\/en\/wp-json\/wp\/v2\/users\/1"}],"replies":[{"embeddable":true,"href":"https:\/\/www.artistsbookmartin.sk\/en\/wp-json\/wp\/v2\/comments?post=1628"}],"version-history":[{"count":1,"href":"https:\/\/www.artistsbookmartin.sk\/en\/wp-json\/wp\/v2\/pages\/1628\/revisions"}],"predecessor-version":[{"id":1630,"href":"https:\/\/www.artistsbookmartin.sk\/en\/wp-json\/wp\/v2\/pages\/1628\/revisions\/1630"}],"up":[{"embeddable":true,"href":"https:\/\/www.artistsbookmartin.sk\/en\/wp-json\/wp\/v2\/pages\/54"}],"wp:attachment":[{"href":"https:\/\/www.artistsbookmartin.sk\/en\/wp-json\/wp\/v2\/media?parent=1628"}],"curies":[{"name":"wp","href":"https:\/\/api.w.org\/{rel}","templated":true}]}}