{"id":1597,"date":"2025-03-24T08:23:02","date_gmt":"2025-03-24T07:23:02","guid":{"rendered":"https:\/\/www.artistsbookmartin.sk\/?page_id=1597"},"modified":"2025-03-24T13:14:46","modified_gmt":"2025-03-24T12:14:46","slug":"tomas-klepoch-jan-cumlivski-juraj-horvath-palo-cejka","status":"publish","type":"page","link":"https:\/\/www.artistsbookmartin.sk\/en\/autori_abecedne\/tomas-klepoch-jan-cumlivski-juraj-horvath-palo-cejka\/","title":{"rendered":"Tom\u00e1\u0161 Klepoch, Jan \u010cumlivski, Juraj Horv\u00e1th, Palo \u010cejka"},"content":{"rendered":"<figure class=\"wp-block-image size-large\"><img loading=\"lazy\" width=\"775\" height=\"1024\" src=\"https:\/\/www.artistsbookmartin.sk\/wp-content\/uploads\/2025\/03\/klepoch-cumlivski-horvath-cejka-2024-775x1024.jpeg\" alt=\"\" class=\"wp-image-1598\" srcset=\"https:\/\/www.artistsbookmartin.sk\/wp-content\/uploads\/2025\/03\/klepoch-cumlivski-horvath-cejka-2024-775x1024.jpeg 775w, https:\/\/www.artistsbookmartin.sk\/wp-content\/uploads\/2025\/03\/klepoch-cumlivski-horvath-cejka-2024-227x300.jpeg 227w, https:\/\/www.artistsbookmartin.sk\/wp-content\/uploads\/2025\/03\/klepoch-cumlivski-horvath-cejka-2024-768x1014.jpeg 768w, https:\/\/www.artistsbookmartin.sk\/wp-content\/uploads\/2025\/03\/klepoch-cumlivski-horvath-cejka-2024-50x66.jpeg 50w, https:\/\/www.artistsbookmartin.sk\/wp-content\/uploads\/2025\/03\/klepoch-cumlivski-horvath-cejka-2024-454x600.jpeg 454w, https:\/\/www.artistsbookmartin.sk\/wp-content\/uploads\/2025\/03\/klepoch-cumlivski-horvath-cejka-2024-9x12.jpeg 9w, https:\/\/www.artistsbookmartin.sk\/wp-content\/uploads\/2025\/03\/klepoch-cumlivski-horvath-cejka-2024.jpeg 826w\" sizes=\"(max-width: 775px) 100vw, 775px\" \/><\/figure>\n\n\n\n<p><strong>Gemericana<\/strong><\/p>\n\n\n\n<p>kresba na \u0161abl\u00f3novy\u0301 papier, sie\u0165otla\u010d, ofset, dom\u00e1ca digit\u00e1lna tla\u010diare\u0148<br>\/ <em>drawing on stencil paper, silksreen, off set, home digital printer<\/em><br>2022<\/p>","protected":false},"excerpt":{"rendered":"<p>Gemericana kresba na \u0161abl\u00f3novy\u0301 papier, sie\u0165otla\u010d, ofset, dom\u00e1ca digit\u00e1lna tla\u010diare\u0148\/ drawing on stencil paper, silksreen, off set, home digital printer2022<\/p>","protected":false},"author":1,"featured_media":0,"parent":54,"menu_order":0,"comment_status":"closed","ping_status":"closed","template":"","meta":{"_monsterinsights_skip_tracking":false,"_monsterinsights_sitenote_active":false,"_monsterinsights_sitenote_note":"","_monsterinsights_sitenote_category":0,"two_page_speed":[]},"_links":{"self":[{"href":"https:\/\/www.artistsbookmartin.sk\/en\/wp-json\/wp\/v2\/pages\/1597"}],"collection":[{"href":"https:\/\/www.artistsbookmartin.sk\/en\/wp-json\/wp\/v2\/pages"}],"about":[{"href":"https:\/\/www.artistsbookmartin.sk\/en\/wp-json\/wp\/v2\/types\/page"}],"author":[{"embeddable":true,"href":"https:\/\/www.artistsbookmartin.sk\/en\/wp-json\/wp\/v2\/users\/1"}],"replies":[{"embeddable":true,"href":"https:\/\/www.artistsbookmartin.sk\/en\/wp-json\/wp\/v2\/comments?post=1597"}],"version-history":[{"count":1,"href":"https:\/\/www.artistsbookmartin.sk\/en\/wp-json\/wp\/v2\/pages\/1597\/revisions"}],"predecessor-version":[{"id":1599,"href":"https:\/\/www.artistsbookmartin.sk\/en\/wp-json\/wp\/v2\/pages\/1597\/revisions\/1599"}],"up":[{"embeddable":true,"href":"https:\/\/www.artistsbookmartin.sk\/en\/wp-json\/wp\/v2\/pages\/54"}],"wp:attachment":[{"href":"https:\/\/www.artistsbookmartin.sk\/en\/wp-json\/wp\/v2\/media?parent=1597"}],"curies":[{"name":"wp","href":"https:\/\/api.w.org\/{rel}","templated":true}]}}