{"id":1591,"date":"2025-03-24T08:18:10","date_gmt":"2025-03-24T07:18:10","guid":{"rendered":"https:\/\/www.artistsbookmartin.sk\/?page_id=1591"},"modified":"2025-03-24T13:13:37","modified_gmt":"2025-03-24T12:13:37","slug":"milos-koptak","status":"publish","type":"page","link":"https:\/\/www.artistsbookmartin.sk\/en\/autori_abecedne\/milos-koptak\/","title":{"rendered":"Milo\u0161 Kopt\u00e1k"},"content":{"rendered":"<figure class=\"wp-block-image size-full\"><img loading=\"lazy\" width=\"822\" height=\"530\" src=\"https:\/\/www.artistsbookmartin.sk\/wp-content\/uploads\/2025\/03\/milos-koptak-1-2024.jpeg\" alt=\"\" class=\"wp-image-1593\" srcset=\"https:\/\/www.artistsbookmartin.sk\/wp-content\/uploads\/2025\/03\/milos-koptak-1-2024.jpeg 822w, https:\/\/www.artistsbookmartin.sk\/wp-content\/uploads\/2025\/03\/milos-koptak-1-2024-300x193.jpeg 300w, https:\/\/www.artistsbookmartin.sk\/wp-content\/uploads\/2025\/03\/milos-koptak-1-2024-768x495.jpeg 768w, https:\/\/www.artistsbookmartin.sk\/wp-content\/uploads\/2025\/03\/milos-koptak-1-2024-50x32.jpeg 50w, https:\/\/www.artistsbookmartin.sk\/wp-content\/uploads\/2025\/03\/milos-koptak-1-2024-500x322.jpeg 500w, https:\/\/www.artistsbookmartin.sk\/wp-content\/uploads\/2025\/03\/milos-koptak-1-2024-18x12.jpeg 18w, https:\/\/www.artistsbookmartin.sk\/wp-content\/uploads\/2025\/03\/milos-koptak-1-2024-600x387.jpeg 600w\" sizes=\"(max-width: 822px) 100vw, 822px\" \/><\/figure>\n\n\n\n<figure class=\"wp-block-image size-full\"><img loading=\"lazy\" width=\"821\" height=\"549\" src=\"https:\/\/www.artistsbookmartin.sk\/wp-content\/uploads\/2025\/03\/milos-koptak-2-2024.jpeg\" alt=\"\" class=\"wp-image-1594\" srcset=\"https:\/\/www.artistsbookmartin.sk\/wp-content\/uploads\/2025\/03\/milos-koptak-2-2024.jpeg 821w, https:\/\/www.artistsbookmartin.sk\/wp-content\/uploads\/2025\/03\/milos-koptak-2-2024-300x201.jpeg 300w, https:\/\/www.artistsbookmartin.sk\/wp-content\/uploads\/2025\/03\/milos-koptak-2-2024-768x514.jpeg 768w, https:\/\/www.artistsbookmartin.sk\/wp-content\/uploads\/2025\/03\/milos-koptak-2-2024-50x33.jpeg 50w, https:\/\/www.artistsbookmartin.sk\/wp-content\/uploads\/2025\/03\/milos-koptak-2-2024-500x334.jpeg 500w, https:\/\/www.artistsbookmartin.sk\/wp-content\/uploads\/2025\/03\/milos-koptak-2-2024-18x12.jpeg 18w, https:\/\/www.artistsbookmartin.sk\/wp-content\/uploads\/2025\/03\/milos-koptak-2-2024-600x401.jpeg 600w\" sizes=\"(max-width: 821px) 100vw, 821px\" \/><\/figure>\n\n\n\n<p><strong>Nov\u00e1 Geografi ck\u00e1 mapa Slovenska, Ostrovy zabudnutia, Ostrovy rozko\u0161e<br>\/ <em>New Geographical Map of Slovakia, Islands of Forgetfulness, Islands of Pleasure<\/em><\/strong><\/p>\n\n\n\n<p>papier, propisot \/ <em>paper, dry transfer<\/em><br>2024<\/p>\n\n\n\n<p><a href=\"http:\/\/www.koptak.sk\" target=\"_blank\" rel=\"noreferrer noopener nofollow\">www.koptak.sk<\/a><\/p>","protected":false},"excerpt":{"rendered":"<p>Nov\u00e1 Geografi ck\u00e1 mapa Slovenska, Ostrovy zabudnutia, Ostrovy rozko\u0161e\/ New Geographical Map of Slovakia, Islands of Forgetfulness, Islands of Pleasure papier, propisot \/ paper, dry transfer2024 www.koptak.sk<\/p>","protected":false},"author":1,"featured_media":0,"parent":54,"menu_order":0,"comment_status":"closed","ping_status":"closed","template":"","meta":{"_monsterinsights_skip_tracking":false,"_monsterinsights_sitenote_active":false,"_monsterinsights_sitenote_note":"","_monsterinsights_sitenote_category":0,"two_page_speed":[]},"_links":{"self":[{"href":"https:\/\/www.artistsbookmartin.sk\/en\/wp-json\/wp\/v2\/pages\/1591"}],"collection":[{"href":"https:\/\/www.artistsbookmartin.sk\/en\/wp-json\/wp\/v2\/pages"}],"about":[{"href":"https:\/\/www.artistsbookmartin.sk\/en\/wp-json\/wp\/v2\/types\/page"}],"author":[{"embeddable":true,"href":"https:\/\/www.artistsbookmartin.sk\/en\/wp-json\/wp\/v2\/users\/1"}],"replies":[{"embeddable":true,"href":"https:\/\/www.artistsbookmartin.sk\/en\/wp-json\/wp\/v2\/comments?post=1591"}],"version-history":[{"count":2,"href":"https:\/\/www.artistsbookmartin.sk\/en\/wp-json\/wp\/v2\/pages\/1591\/revisions"}],"predecessor-version":[{"id":1596,"href":"https:\/\/www.artistsbookmartin.sk\/en\/wp-json\/wp\/v2\/pages\/1591\/revisions\/1596"}],"up":[{"embeddable":true,"href":"https:\/\/www.artistsbookmartin.sk\/en\/wp-json\/wp\/v2\/pages\/54"}],"wp:attachment":[{"href":"https:\/\/www.artistsbookmartin.sk\/en\/wp-json\/wp\/v2\/media?parent=1591"}],"curies":[{"name":"wp","href":"https:\/\/api.w.org\/{rel}","templated":true}]}}