{"id":1573,"date":"2025-03-24T08:08:02","date_gmt":"2025-03-24T07:08:02","guid":{"rendered":"https:\/\/www.artistsbookmartin.sk\/?page_id=1573"},"modified":"2025-03-24T13:09:05","modified_gmt":"2025-03-24T12:09:05","slug":"agata-kosmacz","status":"publish","type":"page","link":"https:\/\/www.artistsbookmartin.sk\/en\/autori_abecedne\/agata-kosmacz\/","title":{"rendered":"Agata Kosmacz"},"content":{"rendered":"<figure class=\"wp-block-image size-large\"><img loading=\"lazy\" width=\"1024\" height=\"650\" src=\"https:\/\/www.artistsbookmartin.sk\/wp-content\/uploads\/2025\/03\/anna-kosmacz-2024-1024x650.jpeg\" alt=\"\" class=\"wp-image-1574\" srcset=\"https:\/\/www.artistsbookmartin.sk\/wp-content\/uploads\/2025\/03\/anna-kosmacz-2024-1024x650.jpeg 1024w, https:\/\/www.artistsbookmartin.sk\/wp-content\/uploads\/2025\/03\/anna-kosmacz-2024-300x190.jpeg 300w, https:\/\/www.artistsbookmartin.sk\/wp-content\/uploads\/2025\/03\/anna-kosmacz-2024-768x488.jpeg 768w, https:\/\/www.artistsbookmartin.sk\/wp-content\/uploads\/2025\/03\/anna-kosmacz-2024-50x32.jpeg 50w, https:\/\/www.artistsbookmartin.sk\/wp-content\/uploads\/2025\/03\/anna-kosmacz-2024-1600x1016.jpeg 1600w, https:\/\/www.artistsbookmartin.sk\/wp-content\/uploads\/2025\/03\/anna-kosmacz-2024-1000x635.jpeg 1000w, https:\/\/www.artistsbookmartin.sk\/wp-content\/uploads\/2025\/03\/anna-kosmacz-2024-500x317.jpeg 500w, https:\/\/www.artistsbookmartin.sk\/wp-content\/uploads\/2025\/03\/anna-kosmacz-2024-1536x975.jpeg 1536w, https:\/\/www.artistsbookmartin.sk\/wp-content\/uploads\/2025\/03\/anna-kosmacz-2024-18x12.jpeg 18w, https:\/\/www.artistsbookmartin.sk\/wp-content\/uploads\/2025\/03\/anna-kosmacz-2024-600x381.jpeg 600w, https:\/\/www.artistsbookmartin.sk\/wp-content\/uploads\/2025\/03\/anna-kosmacz-2024.jpeg 1643w\" sizes=\"(max-width: 1024px) 100vw, 1024px\" \/><\/figure>\n\n\n\n<p><strong>Clouds<\/strong><\/p>\n\n\n\n<p>kombinovan\u00e1 technika, ry\u017eovy\u0301 papier, \u013eanov\u00e9 nite, \u013ean, bavlna, lept<br><em>\/ mixed media, rice paper, linen thread, linen, cotton, etching<br><\/em>2017 \u2014 2022<\/p>\n\n\n\n<p><a href=\"http:\/\/www.53dot26.pl\" target=\"_blank\" rel=\"noreferrer noopener nofollow\">www.53dot26.pl<\/a><\/p>","protected":false},"excerpt":{"rendered":"<p>Clouds kombinovan\u00e1 technika, ry\u017eovy\u0301 papier, \u013eanov\u00e9 nite, \u013ean, bavlna, lept\/ mixed media, rice paper, linen thread, linen, cotton, etching2017 \u2014 2022 www.53dot26.pl<\/p>","protected":false},"author":1,"featured_media":0,"parent":54,"menu_order":0,"comment_status":"closed","ping_status":"closed","template":"","meta":{"_monsterinsights_skip_tracking":false,"_monsterinsights_sitenote_active":false,"_monsterinsights_sitenote_note":"","_monsterinsights_sitenote_category":0,"two_page_speed":[]},"_links":{"self":[{"href":"https:\/\/www.artistsbookmartin.sk\/en\/wp-json\/wp\/v2\/pages\/1573"}],"collection":[{"href":"https:\/\/www.artistsbookmartin.sk\/en\/wp-json\/wp\/v2\/pages"}],"about":[{"href":"https:\/\/www.artistsbookmartin.sk\/en\/wp-json\/wp\/v2\/types\/page"}],"author":[{"embeddable":true,"href":"https:\/\/www.artistsbookmartin.sk\/en\/wp-json\/wp\/v2\/users\/1"}],"replies":[{"embeddable":true,"href":"https:\/\/www.artistsbookmartin.sk\/en\/wp-json\/wp\/v2\/comments?post=1573"}],"version-history":[{"count":1,"href":"https:\/\/www.artistsbookmartin.sk\/en\/wp-json\/wp\/v2\/pages\/1573\/revisions"}],"predecessor-version":[{"id":1575,"href":"https:\/\/www.artistsbookmartin.sk\/en\/wp-json\/wp\/v2\/pages\/1573\/revisions\/1575"}],"up":[{"embeddable":true,"href":"https:\/\/www.artistsbookmartin.sk\/en\/wp-json\/wp\/v2\/pages\/54"}],"wp:attachment":[{"href":"https:\/\/www.artistsbookmartin.sk\/en\/wp-json\/wp\/v2\/media?parent=1573"}],"curies":[{"name":"wp","href":"https:\/\/api.w.org\/{rel}","templated":true}]}}