{"id":1567,"date":"2025-03-24T08:03:38","date_gmt":"2025-03-24T07:03:38","guid":{"rendered":"https:\/\/www.artistsbookmartin.sk\/?page_id=1567"},"modified":"2025-03-24T13:13:37","modified_gmt":"2025-03-24T12:13:37","slug":"matej-kren","status":"publish","type":"page","link":"https:\/\/www.artistsbookmartin.sk\/en\/autori_abecedne\/matej-kren\/","title":{"rendered":"Matej Kr\u00e9n"},"content":{"rendered":"<figure class=\"wp-block-image size-full\"><img loading=\"lazy\" width=\"826\" height=\"532\" src=\"https:\/\/www.artistsbookmartin.sk\/wp-content\/uploads\/2025\/03\/matej-kren-1-2024.jpeg\" alt=\"\" class=\"wp-image-1569\" srcset=\"https:\/\/www.artistsbookmartin.sk\/wp-content\/uploads\/2025\/03\/matej-kren-1-2024.jpeg 826w, https:\/\/www.artistsbookmartin.sk\/wp-content\/uploads\/2025\/03\/matej-kren-1-2024-300x193.jpeg 300w, https:\/\/www.artistsbookmartin.sk\/wp-content\/uploads\/2025\/03\/matej-kren-1-2024-768x495.jpeg 768w, https:\/\/www.artistsbookmartin.sk\/wp-content\/uploads\/2025\/03\/matej-kren-1-2024-50x32.jpeg 50w, https:\/\/www.artistsbookmartin.sk\/wp-content\/uploads\/2025\/03\/matej-kren-1-2024-500x322.jpeg 500w, https:\/\/www.artistsbookmartin.sk\/wp-content\/uploads\/2025\/03\/matej-kren-1-2024-18x12.jpeg 18w, https:\/\/www.artistsbookmartin.sk\/wp-content\/uploads\/2025\/03\/matej-kren-1-2024-600x386.jpeg 600w\" sizes=\"(max-width: 826px) 100vw, 826px\" \/><\/figure>\n\n\n\n<figure class=\"wp-block-image size-full\"><img loading=\"lazy\" width=\"826\" height=\"552\" src=\"https:\/\/www.artistsbookmartin.sk\/wp-content\/uploads\/2025\/03\/matej-kren-2-2024.jpeg\" alt=\"\" class=\"wp-image-1570\" srcset=\"https:\/\/www.artistsbookmartin.sk\/wp-content\/uploads\/2025\/03\/matej-kren-2-2024.jpeg 826w, https:\/\/www.artistsbookmartin.sk\/wp-content\/uploads\/2025\/03\/matej-kren-2-2024-300x200.jpeg 300w, https:\/\/www.artistsbookmartin.sk\/wp-content\/uploads\/2025\/03\/matej-kren-2-2024-768x513.jpeg 768w, https:\/\/www.artistsbookmartin.sk\/wp-content\/uploads\/2025\/03\/matej-kren-2-2024-50x33.jpeg 50w, https:\/\/www.artistsbookmartin.sk\/wp-content\/uploads\/2025\/03\/matej-kren-2-2024-500x334.jpeg 500w, https:\/\/www.artistsbookmartin.sk\/wp-content\/uploads\/2025\/03\/matej-kren-2-2024-18x12.jpeg 18w, https:\/\/www.artistsbookmartin.sk\/wp-content\/uploads\/2025\/03\/matej-kren-2-2024-600x401.jpeg 600w\" sizes=\"(max-width: 826px) 100vw, 826px\" \/><\/figure>\n\n\n\n<p><strong>Kniha z Anamnez\u00e1ria 1, 2 \/ <em>Books of the Anamnez\u00e1rium 1, 2<\/em><\/strong><\/p>\n\n\n\n<p>2024<\/p>\n\n\n\n<div class=\"wp-block-columns\">\n<div class=\"wp-block-column\">\n<p>\u201e\u2026 T\u00e9ma straty pam\u00e4ti \u010di zabudnutia sp\u00f4soben\u00e1 ich fyzickou de\u0161trukciou v Amnezit\u00e1ri tu prech\u00e1dza vlastny\u0301m, jedine\u010dny\u0301m vy\u0301vojom. Knihy s\u00fa tu po\u0148at\u00e9 ako in\u00e1, nefyzick\u00e1 pr\u00edroda so svojou vy\u0301lu\u010dne poetickou gen\u00e9zou a z\u00e1konitos\u0165ami. De\u0161truovan\u00e9 knihy z Anamnez\u00e1ria sa akoby vracaj\u00fa ku svojim vy\u0301vojovy\u0301m prakore\u0148om \u2013 zvitkom. Tieto z\u00e1rodky staro-novej existencie kn\u00edh \u2013 \u201amikro-zvitky\u2018 vyrastaj\u00fa a prerastaj\u00fa p\u00f4vodny\u0301mi knihami a \u201arozpam\u00e4t\u00e1vaj\u00fa\u2018 sa na svoj p\u00f4vodn\u00fa prapodobu. Ka\u017edy\u0301 mikro-zvitok je vytvoreny\u0301 zarolovan\u00edm jednej str\u00e1nky knihy, nov\u00edn alebo \u010dasopisu. Anamnez\u00e1rium je sklen\u00edku podobn\u00e9 prostredie, v ktorom tento metaforicky\u0301 proces prebieha \u2013 je to miesto anamn\u00e9zy \u2013 reinkarn\u00e1cie \u010di n\u00e1vratu stratenej pam\u00e4ti a zabudnutia.\u201c<\/p>\n<\/div>\n\n\n\n<div class=\"wp-block-column\">\n<p><em>\u201c\u2026 While the theme of memory loss and forgetting in the Amnesitory arises from the physical destruction of the books, here it takes on a new and unique form. Books are conceived as a diff erent, non-physical nature with its own poetic genesis and inherent laws. The destroyed books of the Anamnesarium seem to return to their primal roots \u2013 scrolls. These nascent \u2018micro-scrolls\u2019 emerge and grow, eventually overtaking the original books, as if \u2018remembering\u2019 their original form. Each micro-scroll is made by rolling a single page from a book, newspaper, or magazine. The Anamnesarium itself is a greenhouse-like space, where this metaphorical process unfolds \u2013 a place of anamnesis, where lost memory and forgetting are<\/em><\/p>\n<\/div>\n<\/div>","protected":false},"excerpt":{"rendered":"<p>Kniha z Anamnez\u00e1ria 1, 2 \/ Books of the Anamnez\u00e1rium 1, 2 2024 \u201e\u2026 T\u00e9ma straty pam\u00e4ti \u010di zabudnutia sp\u00f4soben\u00e1 ich fyzickou de\u0161trukciou v Amnezit\u00e1ri tu prech\u00e1dza vlastny\u0301m, jedine\u010dny\u0301m vy\u0301vojom. Knihy s\u00fa tu po\u0148at\u00e9 ako in\u00e1, nefyzick\u00e1 pr\u00edroda so svojou vy\u0301lu\u010dne poetickou gen\u00e9zou a z\u00e1konitos\u0165ami. De\u0161truovan\u00e9 knihy z Anamnez\u00e1ria sa akoby vracaj\u00fa ku svojim vy\u0301vojovy\u0301m [&hellip;]<\/p>","protected":false},"author":1,"featured_media":0,"parent":54,"menu_order":0,"comment_status":"closed","ping_status":"closed","template":"","meta":{"_monsterinsights_skip_tracking":false,"_monsterinsights_sitenote_active":false,"_monsterinsights_sitenote_note":"","_monsterinsights_sitenote_category":0,"two_page_speed":[]},"_links":{"self":[{"href":"https:\/\/www.artistsbookmartin.sk\/en\/wp-json\/wp\/v2\/pages\/1567"}],"collection":[{"href":"https:\/\/www.artistsbookmartin.sk\/en\/wp-json\/wp\/v2\/pages"}],"about":[{"href":"https:\/\/www.artistsbookmartin.sk\/en\/wp-json\/wp\/v2\/types\/page"}],"author":[{"embeddable":true,"href":"https:\/\/www.artistsbookmartin.sk\/en\/wp-json\/wp\/v2\/users\/1"}],"replies":[{"embeddable":true,"href":"https:\/\/www.artistsbookmartin.sk\/en\/wp-json\/wp\/v2\/comments?post=1567"}],"version-history":[{"count":1,"href":"https:\/\/www.artistsbookmartin.sk\/en\/wp-json\/wp\/v2\/pages\/1567\/revisions"}],"predecessor-version":[{"id":1571,"href":"https:\/\/www.artistsbookmartin.sk\/en\/wp-json\/wp\/v2\/pages\/1567\/revisions\/1571"}],"up":[{"embeddable":true,"href":"https:\/\/www.artistsbookmartin.sk\/en\/wp-json\/wp\/v2\/pages\/54"}],"wp:attachment":[{"href":"https:\/\/www.artistsbookmartin.sk\/en\/wp-json\/wp\/v2\/media?parent=1567"}],"curies":[{"name":"wp","href":"https:\/\/api.w.org\/{rel}","templated":true}]}}