{"id":1558,"date":"2025-03-24T07:50:40","date_gmt":"2025-03-24T06:50:40","guid":{"rendered":"https:\/\/www.artistsbookmartin.sk\/?page_id=1558"},"modified":"2025-03-24T13:12:28","modified_gmt":"2025-03-24T12:12:28","slug":"izabela-lapinska-joanna-apanowicz","status":"publish","type":"page","link":"https:\/\/www.artistsbookmartin.sk\/en\/autori_abecedne\/izabela-lapinska-joanna-apanowicz\/","title":{"rendered":"Izabela \u0141api\u0144ska, Joanna Apanowicz"},"content":{"rendered":"<figure class=\"wp-block-image size-full\"><img loading=\"lazy\" width=\"879\" height=\"601\" src=\"https:\/\/www.artistsbookmartin.sk\/wp-content\/uploads\/2025\/03\/izabela-lapinska-joanna-apanowicz-2024.jpeg\" alt=\"\" class=\"wp-image-1563\" srcset=\"https:\/\/www.artistsbookmartin.sk\/wp-content\/uploads\/2025\/03\/izabela-lapinska-joanna-apanowicz-2024.jpeg 879w, https:\/\/www.artistsbookmartin.sk\/wp-content\/uploads\/2025\/03\/izabela-lapinska-joanna-apanowicz-2024-300x205.jpeg 300w, https:\/\/www.artistsbookmartin.sk\/wp-content\/uploads\/2025\/03\/izabela-lapinska-joanna-apanowicz-2024-768x525.jpeg 768w, https:\/\/www.artistsbookmartin.sk\/wp-content\/uploads\/2025\/03\/izabela-lapinska-joanna-apanowicz-2024-50x34.jpeg 50w, https:\/\/www.artistsbookmartin.sk\/wp-content\/uploads\/2025\/03\/izabela-lapinska-joanna-apanowicz-2024-500x342.jpeg 500w, https:\/\/www.artistsbookmartin.sk\/wp-content\/uploads\/2025\/03\/izabela-lapinska-joanna-apanowicz-2024-18x12.jpeg 18w, https:\/\/www.artistsbookmartin.sk\/wp-content\/uploads\/2025\/03\/izabela-lapinska-joanna-apanowicz-2024-600x410.jpeg 600w\" sizes=\"(max-width: 879px) 100vw, 879px\" \/><\/figure>\n\n\n\n<p><strong>Skin<\/strong><\/p>\n\n\n\n<p>ofsetov\u00e1 tla\u010d, papier PANTA Sora Matt Plus v\u00e4zba: \u010dierny kart\u00f3n vidite\u013eny\u0301 na okraji, zrezany\u0301 spolu s kni\u017eny\u0301m blokom, chrb\u00e1t \u2013 \u010dierne pl\u00e1tno, z\u00e1lo\u017eky \u2013 hromadne farbeny\u0301 PCS Imperial \u010derveny\u0301 papier, biely f\u00f3liovy\u0301 papier na vonkaj\u0161ej strane (\u201esoft touch\u201c f\u00f3lia), n\u00e1zov \u2013 konk\u00e1vne razenie, pevn\u00e1 v\u00e4zba, \u0161it\u00e1 a lepen\u00e1 \u0161vaj\u010diarska v\u00e4zba s prekryty\u0301m chrbtom<br><em>\/ off set printing, PANTA Sora Matt Plus, binding: black cardboard visible on the edge, cut together with the book block, spine black canvas, inserts \u2013 PCS Imperial red massdyed paper, white foiled paper on the outside (\u201csoft touch\u201d foil), title \u2013 concave embossing, hardcover, sewn and glued Swiss binding with covered spine<\/em><br>j\u00fan 2023<\/p>\n\n\n\n<div class=\"wp-block-columns\">\n<div class=\"wp-block-column\">\n<p>\u201e\u2026 \u010citate\u013e sa v knihe dozvie o jedine\u010dnosti tkan\u00edv, ktor\u00e9 pokry\u0301vaj\u00fa \u017eiv\u00e9 organizmy, a bude ma\u0165 mo\u017enos\u0165 za\u017ei\u0165 kr\u00e1su prirodzenej ko\u017ee, ktor\u00e1 obklopuje a chr\u00e1ni na\u0161e tel\u00e1. Objav\u00ed \u0161truktur\u00e1lne podobnosti, ktor\u00e9 poukazuj\u00fa na jednotu v\u0161etky\u0301ch organizmov na Zemi. Tento projekt je s\u00fa\u010das\u0165ou prebiehaj\u00facej diskusie o vn\u00edman\u00ed tela v soci\u00e1lnom priestore.<\/p>\n\n\n\n<p>V\u010faka svojej komunikat\u00edvnej sile a schopnosti formova\u0165 verejn\u00fa mienku m\u00f4\u017ee fotografi a ovplyvni\u0165 diskusiu o vyl\u00fa\u010den\u00ed a intolerancii. T\u00e1to publik\u00e1cia, ktor\u00e1 ukazuje nefal\u0161ovan\u00fa kr\u00e1su \u2013 jednoduch\u00fa a oby\u010dajn\u00fa \u2013 spochyb\u0148uje hodnotovy\u0301 syst\u00e9m homo aestheticus.\u201c<\/p>\n<\/div>\n\n\n\n<div class=\"wp-block-column\">\n<p><em>\u201c\u2026 The recipient of the book will learn about the uniqueness of the tissues that cover organisms and will be able to experience the beauty of the natural skin that surrounds and protects our bodies. He or she will recognize the structural similarities that speak of the unity of all organisms on earth.<\/em><\/p>\n\n\n\n<p><em>This book is part of the ongoing debate about the perception of the body in social space. Photography, thanks to the power of communication and the ability to shape public opinion, can infl uence the discussion on exclusion and intolerance. This publication, which shows unadulterated beauty, simple and ordinary, disputes the value system of the homo aestheticus.\u201d<\/em><\/p>\n<\/div>\n<\/div>","protected":false},"excerpt":{"rendered":"<p>Skin ofsetov\u00e1 tla\u010d, papier PANTA Sora Matt Plus v\u00e4zba: \u010dierny kart\u00f3n vidite\u013eny\u0301 na okraji, zrezany\u0301 spolu s kni\u017eny\u0301m blokom, chrb\u00e1t \u2013 \u010dierne pl\u00e1tno, z\u00e1lo\u017eky \u2013 hromadne farbeny\u0301 PCS Imperial \u010derveny\u0301 papier, biely f\u00f3liovy\u0301 papier na vonkaj\u0161ej strane (\u201esoft touch\u201c f\u00f3lia), n\u00e1zov \u2013 konk\u00e1vne razenie, pevn\u00e1 v\u00e4zba, \u0161it\u00e1 a lepen\u00e1 \u0161vaj\u010diarska v\u00e4zba s prekryty\u0301m chrbtom\/ off [&hellip;]<\/p>","protected":false},"author":1,"featured_media":0,"parent":54,"menu_order":0,"comment_status":"closed","ping_status":"closed","template":"","meta":{"_monsterinsights_skip_tracking":false,"_monsterinsights_sitenote_active":false,"_monsterinsights_sitenote_note":"","_monsterinsights_sitenote_category":0,"two_page_speed":[]},"_links":{"self":[{"href":"https:\/\/www.artistsbookmartin.sk\/en\/wp-json\/wp\/v2\/pages\/1558"}],"collection":[{"href":"https:\/\/www.artistsbookmartin.sk\/en\/wp-json\/wp\/v2\/pages"}],"about":[{"href":"https:\/\/www.artistsbookmartin.sk\/en\/wp-json\/wp\/v2\/types\/page"}],"author":[{"embeddable":true,"href":"https:\/\/www.artistsbookmartin.sk\/en\/wp-json\/wp\/v2\/users\/1"}],"replies":[{"embeddable":true,"href":"https:\/\/www.artistsbookmartin.sk\/en\/wp-json\/wp\/v2\/comments?post=1558"}],"version-history":[{"count":4,"href":"https:\/\/www.artistsbookmartin.sk\/en\/wp-json\/wp\/v2\/pages\/1558\/revisions"}],"predecessor-version":[{"id":1566,"href":"https:\/\/www.artistsbookmartin.sk\/en\/wp-json\/wp\/v2\/pages\/1558\/revisions\/1566"}],"up":[{"embeddable":true,"href":"https:\/\/www.artistsbookmartin.sk\/en\/wp-json\/wp\/v2\/pages\/54"}],"wp:attachment":[{"href":"https:\/\/www.artistsbookmartin.sk\/en\/wp-json\/wp\/v2\/media?parent=1558"}],"curies":[{"name":"wp","href":"https:\/\/api.w.org\/{rel}","templated":true}]}}