{"id":155,"date":"2021-10-20T17:54:33","date_gmt":"2021-10-20T15:54:33","guid":{"rendered":"https:\/\/www.artistsbookmartin.sk\/?page_id=155"},"modified":"2024-10-29T12:43:42","modified_gmt":"2024-10-29T11:43:42","slug":"2013-2","status":"publish","type":"page","link":"https:\/\/www.artistsbookmartin.sk\/en\/archiv\/2013-2\/","title":{"rendered":"2013"},"content":{"rendered":"<h1 class=\"has-text-align-center\">21. 11. 2013 \u2013 10. 3. 2014<\/h1>\n\n\n\n<div class=\"wp-block-columns\">\n<div class=\"wp-block-column\" style=\"flex-basis:50%\">\n<h2 class=\"has-text-align-center\"><strong>CURATORS<\/strong><\/h2>\n\n\n\n<p class=\"has-text-align-center\">Jarmila Kov\u00e1\u010dov\u00e1<br>Gina Renoti\u00e8re<\/p>\n<\/div>\n\n\n\n<div class=\"wp-block-column\" style=\"flex-basis:50%\">\n<h2 class=\"has-text-align-center\">PARTNERS OF THE PROJECT<\/h2>\n\n\n\n<p class=\"has-text-align-center\">Olomouc Museum of Art<br>Book Art Museum of Art<br>King St. Stephen Museum, Sz\u00e9kesfeh\u00e9rv\u00e1r<\/p>\n<\/div>\n<\/div>\n\n\n\n<h2 class=\"has-text-align-center\"><strong>ARTISTS&nbsp;<\/strong><\/h2>\n\n\n\n<p class=\"has-text-align-center\">Michal Adamovsk\u00fd  \/  Jozef Bajus<meta charset=\"utf-8\">  \/  Katar\u00edna Bal\u00e1\u017eov\u00e1<meta charset=\"utf-8\">  \/  Filip Bandur\u010din<meta charset=\"utf-8\">  \/  L\u00e1szl\u00f3 Bandy<meta charset=\"utf-8\">  \/  M\u00e1rton Barab\u00e1s<meta charset=\"utf-8\">  \/  Miroslav Broo\u0161  \/  Rozi Bornemisza<meta charset=\"utf-8\">  \/  Gra\u017eyna Brylewska<meta charset=\"utf-8\">  \/  Zsuzanna B\u0171ki<meta charset=\"utf-8\">  \/  Katar\u00edna Cakov\u00e1<meta charset=\"utf-8\">  \/  Jozef Ciller<meta charset=\"utf-8\">  \/  Marek Cina  \/  Luk\u00e1\u0161 Ceh\u013e\u00e1r<meta charset=\"utf-8\">  \/  Bal\u00e1zs Czeizel<meta charset=\"utf-8\">  \/  Eli\u0161ka \u010cabalov\u00e1<meta charset=\"utf-8\">  \/  Istv\u00e1n Dam\u00f3<meta charset=\"utf-8\">  \/  Adrienn D\u00e9r<meta charset=\"utf-8\">  \/  Martin Derner<meta charset=\"utf-8\">  \/  Dora Dernerov\u00e1<meta charset=\"utf-8\">  \/  Malorzata Dmitruk<meta charset=\"utf-8\">  \/  Peter \u010eur\u00edk<meta charset=\"utf-8\">  \/  Rita Farkas<meta charset=\"utf-8\">  \/  Rudolf Fila<meta charset=\"utf-8\">  \/  Tereza Havl\u00ednkov\u00e1<meta charset=\"utf-8\">  \/  Zygmunt Januszewski<meta charset=\"utf-8\">  \/  Marek Cezary Jaromski<meta charset=\"utf-8\">  \/  Jakub Jen\u010do<meta charset=\"utf-8\">  \/  Julie Ka\u010derovsk\u00e1<meta charset=\"utf-8\">  \/  Ludmila Kadlecov\u00e1<meta charset=\"utf-8\">  \/  Krist\u00edna Kub\u00e1\u0148ov\u00e1<meta charset=\"utf-8\">  \/  Ewa Kulesza<meta charset=\"utf-8\">  \/  Brygida Wrobel-Kulik<meta charset=\"utf-8\">  \/  Iva Krupicov\u00e1<meta charset=\"utf-8\">  \/  Otis Laubert<meta charset=\"utf-8\">  \/  Guna Leite<meta charset=\"utf-8\">  \/  And\u00e1s Lengyel<meta charset=\"utf-8\">  \/  R\u00f3bert Makar<meta charset=\"utf-8\">  \/  D\u00e1vid Marcin<meta charset=\"utf-8\">  \/  Hana Maulerov\u00e1<meta charset=\"utf-8\">  \/  Jan Ma\u0161tera<meta charset=\"utf-8\">  \/  Stano Mas\u00e1r<meta charset=\"utf-8\">  \/  Marek Mertinko<meta charset=\"utf-8\">  \/  Jan M\u011b\u0159i\u010dka<meta charset=\"utf-8\">  \/  R\u00f3bert Mosberger<meta charset=\"utf-8\">  \/  Marianna Mlyn\u00e1r\u010dikov\u00e1<meta charset=\"utf-8\">  \/  Malgorzata Niespodziewana<meta charset=\"utf-8\">  \/  Radoslaw Nowakovwski<meta charset=\"utf-8\">  \/  Renata Pacyna<meta charset=\"utf-8\">  \/  Tibor Pataki Andrea P\u00e9zman<meta charset=\"utf-8\">  \/  Anna Pleslov\u00e1<meta charset=\"utf-8\">  \/  Anna Ple\u0161tilov\u00e1<meta charset=\"utf-8\">  \/  S\u00e1ra Richter<meta charset=\"utf-8\">  \/  Peter R\u00f3nai<meta charset=\"utf-8\">  \/  N\u00f3ra Ru\u017ei\u010dkov\u00e1<meta charset=\"utf-8\">  \/  Zbigniew Sa\u0142aj<meta charset=\"utf-8\">  \/  Lajos Sejben<meta charset=\"utf-8\">  \/  Val\u00e9ria S\u00f3v\u00e1radi<meta charset=\"utf-8\">  \/  Beata Sz\u00e9chy<meta charset=\"utf-8\">  \/  Kati Sz\u00e9kelyi  \/  Katarzyna Szpilkowska<meta charset=\"utf-8\">  \/  Lucie \u0160tafkov\u00e1<meta charset=\"utf-8\">  \/  Andrea Mar\u010dekov\u00e1-\u0160ev\u010d\u00edkov\u00e1<meta charset=\"utf-8\">  \/  Dezider T\u00f3th<meta charset=\"utf-8\">  \/  G\u00e1bor T\u00f3th  \/  Pawel Tryzno<meta charset=\"utf-8\">  \/  G\u00e1bor Farkas Varga<meta charset=\"utf-8\">  \/  Gyula V\u00e1rnai  \/  Ad\u00e9la Vosi\u0161kov\u00e1<meta charset=\"utf-8\">  \/  Kate\u0159ina Zemanov\u00e1<meta charset=\"utf-8\">  \/  Ewa Latkowska-\u0179ychska<meta charset=\"utf-8\">  \/  Elzbieta Wozniewska<meta charset=\"utf-8\">  \/  Andrzej \u0179urek<\/p>\n\n\n\n<hr class=\"wp-block-separator\"\/>\n\n\n\n<p><\/p>\n\n\n\n<figure class=\"wp-block-image size-large\"><img loading=\"lazy\" width=\"1024\" height=\"432\" src=\"https:\/\/www.artistsbookmartin.sk\/wp-content\/uploads\/2021\/11\/Obalka_kat_2013-1024x432.png\" alt=\"\" class=\"wp-image-627\" srcset=\"https:\/\/www.artistsbookmartin.sk\/wp-content\/uploads\/2021\/11\/Obalka_kat_2013-1024x432.png 1024w, https:\/\/www.artistsbookmartin.sk\/wp-content\/uploads\/2021\/11\/Obalka_kat_2013-300x127.png 300w, https:\/\/www.artistsbookmartin.sk\/wp-content\/uploads\/2021\/11\/Obalka_kat_2013-768x324.png 768w, https:\/\/www.artistsbookmartin.sk\/wp-content\/uploads\/2021\/11\/Obalka_kat_2013-1600x675.png 1600w, https:\/\/www.artistsbookmartin.sk\/wp-content\/uploads\/2021\/11\/Obalka_kat_2013-1536x648.png 1536w, https:\/\/www.artistsbookmartin.sk\/wp-content\/uploads\/2021\/11\/Obalka_kat_2013-2048x864.png 2048w\" sizes=\"(max-width: 1024px) 100vw, 1024px\" \/><figcaption><a href=\"https:\/\/www.artistsbookmartin.sk\/wp-content\/uploads\/2021\/11\/katalog_TUK_2013.pdf\" target=\"_blank\" rel=\"noreferrer noopener\">katal\u00f3g TUK 2013<\/a><\/figcaption><\/figure>","protected":false},"excerpt":{"rendered":"<p>21. 11. 2013 \u2013 10. 3. 2014 KUR\u00c1TORKY V\u00ddSTAVY Jarmila Kov\u00e1\u010dov\u00e1Gina Renoti\u00e8re PARTNERI PROJEKTU Muzeum um\u011bn\u00ed OlomoucMuzeum Ksi\u0105\u017cki ArtystycznejSzent Istv\u00e1n Kir\u00e1ly M\u00fazeum Sz\u00e9kesfeh\u00e9rv\u00e1r UMELCI A UMELKYNE&nbsp; Michal Adamovsk\u00fd \/ Jozef Bajus \/ Katar\u00edna Bal\u00e1\u017eov\u00e1 \/ Filip Bandur\u010din \/ L\u00e1szl\u00f3 Bandy \/ M\u00e1rton Barab\u00e1s \/ Miroslav Broo\u0161 \/ Rozi Bornemisza \/ Gra\u017eyna Brylewska \/ Zsuzanna B\u0171ki [&hellip;]<\/p>","protected":false},"author":2,"featured_media":0,"parent":39,"menu_order":2,"comment_status":"closed","ping_status":"closed","template":"","meta":{"_monsterinsights_skip_tracking":false,"_monsterinsights_sitenote_active":false,"_monsterinsights_sitenote_note":"","_monsterinsights_sitenote_category":0,"two_page_speed":[]},"_links":{"self":[{"href":"https:\/\/www.artistsbookmartin.sk\/en\/wp-json\/wp\/v2\/pages\/155"}],"collection":[{"href":"https:\/\/www.artistsbookmartin.sk\/en\/wp-json\/wp\/v2\/pages"}],"about":[{"href":"https:\/\/www.artistsbookmartin.sk\/en\/wp-json\/wp\/v2\/types\/page"}],"author":[{"embeddable":true,"href":"https:\/\/www.artistsbookmartin.sk\/en\/wp-json\/wp\/v2\/users\/2"}],"replies":[{"embeddable":true,"href":"https:\/\/www.artistsbookmartin.sk\/en\/wp-json\/wp\/v2\/comments?post=155"}],"version-history":[{"count":6,"href":"https:\/\/www.artistsbookmartin.sk\/en\/wp-json\/wp\/v2\/pages\/155\/revisions"}],"predecessor-version":[{"id":731,"href":"https:\/\/www.artistsbookmartin.sk\/en\/wp-json\/wp\/v2\/pages\/155\/revisions\/731"}],"up":[{"embeddable":true,"href":"https:\/\/www.artistsbookmartin.sk\/en\/wp-json\/wp\/v2\/pages\/39"}],"wp:attachment":[{"href":"https:\/\/www.artistsbookmartin.sk\/en\/wp-json\/wp\/v2\/media?parent=155"}],"curies":[{"name":"wp","href":"https:\/\/api.w.org\/{rel}","templated":true}]}}