{"id":1548,"date":"2025-03-24T07:34:35","date_gmt":"2025-03-24T06:34:35","guid":{"rendered":"https:\/\/www.artistsbookmartin.sk\/?page_id=1548"},"modified":"2025-03-24T13:09:13","modified_gmt":"2025-03-24T12:09:13","slug":"alena-laufrova","status":"publish","type":"page","link":"https:\/\/www.artistsbookmartin.sk\/en\/autori_abecedne\/alena-laufrova\/","title":{"rendered":"Alena Laufrov\u00e1"},"content":{"rendered":"<figure class=\"wp-block-image size-full\"><img loading=\"lazy\" width=\"822\" height=\"821\" src=\"https:\/\/www.artistsbookmartin.sk\/wp-content\/uploads\/2025\/03\/alena-laufrova-2024.jpeg\" alt=\"\" class=\"wp-image-1549\" srcset=\"https:\/\/www.artistsbookmartin.sk\/wp-content\/uploads\/2025\/03\/alena-laufrova-2024.jpeg 822w, https:\/\/www.artistsbookmartin.sk\/wp-content\/uploads\/2025\/03\/alena-laufrova-2024-300x300.jpeg 300w, https:\/\/www.artistsbookmartin.sk\/wp-content\/uploads\/2025\/03\/alena-laufrova-2024-150x150.jpeg 150w, https:\/\/www.artistsbookmartin.sk\/wp-content\/uploads\/2025\/03\/alena-laufrova-2024-768x767.jpeg 768w, https:\/\/www.artistsbookmartin.sk\/wp-content\/uploads\/2025\/03\/alena-laufrova-2024-50x50.jpeg 50w, https:\/\/www.artistsbookmartin.sk\/wp-content\/uploads\/2025\/03\/alena-laufrova-2024-500x499.jpeg 500w, https:\/\/www.artistsbookmartin.sk\/wp-content\/uploads\/2025\/03\/alena-laufrova-2024-12x12.jpeg 12w, https:\/\/www.artistsbookmartin.sk\/wp-content\/uploads\/2025\/03\/alena-laufrova-2024-600x600.jpeg 600w\" sizes=\"(max-width: 822px) 100vw, 822px\" \/><\/figure>\n\n\n\n<p><strong>Nedostupn\u00e9 spisy \/ <em>Inaccessible fi les<\/em><br>B\u00e1se\u0148 milostn\u00e1 \/ <em>Love Poem<\/em><\/strong><\/p>\n\n\n\n<p>recyklovany\u0301 materi\u00e1l \/ <em>recycled material<\/em><br>2023<\/p>\n\n\n\n<div class=\"wp-block-columns\">\n<div class=\"wp-block-column\">\n<p>\u201eJde mi o vyj\u00e1d\u0159en\u00ed k\u0159ehkosti milostn\u00e9ho citu, i jeho prom\u011bn \u2013 jednotliv\u00e9 segmenty na nit\u00edch lze jemn\u011b posouvat a nat\u00e1\u010det. Autorsk\u00e1 kn\u00ed\u017eka ve form\u011b ochrann\u00e9 schr\u00e1nky je dopln\u011bna vlastn\u00edm textem.\u201c<\/p>\n<\/div>\n\n\n\n<div class=\"wp-block-column\">\n<p><em>\u201cIt expresses the fragility of romantic feelings and their transformations \u2013 the individual segments on threads can be gently moved and rotated. The author\u2019s booklet, shaped like a protective case, is accompanied by a personal text.\u201d<\/em><\/p>\n<\/div>\n<\/div>","protected":false},"excerpt":{"rendered":"<p>Nedostupn\u00e9 spisy \/ Inaccessible fi lesB\u00e1se\u0148 milostn\u00e1 \/ Love Poem recyklovany\u0301 materi\u00e1l \/ recycled material2023 \u201eJde mi o vyj\u00e1d\u0159en\u00ed k\u0159ehkosti milostn\u00e9ho citu, i jeho prom\u011bn \u2013 jednotliv\u00e9 segmenty na nit\u00edch lze jemn\u011b posouvat a nat\u00e1\u010det. Autorsk\u00e1 kn\u00ed\u017eka ve form\u011b ochrann\u00e9 schr\u00e1nky je dopln\u011bna vlastn\u00edm textem.\u201c \u201cIt expresses the fragility of romantic feelings and their transformations [&hellip;]<\/p>","protected":false},"author":1,"featured_media":0,"parent":54,"menu_order":0,"comment_status":"closed","ping_status":"closed","template":"","meta":{"_monsterinsights_skip_tracking":false,"_monsterinsights_sitenote_active":false,"_monsterinsights_sitenote_note":"","_monsterinsights_sitenote_category":0,"two_page_speed":[]},"_links":{"self":[{"href":"https:\/\/www.artistsbookmartin.sk\/en\/wp-json\/wp\/v2\/pages\/1548"}],"collection":[{"href":"https:\/\/www.artistsbookmartin.sk\/en\/wp-json\/wp\/v2\/pages"}],"about":[{"href":"https:\/\/www.artistsbookmartin.sk\/en\/wp-json\/wp\/v2\/types\/page"}],"author":[{"embeddable":true,"href":"https:\/\/www.artistsbookmartin.sk\/en\/wp-json\/wp\/v2\/users\/1"}],"replies":[{"embeddable":true,"href":"https:\/\/www.artistsbookmartin.sk\/en\/wp-json\/wp\/v2\/comments?post=1548"}],"version-history":[{"count":1,"href":"https:\/\/www.artistsbookmartin.sk\/en\/wp-json\/wp\/v2\/pages\/1548\/revisions"}],"predecessor-version":[{"id":1550,"href":"https:\/\/www.artistsbookmartin.sk\/en\/wp-json\/wp\/v2\/pages\/1548\/revisions\/1550"}],"up":[{"embeddable":true,"href":"https:\/\/www.artistsbookmartin.sk\/en\/wp-json\/wp\/v2\/pages\/54"}],"wp:attachment":[{"href":"https:\/\/www.artistsbookmartin.sk\/en\/wp-json\/wp\/v2\/media?parent=1548"}],"curies":[{"name":"wp","href":"https:\/\/api.w.org\/{rel}","templated":true}]}}