{"id":1527,"date":"2025-03-23T20:14:25","date_gmt":"2025-03-23T19:14:25","guid":{"rendered":"https:\/\/www.artistsbookmartin.sk\/?page_id=1527"},"modified":"2025-03-24T13:14:46","modified_gmt":"2025-03-24T12:14:46","slug":"tatyana-makletsova-svetlana-barankovskaya","status":"publish","type":"page","link":"https:\/\/www.artistsbookmartin.sk\/en\/autori_abecedne\/tatyana-makletsova-svetlana-barankovskaya\/","title":{"rendered":"Tatyana Makletsova Svetlana Barankovskaya"},"content":{"rendered":"<figure class=\"wp-block-image size-large\"><img loading=\"lazy\" width=\"1024\" height=\"673\" src=\"https:\/\/www.artistsbookmartin.sk\/wp-content\/uploads\/2025\/03\/tatyana-makletsova-svetlana-barankovskaya-2024-1024x673.jpeg\" alt=\"\" class=\"wp-image-1528\" srcset=\"https:\/\/www.artistsbookmartin.sk\/wp-content\/uploads\/2025\/03\/tatyana-makletsova-svetlana-barankovskaya-2024-1024x673.jpeg 1024w, https:\/\/www.artistsbookmartin.sk\/wp-content\/uploads\/2025\/03\/tatyana-makletsova-svetlana-barankovskaya-2024-300x197.jpeg 300w, https:\/\/www.artistsbookmartin.sk\/wp-content\/uploads\/2025\/03\/tatyana-makletsova-svetlana-barankovskaya-2024-768x505.jpeg 768w, https:\/\/www.artistsbookmartin.sk\/wp-content\/uploads\/2025\/03\/tatyana-makletsova-svetlana-barankovskaya-2024-50x33.jpeg 50w, https:\/\/www.artistsbookmartin.sk\/wp-content\/uploads\/2025\/03\/tatyana-makletsova-svetlana-barankovskaya-2024-1000x657.jpeg 1000w, https:\/\/www.artistsbookmartin.sk\/wp-content\/uploads\/2025\/03\/tatyana-makletsova-svetlana-barankovskaya-2024-500x329.jpeg 500w, https:\/\/www.artistsbookmartin.sk\/wp-content\/uploads\/2025\/03\/tatyana-makletsova-svetlana-barankovskaya-2024-1536x1010.jpeg 1536w, https:\/\/www.artistsbookmartin.sk\/wp-content\/uploads\/2025\/03\/tatyana-makletsova-svetlana-barankovskaya-2024-18x12.jpeg 18w, https:\/\/www.artistsbookmartin.sk\/wp-content\/uploads\/2025\/03\/tatyana-makletsova-svetlana-barankovskaya-2024-600x394.jpeg 600w, https:\/\/www.artistsbookmartin.sk\/wp-content\/uploads\/2025\/03\/tatyana-makletsova-svetlana-barankovskaya-2024.jpeg 1588w\" sizes=\"(max-width: 1024px) 100vw, 1024px\" \/><\/figure>\n\n\n\n<p><strong>Tongue of Communication<\/strong><\/p>\n\n\n\n<p>\u013ean, str\u00e1nky kn\u00edh, mrie\u017eka, rukopisy \/ <em>linen, book pages, grid, manuscripts<\/em><br>2023 \u2014 2024<\/p>","protected":false},"excerpt":{"rendered":"<p>Tongue of Communication \u013ean, str\u00e1nky kn\u00edh, mrie\u017eka, rukopisy \/ linen, book pages, grid, manuscripts2023 \u2014 2024<\/p>","protected":false},"author":1,"featured_media":0,"parent":54,"menu_order":0,"comment_status":"closed","ping_status":"closed","template":"","meta":{"_monsterinsights_skip_tracking":false,"_monsterinsights_sitenote_active":false,"_monsterinsights_sitenote_note":"","_monsterinsights_sitenote_category":0,"two_page_speed":[]},"_links":{"self":[{"href":"https:\/\/www.artistsbookmartin.sk\/en\/wp-json\/wp\/v2\/pages\/1527"}],"collection":[{"href":"https:\/\/www.artistsbookmartin.sk\/en\/wp-json\/wp\/v2\/pages"}],"about":[{"href":"https:\/\/www.artistsbookmartin.sk\/en\/wp-json\/wp\/v2\/types\/page"}],"author":[{"embeddable":true,"href":"https:\/\/www.artistsbookmartin.sk\/en\/wp-json\/wp\/v2\/users\/1"}],"replies":[{"embeddable":true,"href":"https:\/\/www.artistsbookmartin.sk\/en\/wp-json\/wp\/v2\/comments?post=1527"}],"version-history":[{"count":1,"href":"https:\/\/www.artistsbookmartin.sk\/en\/wp-json\/wp\/v2\/pages\/1527\/revisions"}],"predecessor-version":[{"id":1529,"href":"https:\/\/www.artistsbookmartin.sk\/en\/wp-json\/wp\/v2\/pages\/1527\/revisions\/1529"}],"up":[{"embeddable":true,"href":"https:\/\/www.artistsbookmartin.sk\/en\/wp-json\/wp\/v2\/pages\/54"}],"wp:attachment":[{"href":"https:\/\/www.artistsbookmartin.sk\/en\/wp-json\/wp\/v2\/media?parent=1527"}],"curies":[{"name":"wp","href":"https:\/\/api.w.org\/{rel}","templated":true}]}}