{"id":1500,"date":"2025-03-23T15:23:14","date_gmt":"2025-03-23T14:23:14","guid":{"rendered":"https:\/\/www.artistsbookmartin.sk\/?page_id=1500"},"modified":"2025-03-24T13:14:46","modified_gmt":"2025-03-24T12:14:46","slug":"svatopluk-mikyta","status":"publish","type":"page","link":"https:\/\/www.artistsbookmartin.sk\/en\/autori_abecedne\/svatopluk-mikyta\/","title":{"rendered":"Sv\u00e4topluk Mikyta"},"content":{"rendered":"<figure class=\"wp-block-image size-full\"><img loading=\"lazy\" width=\"1007\" height=\"774\" src=\"https:\/\/www.artistsbookmartin.sk\/wp-content\/uploads\/2025\/03\/svatopluk-mikyta-2024.jpeg\" alt=\"\" class=\"wp-image-1501\" srcset=\"https:\/\/www.artistsbookmartin.sk\/wp-content\/uploads\/2025\/03\/svatopluk-mikyta-2024.jpeg 1007w, https:\/\/www.artistsbookmartin.sk\/wp-content\/uploads\/2025\/03\/svatopluk-mikyta-2024-300x231.jpeg 300w, https:\/\/www.artistsbookmartin.sk\/wp-content\/uploads\/2025\/03\/svatopluk-mikyta-2024-768x590.jpeg 768w, https:\/\/www.artistsbookmartin.sk\/wp-content\/uploads\/2025\/03\/svatopluk-mikyta-2024-50x38.jpeg 50w, https:\/\/www.artistsbookmartin.sk\/wp-content\/uploads\/2025\/03\/svatopluk-mikyta-2024-1000x769.jpeg 1000w, https:\/\/www.artistsbookmartin.sk\/wp-content\/uploads\/2025\/03\/svatopluk-mikyta-2024-500x384.jpeg 500w, https:\/\/www.artistsbookmartin.sk\/wp-content\/uploads\/2025\/03\/svatopluk-mikyta-2024-16x12.jpeg 16w, https:\/\/www.artistsbookmartin.sk\/wp-content\/uploads\/2025\/03\/svatopluk-mikyta-2024-600x461.jpeg 600w\" sizes=\"(max-width: 1007px) 100vw, 1007px\" \/><\/figure>\n\n\n\n<p><strong>Antiorganicky\u0301 povrch \/ Antiorganic Surface<\/strong><\/p>\n\n\n\n<p>acet\u00f3nov\u00e1 pretla\u010d, kni\u017en\u00e1 v\u00e4zba \/ <em>acetone transfer, bookbinding<\/em><br>2023<\/p>\n\n\n\n<p><a href=\"http:\/\/www.mikyta.com\" target=\"_blank\" rel=\"noreferrer noopener nofollow\">www.mikyta.com<\/a><\/p>\n\n\n\n<div class=\"wp-block-columns\">\n<div class=\"wp-block-column\">\n<p>\u201eKniha Antiorganicky\u0301 povrch je vizu\u00e1lna esej, ktor\u00e1 t\u00e9matizuje hranice zobrazovan\u00e9ho a reprodukovan\u00e9ho, zdie\u013ean\u00e9ho obrazu. \u010ciernobiele z\u00e1bery organick\u00e9ho povrchu objektu z\u00e1merne nav\u00e1dzaj\u00fa k dezinterpret\u00e1cii a nab\u00faravaj\u00fa empiricky\u0301 vz\u0165ah k realite.\u201c<\/p>\n<\/div>\n\n\n\n<div class=\"wp-block-column\">\n<p><em>\u201cThe book Antiorganic Surface is a visual essay that explores the boundaries between the depicted and the reproduced, the shared image. The black-and-white images of the organic surface of the object deliberately provoke misinterpretation, disrupting the empirical relationship with reality.\u201d<\/em><\/p>\n<\/div>\n<\/div>","protected":false},"excerpt":{"rendered":"<p>Antiorganicky\u0301 povrch \/ Antiorganic Surface acet\u00f3nov\u00e1 pretla\u010d, kni\u017en\u00e1 v\u00e4zba \/ acetone transfer, bookbinding2023 www.mikyta.com \u201eKniha Antiorganicky\u0301 povrch je vizu\u00e1lna esej, ktor\u00e1 t\u00e9matizuje hranice zobrazovan\u00e9ho a reprodukovan\u00e9ho, zdie\u013ean\u00e9ho obrazu. \u010ciernobiele z\u00e1bery organick\u00e9ho povrchu objektu z\u00e1merne nav\u00e1dzaj\u00fa k dezinterpret\u00e1cii a nab\u00faravaj\u00fa empiricky\u0301 vz\u0165ah k realite.\u201c \u201cThe book Antiorganic Surface is a visual essay that explores the boundaries [&hellip;]<\/p>","protected":false},"author":1,"featured_media":0,"parent":54,"menu_order":0,"comment_status":"closed","ping_status":"closed","template":"","meta":{"_monsterinsights_skip_tracking":false,"_monsterinsights_sitenote_active":false,"_monsterinsights_sitenote_note":"","_monsterinsights_sitenote_category":0,"two_page_speed":[]},"_links":{"self":[{"href":"https:\/\/www.artistsbookmartin.sk\/en\/wp-json\/wp\/v2\/pages\/1500"}],"collection":[{"href":"https:\/\/www.artistsbookmartin.sk\/en\/wp-json\/wp\/v2\/pages"}],"about":[{"href":"https:\/\/www.artistsbookmartin.sk\/en\/wp-json\/wp\/v2\/types\/page"}],"author":[{"embeddable":true,"href":"https:\/\/www.artistsbookmartin.sk\/en\/wp-json\/wp\/v2\/users\/1"}],"replies":[{"embeddable":true,"href":"https:\/\/www.artistsbookmartin.sk\/en\/wp-json\/wp\/v2\/comments?post=1500"}],"version-history":[{"count":1,"href":"https:\/\/www.artistsbookmartin.sk\/en\/wp-json\/wp\/v2\/pages\/1500\/revisions"}],"predecessor-version":[{"id":1502,"href":"https:\/\/www.artistsbookmartin.sk\/en\/wp-json\/wp\/v2\/pages\/1500\/revisions\/1502"}],"up":[{"embeddable":true,"href":"https:\/\/www.artistsbookmartin.sk\/en\/wp-json\/wp\/v2\/pages\/54"}],"wp:attachment":[{"href":"https:\/\/www.artistsbookmartin.sk\/en\/wp-json\/wp\/v2\/media?parent=1500"}],"curies":[{"name":"wp","href":"https:\/\/api.w.org\/{rel}","templated":true}]}}