{"id":1494,"date":"2025-03-23T15:16:54","date_gmt":"2025-03-23T14:16:54","guid":{"rendered":"https:\/\/www.artistsbookmartin.sk\/?page_id=1494"},"modified":"2025-03-24T13:11:57","modified_gmt":"2025-03-24T12:11:57","slug":"gaba-palicka","status":"publish","type":"page","link":"https:\/\/www.artistsbookmartin.sk\/en\/autori_abecedne\/gaba-palicka\/","title":{"rendered":"Gaba Palicka"},"content":{"rendered":"<figure class=\"wp-block-image size-full\"><img loading=\"lazy\" width=\"1000\" height=\"766\" src=\"https:\/\/www.artistsbookmartin.sk\/wp-content\/uploads\/2025\/03\/gaba-palicka-2204.jpeg\" alt=\"\" class=\"wp-image-1498\" srcset=\"https:\/\/www.artistsbookmartin.sk\/wp-content\/uploads\/2025\/03\/gaba-palicka-2204.jpeg 1000w, https:\/\/www.artistsbookmartin.sk\/wp-content\/uploads\/2025\/03\/gaba-palicka-2204-300x230.jpeg 300w, https:\/\/www.artistsbookmartin.sk\/wp-content\/uploads\/2025\/03\/gaba-palicka-2204-768x588.jpeg 768w, https:\/\/www.artistsbookmartin.sk\/wp-content\/uploads\/2025\/03\/gaba-palicka-2204-50x38.jpeg 50w, https:\/\/www.artistsbookmartin.sk\/wp-content\/uploads\/2025\/03\/gaba-palicka-2204-500x383.jpeg 500w, https:\/\/www.artistsbookmartin.sk\/wp-content\/uploads\/2025\/03\/gaba-palicka-2204-16x12.jpeg 16w, https:\/\/www.artistsbookmartin.sk\/wp-content\/uploads\/2025\/03\/gaba-palicka-2204-600x460.jpeg 600w\" sizes=\"(max-width: 1000px) 100vw, 1000px\" \/><\/figure>\n\n\n\n<p><strong>nie ma czas\u00f3w \/ <em>there are no times<\/em><\/strong><\/p>\n\n\n\n<p>obr\u00e1zkov\u00e1 kniha, tla\u010d \/ <em>picturebook, print<\/em><br>2021<\/p>\n\n\n\n<p><a href=\"http:\/\/www.behance.net\/GabrielaPalicka\" target=\"_blank\" rel=\"noreferrer noopener nofollow\">www.behance.net\/GabrielaPalicka<\/a><\/p>\n\n\n\n<div class=\"wp-block-columns\">\n<div class=\"wp-block-column\">\n<p>\u201eObr\u00e1zkov\u00e1 kniha, v strede ktorej je \u201enostalgick\u00e1\u201c \u00favaha o zmene kl\u00edmy. Je rozdelen\u00e1 na tri \u010dasti. Prv\u00e1 je zalo\u017een\u00e1 na hypot\u00e9ze jadrovej zimy \u2013 potenci\u00e1lnej klimatickej zmene, ktor\u00fa by vl\u00e1dy najvplyvnej\u0161\u00edch a najmocnej\u0161\u00edch kraj\u00edn brali v\u00e1\u017ene, ke\u010f\u017ee by sa ich t\u00e1to potenci\u00e1lna katastrofa priamo dotkla. Druh\u00e1 \u010das\u0165 je venovan\u00e1 glob\u00e1lnemu otep\u013eovaniu, relat\u00edvne odkladan\u00e9mu probl\u00e9mu, ktory\u0301 sa bezprostredne doty\u0301ka najchudobnej\u0161\u00edch kraj\u00edn. Vl\u00e1dy sa vyhy\u0301baj\u00fa radik\u00e1lnym krokom a pren\u00e1\u0161aj\u00fa zodpovednos\u0165 za rozhodnutia na z\u00e1konodarcov, korpor\u00e1cie a jednotlivy\u0301ch spotrebite\u013eov. Tretia \u010das\u0165 je venovan\u00e1 futuristickej v\u00edzii resetu, nov\u00e9ho lep\u0161ieho sveta na mimozemsky\u0301ch kol\u00f3ni\u00e1ch \u2013 s predpokladom, \u017ee odchod z plan\u00e9ty na nej zanech\u00e1 aj v\u00e4\u010d\u0161inu probl\u00e9mov \u013eudstva.\u201c<\/p>\n<\/div>\n\n\n\n<div class=\"wp-block-column\">\n<p><em>\u201cPicturebook at the centre of which is a \u2018nostalgic\u2019 refl ection on climate change. It is divided into three parts. The fi rst is based on the nuclear winter hypothesis \u2013 a potential climate change that the governments of the most infl uential and powerful countries have taken seriously, as this potential disaster would aff ect them directly. The second part is devoted to global warming, a relatively postponed problem that is most directly aff ecting the poorest countries. Governments are refraining from radical action, shift ing the responsibility of the lawmakers and corporations to the individual consumers. The third part is devoted to a futuristic vision of a reset, a new better world on extraterrestrial colonies \u2013 with the assumption that leaving a planet will also leave most of humanity problems behind.\u201d<\/em><\/p>\n<\/div>\n<\/div>","protected":false},"excerpt":{"rendered":"<p>nie ma czas\u00f3w \/ there are no times obr\u00e1zkov\u00e1 kniha, tla\u010d \/ picturebook, print2021 www.behance.net\/GabrielaPalicka \u201eObr\u00e1zkov\u00e1 kniha, v strede ktorej je \u201enostalgick\u00e1\u201c \u00favaha o zmene kl\u00edmy. Je rozdelen\u00e1 na tri \u010dasti. Prv\u00e1 je zalo\u017een\u00e1 na hypot\u00e9ze jadrovej zimy \u2013 potenci\u00e1lnej klimatickej zmene, ktor\u00fa by vl\u00e1dy najvplyvnej\u0161\u00edch a najmocnej\u0161\u00edch kraj\u00edn brali v\u00e1\u017ene, ke\u010f\u017ee by sa ich [&hellip;]<\/p>","protected":false},"author":1,"featured_media":0,"parent":54,"menu_order":0,"comment_status":"closed","ping_status":"closed","template":"","meta":{"_monsterinsights_skip_tracking":false,"_monsterinsights_sitenote_active":false,"_monsterinsights_sitenote_note":"","_monsterinsights_sitenote_category":0,"two_page_speed":[]},"_links":{"self":[{"href":"https:\/\/www.artistsbookmartin.sk\/en\/wp-json\/wp\/v2\/pages\/1494"}],"collection":[{"href":"https:\/\/www.artistsbookmartin.sk\/en\/wp-json\/wp\/v2\/pages"}],"about":[{"href":"https:\/\/www.artistsbookmartin.sk\/en\/wp-json\/wp\/v2\/types\/page"}],"author":[{"embeddable":true,"href":"https:\/\/www.artistsbookmartin.sk\/en\/wp-json\/wp\/v2\/users\/1"}],"replies":[{"embeddable":true,"href":"https:\/\/www.artistsbookmartin.sk\/en\/wp-json\/wp\/v2\/comments?post=1494"}],"version-history":[{"count":2,"href":"https:\/\/www.artistsbookmartin.sk\/en\/wp-json\/wp\/v2\/pages\/1494\/revisions"}],"predecessor-version":[{"id":1499,"href":"https:\/\/www.artistsbookmartin.sk\/en\/wp-json\/wp\/v2\/pages\/1494\/revisions\/1499"}],"up":[{"embeddable":true,"href":"https:\/\/www.artistsbookmartin.sk\/en\/wp-json\/wp\/v2\/pages\/54"}],"wp:attachment":[{"href":"https:\/\/www.artistsbookmartin.sk\/en\/wp-json\/wp\/v2\/media?parent=1494"}],"curies":[{"name":"wp","href":"https:\/\/api.w.org\/{rel}","templated":true}]}}