{"id":1473,"date":"2025-03-23T14:34:26","date_gmt":"2025-03-23T13:34:26","guid":{"rendered":"https:\/\/www.artistsbookmartin.sk\/?page_id=1473"},"modified":"2025-03-24T13:14:14","modified_gmt":"2025-03-24T12:14:14","slug":"rafal-pytel","status":"publish","type":"page","link":"https:\/\/www.artistsbookmartin.sk\/en\/autori_abecedne\/rafal-pytel\/","title":{"rendered":"Rafa\u0142 Pytel"},"content":{"rendered":"<figure class=\"wp-block-image size-full\"><img loading=\"lazy\" width=\"1006\" height=\"687\" src=\"https:\/\/www.artistsbookmartin.sk\/wp-content\/uploads\/2025\/03\/rafal-pytel.jpeg\" alt=\"\" class=\"wp-image-1474\" srcset=\"https:\/\/www.artistsbookmartin.sk\/wp-content\/uploads\/2025\/03\/rafal-pytel.jpeg 1006w, https:\/\/www.artistsbookmartin.sk\/wp-content\/uploads\/2025\/03\/rafal-pytel-300x205.jpeg 300w, https:\/\/www.artistsbookmartin.sk\/wp-content\/uploads\/2025\/03\/rafal-pytel-768x524.jpeg 768w, https:\/\/www.artistsbookmartin.sk\/wp-content\/uploads\/2025\/03\/rafal-pytel-50x34.jpeg 50w, https:\/\/www.artistsbookmartin.sk\/wp-content\/uploads\/2025\/03\/rafal-pytel-1000x683.jpeg 1000w, https:\/\/www.artistsbookmartin.sk\/wp-content\/uploads\/2025\/03\/rafal-pytel-500x341.jpeg 500w, https:\/\/www.artistsbookmartin.sk\/wp-content\/uploads\/2025\/03\/rafal-pytel-18x12.jpeg 18w, https:\/\/www.artistsbookmartin.sk\/wp-content\/uploads\/2025\/03\/rafal-pytel-600x410.jpeg 600w\" sizes=\"(max-width: 1006px) 100vw, 1006px\" \/><\/figure>\n\n\n\n<p><strong>Unread<\/strong><\/p>\n\n\n\n<p>kombinovan\u00e1 technika, papier Fabriano Rosaspina Avorio z\u00edskany\u0301 z recykl\u00e1cie ne\u00faspe\u0161nej grafickej tla\u010de (linoryt), surov\u00e1 drevotrieska, drevo, knih\u00e1rske lepidlo, akrylov\u00e1 farba<br><em>\/ mixed media, Fabriano Rosaspina Avorio paper sourced from recycling unsuccessful<br>graphic print (linocuts), raw chipboard, wood, bookbinding glue, acrylic paint<br><\/em>2024<\/p>\n\n\n\n<p>www.rafalpytel.com<\/p>","protected":false},"excerpt":{"rendered":"<p>Unread kombinovan\u00e1 technika, papier Fabriano Rosaspina Avorio z\u00edskany\u0301 z recykl\u00e1cie ne\u00faspe\u0161nej grafickej tla\u010de (linoryt), surov\u00e1 drevotrieska, drevo, knih\u00e1rske lepidlo, akrylov\u00e1 farba\/ mixed media, Fabriano Rosaspina Avorio paper sourced from recycling unsuccessfulgraphic print (linocuts), raw chipboard, wood, bookbinding glue, acrylic paint2024 www.rafalpytel.com<\/p>","protected":false},"author":1,"featured_media":0,"parent":54,"menu_order":0,"comment_status":"closed","ping_status":"closed","template":"","meta":{"_monsterinsights_skip_tracking":false,"_monsterinsights_sitenote_active":false,"_monsterinsights_sitenote_note":"","_monsterinsights_sitenote_category":0,"two_page_speed":[]},"_links":{"self":[{"href":"https:\/\/www.artistsbookmartin.sk\/en\/wp-json\/wp\/v2\/pages\/1473"}],"collection":[{"href":"https:\/\/www.artistsbookmartin.sk\/en\/wp-json\/wp\/v2\/pages"}],"about":[{"href":"https:\/\/www.artistsbookmartin.sk\/en\/wp-json\/wp\/v2\/types\/page"}],"author":[{"embeddable":true,"href":"https:\/\/www.artistsbookmartin.sk\/en\/wp-json\/wp\/v2\/users\/1"}],"replies":[{"embeddable":true,"href":"https:\/\/www.artistsbookmartin.sk\/en\/wp-json\/wp\/v2\/comments?post=1473"}],"version-history":[{"count":1,"href":"https:\/\/www.artistsbookmartin.sk\/en\/wp-json\/wp\/v2\/pages\/1473\/revisions"}],"predecessor-version":[{"id":1475,"href":"https:\/\/www.artistsbookmartin.sk\/en\/wp-json\/wp\/v2\/pages\/1473\/revisions\/1475"}],"up":[{"embeddable":true,"href":"https:\/\/www.artistsbookmartin.sk\/en\/wp-json\/wp\/v2\/pages\/54"}],"wp:attachment":[{"href":"https:\/\/www.artistsbookmartin.sk\/en\/wp-json\/wp\/v2\/media?parent=1473"}],"curies":[{"name":"wp","href":"https:\/\/api.w.org\/{rel}","templated":true}]}}