{"id":1435,"date":"2025-03-23T13:14:16","date_gmt":"2025-03-23T12:14:16","guid":{"rendered":"https:\/\/www.artistsbookmartin.sk\/?page_id=1435"},"modified":"2025-03-24T13:15:08","modified_gmt":"2025-03-24T12:15:08","slug":"zofia-siwy","status":"publish","type":"page","link":"https:\/\/www.artistsbookmartin.sk\/en\/autori_abecedne\/zofia-siwy\/","title":{"rendered":"Zofia Siwy"},"content":{"rendered":"<figure class=\"wp-block-image size-large\"><img loading=\"lazy\" width=\"1024\" height=\"651\" src=\"https:\/\/www.artistsbookmartin.sk\/wp-content\/uploads\/2025\/03\/zofia-siwy-2024-1024x651.jpeg\" alt=\"\" class=\"wp-image-1437\" srcset=\"https:\/\/www.artistsbookmartin.sk\/wp-content\/uploads\/2025\/03\/zofia-siwy-2024-1024x651.jpeg 1024w, https:\/\/www.artistsbookmartin.sk\/wp-content\/uploads\/2025\/03\/zofia-siwy-2024-300x191.jpeg 300w, https:\/\/www.artistsbookmartin.sk\/wp-content\/uploads\/2025\/03\/zofia-siwy-2024-768x488.jpeg 768w, https:\/\/www.artistsbookmartin.sk\/wp-content\/uploads\/2025\/03\/zofia-siwy-2024-50x32.jpeg 50w, https:\/\/www.artistsbookmartin.sk\/wp-content\/uploads\/2025\/03\/zofia-siwy-2024-1600x1017.jpeg 1600w, https:\/\/www.artistsbookmartin.sk\/wp-content\/uploads\/2025\/03\/zofia-siwy-2024-1000x635.jpeg 1000w, https:\/\/www.artistsbookmartin.sk\/wp-content\/uploads\/2025\/03\/zofia-siwy-2024-500x318.jpeg 500w, https:\/\/www.artistsbookmartin.sk\/wp-content\/uploads\/2025\/03\/zofia-siwy-2024-1536x976.jpeg 1536w, https:\/\/www.artistsbookmartin.sk\/wp-content\/uploads\/2025\/03\/zofia-siwy-2024-18x12.jpeg 18w, https:\/\/www.artistsbookmartin.sk\/wp-content\/uploads\/2025\/03\/zofia-siwy-2024-600x381.jpeg 600w, https:\/\/www.artistsbookmartin.sk\/wp-content\/uploads\/2025\/03\/zofia-siwy-2024.jpeg 1643w\" sizes=\"(max-width: 1024px) 100vw, 1024px\" \/><\/figure>\n\n\n\n<p><strong>Tw\u00f3r \/ Creation<\/strong><\/p>\n\n\n\n<p>ru\u010dne vyr\u00e1bany\u0301 papier, ofset, tenk\u00e1 \u0161n\u00farka, ru\u010dne \u0161it\u00e1 kniha s tenkou \u0161n\u00farkou s typografi ou nap\u00edsanou na starom p\u00edsacom stroji <br>\/ <em>handmade paper, off set, thin string, hand-sewn book together with a thin string with typography written on an old typewriter<\/em><br>2021<\/p>\n\n\n\n<p><a href=\"http:\/\/www.behance.net\/zosiasiwy6d87\" target=\"_blank\" rel=\"noreferrer noopener nofollow\">www.behance.net\/zosiasiwy6d87<\/a><\/p>","protected":false},"excerpt":{"rendered":"<p>Tw\u00f3r \/ Creation ru\u010dne vyr\u00e1bany\u0301 papier, ofset, tenk\u00e1 \u0161n\u00farka, ru\u010dne \u0161it\u00e1 kniha s tenkou \u0161n\u00farkou s typografi ou nap\u00edsanou na starom p\u00edsacom stroji \/ handmade paper, off set, thin string, hand-sewn book together with a thin string with typography written on an old typewriter2021 www.behance.net\/zosiasiwy6d87<\/p>","protected":false},"author":1,"featured_media":0,"parent":54,"menu_order":0,"comment_status":"closed","ping_status":"closed","template":"","meta":{"_monsterinsights_skip_tracking":false,"_monsterinsights_sitenote_active":false,"_monsterinsights_sitenote_note":"","_monsterinsights_sitenote_category":0,"two_page_speed":[]},"_links":{"self":[{"href":"https:\/\/www.artistsbookmartin.sk\/en\/wp-json\/wp\/v2\/pages\/1435"}],"collection":[{"href":"https:\/\/www.artistsbookmartin.sk\/en\/wp-json\/wp\/v2\/pages"}],"about":[{"href":"https:\/\/www.artistsbookmartin.sk\/en\/wp-json\/wp\/v2\/types\/page"}],"author":[{"embeddable":true,"href":"https:\/\/www.artistsbookmartin.sk\/en\/wp-json\/wp\/v2\/users\/1"}],"replies":[{"embeddable":true,"href":"https:\/\/www.artistsbookmartin.sk\/en\/wp-json\/wp\/v2\/comments?post=1435"}],"version-history":[{"count":2,"href":"https:\/\/www.artistsbookmartin.sk\/en\/wp-json\/wp\/v2\/pages\/1435\/revisions"}],"predecessor-version":[{"id":1438,"href":"https:\/\/www.artistsbookmartin.sk\/en\/wp-json\/wp\/v2\/pages\/1435\/revisions\/1438"}],"up":[{"embeddable":true,"href":"https:\/\/www.artistsbookmartin.sk\/en\/wp-json\/wp\/v2\/pages\/54"}],"wp:attachment":[{"href":"https:\/\/www.artistsbookmartin.sk\/en\/wp-json\/wp\/v2\/media?parent=1435"}],"curies":[{"name":"wp","href":"https:\/\/api.w.org\/{rel}","templated":true}]}}