{"id":1423,"date":"2025-03-23T12:58:14","date_gmt":"2025-03-23T11:58:14","guid":{"rendered":"https:\/\/www.artistsbookmartin.sk\/?page_id=1423"},"modified":"2025-03-24T13:11:57","modified_gmt":"2025-03-24T12:11:57","slug":"dominika-sulirova","status":"publish","type":"page","link":"https:\/\/www.artistsbookmartin.sk\/en\/autori_abecedne\/dominika-sulirova\/","title":{"rendered":"Dominika Sul\u00edrov\u00e1"},"content":{"rendered":"<figure class=\"wp-block-image size-large\"><img loading=\"lazy\" width=\"985\" height=\"1024\" src=\"https:\/\/www.artistsbookmartin.sk\/wp-content\/uploads\/2025\/03\/dominika-suli\u0301rova-2024-985x1024.jpeg\" alt=\"\" class=\"wp-image-1424\" srcset=\"https:\/\/www.artistsbookmartin.sk\/wp-content\/uploads\/2025\/03\/dominika-suli\u0301rova-2024-985x1024.jpeg 985w, https:\/\/www.artistsbookmartin.sk\/wp-content\/uploads\/2025\/03\/dominika-suli\u0301rova-2024-289x300.jpeg 289w, https:\/\/www.artistsbookmartin.sk\/wp-content\/uploads\/2025\/03\/dominika-suli\u0301rova-2024-768x798.jpeg 768w, https:\/\/www.artistsbookmartin.sk\/wp-content\/uploads\/2025\/03\/dominika-suli\u0301rova-2024-50x52.jpeg 50w, https:\/\/www.artistsbookmartin.sk\/wp-content\/uploads\/2025\/03\/dominika-suli\u0301rova-2024-1000x1040.jpeg 1000w, https:\/\/www.artistsbookmartin.sk\/wp-content\/uploads\/2025\/03\/dominika-suli\u0301rova-2024-500x520.jpeg 500w, https:\/\/www.artistsbookmartin.sk\/wp-content\/uploads\/2025\/03\/dominika-suli\u0301rova-2024-12x12.jpeg 12w, https:\/\/www.artistsbookmartin.sk\/wp-content\/uploads\/2025\/03\/dominika-suli\u0301rova-2024-577x600.jpeg 577w, https:\/\/www.artistsbookmartin.sk\/wp-content\/uploads\/2025\/03\/dominika-suli\u0301rova-2024.jpeg 1008w\" sizes=\"(max-width: 985px) 100vw, 985px\" \/><\/figure>\n\n\n\n<p><strong>Kr\u00eddla \/ Wings<\/strong><\/p>\n\n\n\n<p>autorsky\u0301 ru\u010dny\u0301 papier z kozo, recyklovany\u0301 materi\u00e1l, nite \/ <em>handmade kozo paper, recycled material, threads<\/em><br>2022<\/p>\n\n\n\n<div class=\"wp-block-columns\">\n<div class=\"wp-block-column\">\n<p>\u201eP\u00e1\u010di sa mi po\u013esk\u00e9 slovo ulotne. Je to pr\u00eddavn\u00e9 meno, ktor\u00e9 by sa dalo vo\u013ene prelo\u017ei\u0165 ako pominute\u013en\u00e9 alebo letm\u00e9. Vec, ktor\u00e1 je ulotna, je v stave takmer odletie\u0165, efem\u00e9rne existuje na hranici nami vn\u00edmanej skuto\u010dnosti a snu. Existuje, ale vzbudzuje pocit, \u017ee sa o chv\u00ed\u013eu vytrat\u00ed z doh\u013eadu \u010di dosahu a odlet\u00ed. Papier z japonsk\u00e9ho kra kozo je v podstate ulotnym materi\u00e1lom. Ide trochu o oxymoron, preto\u017ee napriek tomu, \u017ee cely\u0301 \u010das vn\u00edmame jeho existenciu a hmotu, je to zvl\u00e1\u0161tne nehmotny\u0301 materi\u00e1l. Z\u00e1rove\u0148 si v\u0161ak mysl\u00edm, \u017ee jeho zdanliv\u00e1 krehkos\u0165 a neha obsahuj\u00fa ve\u013ek\u00fa vy\u0301razov\u00fa silu, preto\u017ee v jeho forme, nech je akoko\u013evek tich\u00e1, po\u010du\u0165 ozvenu slova takmer\u2026\u201c<\/p>\n<\/div>\n\n\n\n<div class=\"wp-block-column\">\n<p><em>\u201cI like the Polish word ulotne. It\u2019s an adjective that could be loosely translated as fl eeting or transient. Something that is ulotne is in a state of almost fl ying away, existing momentarily on the edge of what we perceive as reality and dream. It exists, but it evokes the feeling that it will soon disappear from sight or reach and take fl ight. Japanese paper, kozo, is essentially an ulotne material. It\u2019s a bit of an oxymoron, because even though we perceive its existence and materiality all the time, it\u2019s a strangely immaterial substance. Yet I also believe that itsapparent fragility and tender-ness carry great expressive power, because in its form \u2013 no matter how quiet \u2013 there\u2019s an audible echo of a word almost\u2026\u201d<\/em><\/p>\n<\/div>\n<\/div>","protected":false},"excerpt":{"rendered":"<p>Kr\u00eddla \/ Wings autorsky\u0301 ru\u010dny\u0301 papier z kozo, recyklovany\u0301 materi\u00e1l, nite \/ handmade kozo paper, recycled material, threads2022 \u201eP\u00e1\u010di sa mi po\u013esk\u00e9 slovo ulotne. Je to pr\u00eddavn\u00e9 meno, ktor\u00e9 by sa dalo vo\u013ene prelo\u017ei\u0165 ako pominute\u013en\u00e9 alebo letm\u00e9. Vec, ktor\u00e1 je ulotna, je v stave takmer odletie\u0165, efem\u00e9rne existuje na hranici nami vn\u00edmanej skuto\u010dnosti a [&hellip;]<\/p>","protected":false},"author":1,"featured_media":0,"parent":54,"menu_order":0,"comment_status":"closed","ping_status":"closed","template":"","meta":{"_monsterinsights_skip_tracking":false,"_monsterinsights_sitenote_active":false,"_monsterinsights_sitenote_note":"","_monsterinsights_sitenote_category":0,"two_page_speed":[]},"_links":{"self":[{"href":"https:\/\/www.artistsbookmartin.sk\/en\/wp-json\/wp\/v2\/pages\/1423"}],"collection":[{"href":"https:\/\/www.artistsbookmartin.sk\/en\/wp-json\/wp\/v2\/pages"}],"about":[{"href":"https:\/\/www.artistsbookmartin.sk\/en\/wp-json\/wp\/v2\/types\/page"}],"author":[{"embeddable":true,"href":"https:\/\/www.artistsbookmartin.sk\/en\/wp-json\/wp\/v2\/users\/1"}],"replies":[{"embeddable":true,"href":"https:\/\/www.artistsbookmartin.sk\/en\/wp-json\/wp\/v2\/comments?post=1423"}],"version-history":[{"count":2,"href":"https:\/\/www.artistsbookmartin.sk\/en\/wp-json\/wp\/v2\/pages\/1423\/revisions"}],"predecessor-version":[{"id":1429,"href":"https:\/\/www.artistsbookmartin.sk\/en\/wp-json\/wp\/v2\/pages\/1423\/revisions\/1429"}],"up":[{"embeddable":true,"href":"https:\/\/www.artistsbookmartin.sk\/en\/wp-json\/wp\/v2\/pages\/54"}],"wp:attachment":[{"href":"https:\/\/www.artistsbookmartin.sk\/en\/wp-json\/wp\/v2\/media?parent=1423"}],"curies":[{"name":"wp","href":"https:\/\/api.w.org\/{rel}","templated":true}]}}