{"id":1394,"date":"2025-03-23T12:17:16","date_gmt":"2025-03-23T11:17:16","guid":{"rendered":"https:\/\/www.artistsbookmartin.sk\/?page_id=1394"},"modified":"2025-03-24T13:13:00","modified_gmt":"2025-03-24T12:13:00","slug":"klara-stefanovicova","status":"publish","type":"page","link":"https:\/\/www.artistsbookmartin.sk\/en\/autori_abecedne\/klara-stefanovicova\/","title":{"rendered":"Kl\u00e1ra \u0160tefanovi\u010dov\u00e1"},"content":{"rendered":"<figure class=\"wp-block-image size-full\"><img loading=\"lazy\" width=\"827\" height=\"533\" src=\"https:\/\/www.artistsbookmartin.sk\/wp-content\/uploads\/2025\/03\/klara-stefanovicova-1-2024-1.jpeg\" alt=\"\" class=\"wp-image-1399\" srcset=\"https:\/\/www.artistsbookmartin.sk\/wp-content\/uploads\/2025\/03\/klara-stefanovicova-1-2024-1.jpeg 827w, https:\/\/www.artistsbookmartin.sk\/wp-content\/uploads\/2025\/03\/klara-stefanovicova-1-2024-1-300x193.jpeg 300w, https:\/\/www.artistsbookmartin.sk\/wp-content\/uploads\/2025\/03\/klara-stefanovicova-1-2024-1-768x495.jpeg 768w, https:\/\/www.artistsbookmartin.sk\/wp-content\/uploads\/2025\/03\/klara-stefanovicova-1-2024-1-50x32.jpeg 50w, https:\/\/www.artistsbookmartin.sk\/wp-content\/uploads\/2025\/03\/klara-stefanovicova-1-2024-1-500x322.jpeg 500w, https:\/\/www.artistsbookmartin.sk\/wp-content\/uploads\/2025\/03\/klara-stefanovicova-1-2024-1-18x12.jpeg 18w, https:\/\/www.artistsbookmartin.sk\/wp-content\/uploads\/2025\/03\/klara-stefanovicova-1-2024-1-600x387.jpeg 600w\" sizes=\"(max-width: 827px) 100vw, 827px\" \/><\/figure>\n\n\n\n<div class=\"wp-block-columns\">\n<div class=\"wp-block-column\">\n<figure class=\"wp-block-image size-full\"><img loading=\"lazy\" width=\"826\" height=\"553\" src=\"https:\/\/www.artistsbookmartin.sk\/wp-content\/uploads\/2025\/03\/klara-stefanovicova-2-2024.jpeg\" alt=\"\" class=\"wp-image-1396\" srcset=\"https:\/\/www.artistsbookmartin.sk\/wp-content\/uploads\/2025\/03\/klara-stefanovicova-2-2024.jpeg 826w, https:\/\/www.artistsbookmartin.sk\/wp-content\/uploads\/2025\/03\/klara-stefanovicova-2-2024-300x201.jpeg 300w, https:\/\/www.artistsbookmartin.sk\/wp-content\/uploads\/2025\/03\/klara-stefanovicova-2-2024-768x514.jpeg 768w, https:\/\/www.artistsbookmartin.sk\/wp-content\/uploads\/2025\/03\/klara-stefanovicova-2-2024-50x33.jpeg 50w, https:\/\/www.artistsbookmartin.sk\/wp-content\/uploads\/2025\/03\/klara-stefanovicova-2-2024-500x335.jpeg 500w, https:\/\/www.artistsbookmartin.sk\/wp-content\/uploads\/2025\/03\/klara-stefanovicova-2-2024-18x12.jpeg 18w, https:\/\/www.artistsbookmartin.sk\/wp-content\/uploads\/2025\/03\/klara-stefanovicova-2-2024-600x402.jpeg 600w\" sizes=\"(max-width: 826px) 100vw, 826px\" \/><\/figure>\n<\/div>\n<\/div>\n\n\n\n<p><strong>\u798f\u5ca1 (Fukuoka)<\/strong><\/p>\n\n\n\n<p>washi papier, drevoryt, digit\u00e1lna tla\u010d \/ <em>washi paper, woodcut, digital print<\/em><br>2024<\/p>\n\n\n\n<p><a href=\"http:\/\/www.klarastefano.com\">www.klarastefano.com<\/a><\/p>","protected":false},"excerpt":{"rendered":"<p>\u798f\u5ca1 (Fukuoka) washi papier, drevoryt, digit\u00e1lna tla\u010d \/ washi paper, woodcut, digital print2024 www.klarastefano.com<\/p>","protected":false},"author":1,"featured_media":0,"parent":54,"menu_order":0,"comment_status":"closed","ping_status":"closed","template":"","meta":{"_monsterinsights_skip_tracking":false,"_monsterinsights_sitenote_active":false,"_monsterinsights_sitenote_note":"","_monsterinsights_sitenote_category":0,"two_page_speed":[]},"_links":{"self":[{"href":"https:\/\/www.artistsbookmartin.sk\/en\/wp-json\/wp\/v2\/pages\/1394"}],"collection":[{"href":"https:\/\/www.artistsbookmartin.sk\/en\/wp-json\/wp\/v2\/pages"}],"about":[{"href":"https:\/\/www.artistsbookmartin.sk\/en\/wp-json\/wp\/v2\/types\/page"}],"author":[{"embeddable":true,"href":"https:\/\/www.artistsbookmartin.sk\/en\/wp-json\/wp\/v2\/users\/1"}],"replies":[{"embeddable":true,"href":"https:\/\/www.artistsbookmartin.sk\/en\/wp-json\/wp\/v2\/comments?post=1394"}],"version-history":[{"count":2,"href":"https:\/\/www.artistsbookmartin.sk\/en\/wp-json\/wp\/v2\/pages\/1394\/revisions"}],"predecessor-version":[{"id":1400,"href":"https:\/\/www.artistsbookmartin.sk\/en\/wp-json\/wp\/v2\/pages\/1394\/revisions\/1400"}],"up":[{"embeddable":true,"href":"https:\/\/www.artistsbookmartin.sk\/en\/wp-json\/wp\/v2\/pages\/54"}],"wp:attachment":[{"href":"https:\/\/www.artistsbookmartin.sk\/en\/wp-json\/wp\/v2\/media?parent=1394"}],"curies":[{"name":"wp","href":"https:\/\/api.w.org\/{rel}","templated":true}]}}