{"id":1390,"date":"2025-03-23T12:11:10","date_gmt":"2025-03-23T11:11:10","guid":{"rendered":"https:\/\/www.artistsbookmartin.sk\/?page_id=1390"},"modified":"2025-03-24T13:14:13","modified_gmt":"2025-03-24T12:14:13","slug":"peter-sulavik","status":"publish","type":"page","link":"https:\/\/www.artistsbookmartin.sk\/en\/autori_abecedne\/peter-sulavik\/","title":{"rendered":"Peter \u0160ulav\u00edk"},"content":{"rendered":"<figure class=\"wp-block-image size-large\"><img loading=\"lazy\" width=\"776\" height=\"1024\" src=\"https:\/\/www.artistsbookmartin.sk\/wp-content\/uploads\/2025\/03\/peter-sulavik-2024-776x1024.jpeg\" alt=\"\" class=\"wp-image-1391\" srcset=\"https:\/\/www.artistsbookmartin.sk\/wp-content\/uploads\/2025\/03\/peter-sulavik-2024-776x1024.jpeg 776w, https:\/\/www.artistsbookmartin.sk\/wp-content\/uploads\/2025\/03\/peter-sulavik-2024-227x300.jpeg 227w, https:\/\/www.artistsbookmartin.sk\/wp-content\/uploads\/2025\/03\/peter-sulavik-2024-768x1013.jpeg 768w, https:\/\/www.artistsbookmartin.sk\/wp-content\/uploads\/2025\/03\/peter-sulavik-2024-50x66.jpeg 50w, https:\/\/www.artistsbookmartin.sk\/wp-content\/uploads\/2025\/03\/peter-sulavik-2024-455x600.jpeg 455w, https:\/\/www.artistsbookmartin.sk\/wp-content\/uploads\/2025\/03\/peter-sulavik-2024-9x12.jpeg 9w, https:\/\/www.artistsbookmartin.sk\/wp-content\/uploads\/2025\/03\/peter-sulavik-2024.jpeg 827w\" sizes=\"(max-width: 776px) 100vw, 776px\" \/><\/figure>\n\n\n\n<p><strong>U\u017e nechcem zakry\u0301va\u0165 slovami \/ <em>I No Longer Want to Conceal with Words<\/em><\/strong><\/p>\n\n\n\n<p>kombinovan\u00e1 technika \/ <em>mixed media<\/em><br>2024<\/p>\n\n\n\n<div class=\"wp-block-columns\">\n<div class=\"wp-block-column\">\n<p>\u201eMen\u0161\u00ed z\u00e1vesny\u0301 otv\u00e1rac\u00ed objekt je jedny\u0301m z mojich nov\u0161\u00edch diel. Po\u010diatkom tohto objektu sa stal kr\u00e1tky z\u00e1pis, ktory\u0301 som si pozna\u010dil do z\u00e1pisn\u00edka v roku 2023: \u201eSlov\u00e1 zakry\u0301vaj\u00fa. U\u017e nechcem zakry\u0301va\u0165 slovami\u2026\u201c<\/p>\n<\/div>\n\n\n\n<div class=\"wp-block-column\">\n<p><em>\u201cThe smaller hanging opening object is one of my recent works. It began with a brief note I made in my sketchbook in 2023: Words conceal. I no longer want to conceal with words\u2026\u201d<\/em><\/p>\n<\/div>\n<\/div>","protected":false},"excerpt":{"rendered":"<p>U\u017e nechcem zakry\u0301va\u0165 slovami \/ I No Longer Want to Conceal with Words kombinovan\u00e1 technika \/ mixed media2024 \u201eMen\u0161\u00ed z\u00e1vesny\u0301 otv\u00e1rac\u00ed objekt je jedny\u0301m z mojich nov\u0161\u00edch diel. Po\u010diatkom tohto objektu sa stal kr\u00e1tky z\u00e1pis, ktory\u0301 som si pozna\u010dil do z\u00e1pisn\u00edka v roku 2023: \u201eSlov\u00e1 zakry\u0301vaj\u00fa. U\u017e nechcem zakry\u0301va\u0165 slovami\u2026\u201c \u201cThe smaller hanging opening object [&hellip;]<\/p>","protected":false},"author":1,"featured_media":0,"parent":54,"menu_order":0,"comment_status":"closed","ping_status":"closed","template":"","meta":{"_monsterinsights_skip_tracking":false,"_monsterinsights_sitenote_active":false,"_monsterinsights_sitenote_note":"","_monsterinsights_sitenote_category":0,"two_page_speed":[]},"_links":{"self":[{"href":"https:\/\/www.artistsbookmartin.sk\/en\/wp-json\/wp\/v2\/pages\/1390"}],"collection":[{"href":"https:\/\/www.artistsbookmartin.sk\/en\/wp-json\/wp\/v2\/pages"}],"about":[{"href":"https:\/\/www.artistsbookmartin.sk\/en\/wp-json\/wp\/v2\/types\/page"}],"author":[{"embeddable":true,"href":"https:\/\/www.artistsbookmartin.sk\/en\/wp-json\/wp\/v2\/users\/1"}],"replies":[{"embeddable":true,"href":"https:\/\/www.artistsbookmartin.sk\/en\/wp-json\/wp\/v2\/comments?post=1390"}],"version-history":[{"count":1,"href":"https:\/\/www.artistsbookmartin.sk\/en\/wp-json\/wp\/v2\/pages\/1390\/revisions"}],"predecessor-version":[{"id":1392,"href":"https:\/\/www.artistsbookmartin.sk\/en\/wp-json\/wp\/v2\/pages\/1390\/revisions\/1392"}],"up":[{"embeddable":true,"href":"https:\/\/www.artistsbookmartin.sk\/en\/wp-json\/wp\/v2\/pages\/54"}],"wp:attachment":[{"href":"https:\/\/www.artistsbookmartin.sk\/en\/wp-json\/wp\/v2\/media?parent=1390"}],"curies":[{"name":"wp","href":"https:\/\/api.w.org\/{rel}","templated":true}]}}