{"id":1384,"date":"2025-03-23T12:05:37","date_gmt":"2025-03-23T11:05:37","guid":{"rendered":"https:\/\/www.artistsbookmartin.sk\/?page_id=1384"},"modified":"2025-03-24T13:13:37","modified_gmt":"2025-03-24T12:13:37","slug":"michal-sumichrast","status":"publish","type":"page","link":"https:\/\/www.artistsbookmartin.sk\/en\/autori_abecedne\/michal-sumichrast\/","title":{"rendered":"Michal \u0160umichrast"},"content":{"rendered":"<figure class=\"wp-block-image size-full\"><img loading=\"lazy\" width=\"1000\" height=\"885\" src=\"https:\/\/www.artistsbookmartin.sk\/wp-content\/uploads\/2025\/03\/michal-sumichrast-2024.jpeg\" alt=\"\" class=\"wp-image-1385\" srcset=\"https:\/\/www.artistsbookmartin.sk\/wp-content\/uploads\/2025\/03\/michal-sumichrast-2024.jpeg 1000w, https:\/\/www.artistsbookmartin.sk\/wp-content\/uploads\/2025\/03\/michal-sumichrast-2024-300x266.jpeg 300w, https:\/\/www.artistsbookmartin.sk\/wp-content\/uploads\/2025\/03\/michal-sumichrast-2024-768x680.jpeg 768w, https:\/\/www.artistsbookmartin.sk\/wp-content\/uploads\/2025\/03\/michal-sumichrast-2024-50x44.jpeg 50w, https:\/\/www.artistsbookmartin.sk\/wp-content\/uploads\/2025\/03\/michal-sumichrast-2024-500x443.jpeg 500w, https:\/\/www.artistsbookmartin.sk\/wp-content\/uploads\/2025\/03\/michal-sumichrast-2024-14x12.jpeg 14w, https:\/\/www.artistsbookmartin.sk\/wp-content\/uploads\/2025\/03\/michal-sumichrast-2024-600x531.jpeg 600w\" sizes=\"(max-width: 1000px) 100vw, 1000px\" \/><\/figure>\n\n\n\n<p><strong>Bad Times Ahead (Drawings for the End Times)<\/strong><\/p>\n\n\n\n<p>Tu\u0161 a akvarel na papieri, reprodukcie origin\u00e1lnych kresieb zviazan\u00e9 do kni\u017enej formy<br>\/ <em>India ink and watercolor on paper, reproductions of original drawings bound in book form<\/em><br>2023<\/p>\n\n\n\n<div class=\"wp-block-columns\">\n<div class=\"wp-block-column\">\n<p>\u201eAutorsky\u0301 zin pozost\u00e1vaj\u00faci z akvarelovy\u0301ch a tu\u0161ovy\u0301ch kresieb. N\u00e1mety s\u00fa in\u0161pirovan\u00e9 podradnou estetikou pornografi e z rokov minuly\u0301ch, doplneny\u0301ch o r\u00f4zne slogany, \u00faryvky textov punkovy\u0301ch piesn\u00ed a kn\u00edh. Projekt vznikol ako kratochv\u00ed\u013ea, no jednotliv\u00e9 kresby sa za\u010dali kopi\u0165, tak vznikol n\u00e1pad zviaza\u0165 ich dohromady a vyda\u0165 to ako zin v limitovanom n\u00e1klade.\u201c<\/p>\n<\/div>\n\n\n\n<div class=\"wp-block-column\">\n<p><em>\u201cAn artist\u2019s zine featuring watercolor and ink illustrations. The themes are inspired by the gritty aesthetics of past pornography, combined with slogans, punk song lyrics, and book excerpts. What started as a casual pastime soon grew into a collection, leading to the idea of binding the drawings together and releasing them as a limited edition zine.\u201d<\/em><\/p>\n<\/div>\n<\/div>","protected":false},"excerpt":{"rendered":"<p>Bad Times Ahead (Drawings for the End Times) Tu\u0161 a akvarel na papieri, reprodukcie origin\u00e1lnych kresieb zviazan\u00e9 do kni\u017enej formy\/ India ink and watercolor on paper, reproductions of original drawings bound in book form2023 \u201eAutorsky\u0301 zin pozost\u00e1vaj\u00faci z akvarelovy\u0301ch a tu\u0161ovy\u0301ch kresieb. N\u00e1mety s\u00fa in\u0161pirovan\u00e9 podradnou estetikou pornografi e z rokov minuly\u0301ch, doplneny\u0301ch o r\u00f4zne [&hellip;]<\/p>","protected":false},"author":1,"featured_media":0,"parent":54,"menu_order":0,"comment_status":"closed","ping_status":"closed","template":"","meta":{"_monsterinsights_skip_tracking":false,"_monsterinsights_sitenote_active":false,"_monsterinsights_sitenote_note":"","_monsterinsights_sitenote_category":0,"two_page_speed":[]},"_links":{"self":[{"href":"https:\/\/www.artistsbookmartin.sk\/en\/wp-json\/wp\/v2\/pages\/1384"}],"collection":[{"href":"https:\/\/www.artistsbookmartin.sk\/en\/wp-json\/wp\/v2\/pages"}],"about":[{"href":"https:\/\/www.artistsbookmartin.sk\/en\/wp-json\/wp\/v2\/types\/page"}],"author":[{"embeddable":true,"href":"https:\/\/www.artistsbookmartin.sk\/en\/wp-json\/wp\/v2\/users\/1"}],"replies":[{"embeddable":true,"href":"https:\/\/www.artistsbookmartin.sk\/en\/wp-json\/wp\/v2\/comments?post=1384"}],"version-history":[{"count":2,"href":"https:\/\/www.artistsbookmartin.sk\/en\/wp-json\/wp\/v2\/pages\/1384\/revisions"}],"predecessor-version":[{"id":1388,"href":"https:\/\/www.artistsbookmartin.sk\/en\/wp-json\/wp\/v2\/pages\/1384\/revisions\/1388"}],"up":[{"embeddable":true,"href":"https:\/\/www.artistsbookmartin.sk\/en\/wp-json\/wp\/v2\/pages\/54"}],"wp:attachment":[{"href":"https:\/\/www.artistsbookmartin.sk\/en\/wp-json\/wp\/v2\/media?parent=1384"}],"curies":[{"name":"wp","href":"https:\/\/api.w.org\/{rel}","templated":true}]}}