{"id":1359,"date":"2025-03-23T11:28:48","date_gmt":"2025-03-23T10:28:48","guid":{"rendered":"https:\/\/www.artistsbookmartin.sk\/?page_id=1359"},"modified":"2025-03-24T13:11:57","modified_gmt":"2025-03-24T12:11:57","slug":"gabriella-varosi","status":"publish","type":"page","link":"https:\/\/www.artistsbookmartin.sk\/en\/autori_abecedne\/gabriella-varosi\/","title":{"rendered":"Gabriella V\u00e1rosi"},"content":{"rendered":"<figure class=\"wp-block-image size-full\"><img loading=\"lazy\" width=\"1005\" height=\"682\" src=\"https:\/\/www.artistsbookmartin.sk\/wp-content\/uploads\/2025\/03\/gabriella-varosi-2024.jpeg\" alt=\"\" class=\"wp-image-1360\" srcset=\"https:\/\/www.artistsbookmartin.sk\/wp-content\/uploads\/2025\/03\/gabriella-varosi-2024.jpeg 1005w, https:\/\/www.artistsbookmartin.sk\/wp-content\/uploads\/2025\/03\/gabriella-varosi-2024-300x204.jpeg 300w, https:\/\/www.artistsbookmartin.sk\/wp-content\/uploads\/2025\/03\/gabriella-varosi-2024-768x521.jpeg 768w, https:\/\/www.artistsbookmartin.sk\/wp-content\/uploads\/2025\/03\/gabriella-varosi-2024-50x34.jpeg 50w, https:\/\/www.artistsbookmartin.sk\/wp-content\/uploads\/2025\/03\/gabriella-varosi-2024-1000x679.jpeg 1000w, https:\/\/www.artistsbookmartin.sk\/wp-content\/uploads\/2025\/03\/gabriella-varosi-2024-500x339.jpeg 500w, https:\/\/www.artistsbookmartin.sk\/wp-content\/uploads\/2025\/03\/gabriella-varosi-2024-18x12.jpeg 18w, https:\/\/www.artistsbookmartin.sk\/wp-content\/uploads\/2025\/03\/gabriella-varosi-2024-600x407.jpeg 600w\" sizes=\"(max-width: 1005px) 100vw, 1005px\" \/><\/figure>\n\n\n\n<p><strong>Mirage<\/strong><\/p>\n\n\n\n<p>kombinovan\u00e1 technika \/ <em>mixed technique<\/em><br>2023<\/p>\n\n\n\n<p><a href=\"http:\/\/www.gabriellavarosi.com\" target=\"_blank\" rel=\"noreferrer noopener nofollow\">www.gabriellavarosi.com<\/a><\/p>\n\n\n\n<div class=\"wp-block-columns\">\n<div class=\"wp-block-column\">\n<p>\u201eViery o zrkadl\u00e1ch a rozbity\u0301ch zrkadl\u00e1ch siahaj\u00fa a\u017e do staroveku. Verilo sa, \u017ee zrkadl\u00e1 maj\u00fa magick\u00fa moc, a pod\u013ea povery rozbit\u00e9 zrkadlo prin\u00e1\u0161a sedem rokov smoly, preto\u017ee dok\u00e1\u017ee zachyti\u0165 \u013eudsk\u00fa du\u0161u. Smola sp\u00f4soben\u00e1 rozbity\u0301m zrkadlom sa m\u00f4\u017ee odstr\u00e1ni\u0165 r\u00f4znymi sp\u00f4sobmi, jedny\u0301m z nich je vlo\u017eenie najv\u00e4\u010d\u0161ieho \u010drepu do novej funkcie, napr\u00edklad ako s\u00fa\u010das\u0165 umeleck\u00e9ho diela.<\/p>\n\n\n\n<p>In\u0161pir\u00e1ciou pre projekt umeleckej knihy Mirage je rozbity\u0301 kus zrkadla n\u00e1jdeny\u0301 na ceste. Po jeho umiestnen\u00ed do novej funkcie m\u00f4\u017ee tento k\u00fasok oslobodi\u0165 svojho majite\u013ea od smoly \u2013 a to v podobe umeleck\u00e9ho diela, pri\u010dom kus zrkadla za\u010dne svoju vlastn\u00fa cestu\u2026\u201c<\/p>\n<\/div>\n\n\n\n<div class=\"wp-block-column\">\n<p><em>\u201cBeliefs about mirrors and broken mirrors can be traced back to ancient times. Mirrors were believed to have magical powers and, according to superstition, a broken mirror brings seven years of bad luck, as it can capture the human soul. There are various practical ways to get rid of the bad luck caused by a broken mirror, one of them is to put the largest shard into a new function, for example as part of a work of art.<\/em><\/p>\n\n\n\n<p><em>The inspiration for the Mirage art book project is a broken piece of mirror found on the road, which, when placed in a new function, can free its owner from bad luck in the form of a work of art, while the piece of mirror travels its own path\u2026\u201d<\/em><\/p>\n<\/div>\n<\/div>","protected":false},"excerpt":{"rendered":"<p>Mirage kombinovan\u00e1 technika \/ mixed technique2023 www.gabriellavarosi.com \u201eViery o zrkadl\u00e1ch a rozbity\u0301ch zrkadl\u00e1ch siahaj\u00fa a\u017e do staroveku. Verilo sa, \u017ee zrkadl\u00e1 maj\u00fa magick\u00fa moc, a pod\u013ea povery rozbit\u00e9 zrkadlo prin\u00e1\u0161a sedem rokov smoly, preto\u017ee dok\u00e1\u017ee zachyti\u0165 \u013eudsk\u00fa du\u0161u. Smola sp\u00f4soben\u00e1 rozbity\u0301m zrkadlom sa m\u00f4\u017ee odstr\u00e1ni\u0165 r\u00f4znymi sp\u00f4sobmi, jedny\u0301m z nich je vlo\u017eenie najv\u00e4\u010d\u0161ieho \u010drepu do [&hellip;]<\/p>","protected":false},"author":1,"featured_media":0,"parent":54,"menu_order":0,"comment_status":"closed","ping_status":"closed","template":"","meta":{"_monsterinsights_skip_tracking":false,"_monsterinsights_sitenote_active":false,"_monsterinsights_sitenote_note":"","_monsterinsights_sitenote_category":0,"two_page_speed":[]},"_links":{"self":[{"href":"https:\/\/www.artistsbookmartin.sk\/en\/wp-json\/wp\/v2\/pages\/1359"}],"collection":[{"href":"https:\/\/www.artistsbookmartin.sk\/en\/wp-json\/wp\/v2\/pages"}],"about":[{"href":"https:\/\/www.artistsbookmartin.sk\/en\/wp-json\/wp\/v2\/types\/page"}],"author":[{"embeddable":true,"href":"https:\/\/www.artistsbookmartin.sk\/en\/wp-json\/wp\/v2\/users\/1"}],"replies":[{"embeddable":true,"href":"https:\/\/www.artistsbookmartin.sk\/en\/wp-json\/wp\/v2\/comments?post=1359"}],"version-history":[{"count":2,"href":"https:\/\/www.artistsbookmartin.sk\/en\/wp-json\/wp\/v2\/pages\/1359\/revisions"}],"predecessor-version":[{"id":1365,"href":"https:\/\/www.artistsbookmartin.sk\/en\/wp-json\/wp\/v2\/pages\/1359\/revisions\/1365"}],"up":[{"embeddable":true,"href":"https:\/\/www.artistsbookmartin.sk\/en\/wp-json\/wp\/v2\/pages\/54"}],"wp:attachment":[{"href":"https:\/\/www.artistsbookmartin.sk\/en\/wp-json\/wp\/v2\/media?parent=1359"}],"curies":[{"name":"wp","href":"https:\/\/api.w.org\/{rel}","templated":true}]}}