{"id":1351,"date":"2025-03-23T11:19:32","date_gmt":"2025-03-23T10:19:32","guid":{"rendered":"https:\/\/www.artistsbookmartin.sk\/?page_id=1351"},"modified":"2025-03-24T13:13:01","modified_gmt":"2025-03-24T12:13:01","slug":"lenka-vilhelmova","status":"publish","type":"page","link":"https:\/\/www.artistsbookmartin.sk\/en\/autori_abecedne\/lenka-vilhelmova\/","title":{"rendered":"Lenka Vilhelmov\u00e1"},"content":{"rendered":"<figure class=\"wp-block-image size-full\"><img loading=\"lazy\" width=\"1000\" height=\"959\" src=\"https:\/\/www.artistsbookmartin.sk\/wp-content\/uploads\/2025\/03\/lenka-vilhelmova-2024.jpeg\" alt=\"\" class=\"wp-image-1352\" srcset=\"https:\/\/www.artistsbookmartin.sk\/wp-content\/uploads\/2025\/03\/lenka-vilhelmova-2024.jpeg 1000w, https:\/\/www.artistsbookmartin.sk\/wp-content\/uploads\/2025\/03\/lenka-vilhelmova-2024-300x288.jpeg 300w, https:\/\/www.artistsbookmartin.sk\/wp-content\/uploads\/2025\/03\/lenka-vilhelmova-2024-768x737.jpeg 768w, https:\/\/www.artistsbookmartin.sk\/wp-content\/uploads\/2025\/03\/lenka-vilhelmova-2024-50x48.jpeg 50w, https:\/\/www.artistsbookmartin.sk\/wp-content\/uploads\/2025\/03\/lenka-vilhelmova-2024-500x480.jpeg 500w, https:\/\/www.artistsbookmartin.sk\/wp-content\/uploads\/2025\/03\/lenka-vilhelmova-2024-13x12.jpeg 13w, https:\/\/www.artistsbookmartin.sk\/wp-content\/uploads\/2025\/03\/lenka-vilhelmova-2024-600x575.jpeg 600w\" sizes=\"(max-width: 1000px) 100vw, 1000px\" \/><\/figure>\n\n\n\n<p><strong>Ch\u0159t\u00e1n d\u00e1lky \/ <em>Maw of Distance<\/em><\/strong><\/p>\n\n\n\n<p>papier mach\u00e9, dr\u00f4t, sklo, lupa<br>\/ <em>texts embedded in paper m\u00e2ch\u00e9, soldered wires, glued glass and a magnifying glass<\/em><br>2024<\/p>\n\n\n\n<p><a href=\"http:\/\/www.vilhelmova.cz\" target=\"_blank\" rel=\"noreferrer noopener\">www.vilhelmova.cz<\/a><\/p>","protected":false},"excerpt":{"rendered":"<p>Ch\u0159t\u00e1n d\u00e1lky \/ Maw of Distance papier mach\u00e9, dr\u00f4t, sklo, lupa\/ texts embedded in paper m\u00e2ch\u00e9, soldered wires, glued glass and a magnifying glass2024 www.vilhelmova.cz<\/p>","protected":false},"author":1,"featured_media":0,"parent":54,"menu_order":0,"comment_status":"closed","ping_status":"closed","template":"","meta":{"_monsterinsights_skip_tracking":false,"_monsterinsights_sitenote_active":false,"_monsterinsights_sitenote_note":"","_monsterinsights_sitenote_category":0,"two_page_speed":[]},"_links":{"self":[{"href":"https:\/\/www.artistsbookmartin.sk\/en\/wp-json\/wp\/v2\/pages\/1351"}],"collection":[{"href":"https:\/\/www.artistsbookmartin.sk\/en\/wp-json\/wp\/v2\/pages"}],"about":[{"href":"https:\/\/www.artistsbookmartin.sk\/en\/wp-json\/wp\/v2\/types\/page"}],"author":[{"embeddable":true,"href":"https:\/\/www.artistsbookmartin.sk\/en\/wp-json\/wp\/v2\/users\/1"}],"replies":[{"embeddable":true,"href":"https:\/\/www.artistsbookmartin.sk\/en\/wp-json\/wp\/v2\/comments?post=1351"}],"version-history":[{"count":1,"href":"https:\/\/www.artistsbookmartin.sk\/en\/wp-json\/wp\/v2\/pages\/1351\/revisions"}],"predecessor-version":[{"id":1353,"href":"https:\/\/www.artistsbookmartin.sk\/en\/wp-json\/wp\/v2\/pages\/1351\/revisions\/1353"}],"up":[{"embeddable":true,"href":"https:\/\/www.artistsbookmartin.sk\/en\/wp-json\/wp\/v2\/pages\/54"}],"wp:attachment":[{"href":"https:\/\/www.artistsbookmartin.sk\/en\/wp-json\/wp\/v2\/media?parent=1351"}],"curies":[{"name":"wp","href":"https:\/\/api.w.org\/{rel}","templated":true}]}}