{"id":1335,"date":"2025-03-23T11:05:32","date_gmt":"2025-03-23T10:05:32","guid":{"rendered":"https:\/\/www.artistsbookmartin.sk\/?page_id=1335"},"modified":"2025-03-24T13:12:28","modified_gmt":"2025-03-24T12:12:28","slug":"iryna-zahladko","status":"publish","type":"page","link":"https:\/\/www.artistsbookmartin.sk\/en\/autori_abecedne\/iryna-zahladko\/","title":{"rendered":"Iryna Zahladko"},"content":{"rendered":"<figure class=\"wp-block-image size-full\"><img loading=\"lazy\" width=\"1005\" height=\"721\" src=\"https:\/\/www.artistsbookmartin.sk\/wp-content\/uploads\/2025\/03\/iryna-zahladko.jpeg\" alt=\"\" class=\"wp-image-1336\" srcset=\"https:\/\/www.artistsbookmartin.sk\/wp-content\/uploads\/2025\/03\/iryna-zahladko.jpeg 1005w, https:\/\/www.artistsbookmartin.sk\/wp-content\/uploads\/2025\/03\/iryna-zahladko-300x215.jpeg 300w, https:\/\/www.artistsbookmartin.sk\/wp-content\/uploads\/2025\/03\/iryna-zahladko-768x551.jpeg 768w, https:\/\/www.artistsbookmartin.sk\/wp-content\/uploads\/2025\/03\/iryna-zahladko-50x36.jpeg 50w, https:\/\/www.artistsbookmartin.sk\/wp-content\/uploads\/2025\/03\/iryna-zahladko-1000x717.jpeg 1000w, https:\/\/www.artistsbookmartin.sk\/wp-content\/uploads\/2025\/03\/iryna-zahladko-500x359.jpeg 500w, https:\/\/www.artistsbookmartin.sk\/wp-content\/uploads\/2025\/03\/iryna-zahladko-18x12.jpeg 18w, https:\/\/www.artistsbookmartin.sk\/wp-content\/uploads\/2025\/03\/iryna-zahladko-600x430.jpeg 600w\" sizes=\"(max-width: 1005px) 100vw, 1005px\" \/><\/figure>\n\n\n\n<p><strong>Jak se l\u00ed\u010dit v nemoci \/ <em>How to Apply Makeup When You\u2019re Sick<\/em><\/strong><\/p>\n\n\n\n<p>sadzba, v\u00e4zba, digit\u00e1lne ilustr\u00e1cie a grafick\u00e1 \u00faprava \/ <em>typesetting, binding, digital illustrations and graphic design<\/em><br>2024<\/p>\n\n\n\n<div class=\"wp-block-columns\">\n<div class=\"wp-block-column\">\n<p>\u201eKniha predstavuje chronologick\u00e9<br>p\u00e1smo b\u00e1sn\u00ed a denn\u00edkovy\u0301ch<br>z\u00e1znamov, ktor\u00e9 vznikali<br>v priebehu roku 2022. Zbierka<br>je doplnen\u00e1 ilustr\u00e1ciami evokuj\u00facimi<br>vlasy a plynutie \u010dasu.<br>Ilustr\u00e1cie s\u00fa tvoren\u00e9 ve\u013eky\u0301m<br>mno\u017estvom \u010diar, ktor\u00e9 sa r\u00f4zne<br>vin\u00fa priestorom, menia sa<br>a transformuj\u00fa. Vlasy prech\u00e1dzaj\u00fa<br>do iny\u0301ch foriem, ako je<br>dym, vietor \u010di ohe\u0148, a ich premena<br>odr\u00e1\u017ea dynamiku zmien,<br>ktory\u0301mi \u010dlovek po\u010das choroby<br>prech\u00e1dza.\u201c<\/p>\n<\/div>\n\n\n\n<div class=\"wp-block-column\">\n<p><em>\u201cThe book off ers a chronological<br>series of poems and diary entries<br>written throughout 2022. It is<br>accompanied by illustrations that<br>evoke both hair and the passage<br>of time. These illustrations are<br>composed of countless lines that<br>twist and shift through space,<br>changing and transforming. Hair<br>transitions into other forms, such<br>as smoke, wind, or fi re, and their<br>transformation refl ects the dynamic<br>changes a person undergoes<br>during illness.\u201d<\/em><\/p>\n<\/div>\n<\/div>","protected":false},"excerpt":{"rendered":"<p>Jak se l\u00ed\u010dit v nemoci \/ How to Apply Makeup When You\u2019re Sick sadzba, v\u00e4zba, digit\u00e1lne ilustr\u00e1cie a grafick\u00e1 \u00faprava \/ typesetting, binding, digital illustrations and graphic design2024 \u201eKniha predstavuje chronologick\u00e9p\u00e1smo b\u00e1sn\u00ed a denn\u00edkovy\u0301chz\u00e1znamov, ktor\u00e9 vznikaliv priebehu roku 2022. Zbierkaje doplnen\u00e1 ilustr\u00e1ciami evokuj\u00facimivlasy a plynutie \u010dasu.Ilustr\u00e1cie s\u00fa tvoren\u00e9 ve\u013eky\u0301mmno\u017estvom \u010diar, ktor\u00e9 sa r\u00f4znevin\u00fa priestorom, menia [&hellip;]<\/p>","protected":false},"author":1,"featured_media":0,"parent":54,"menu_order":0,"comment_status":"closed","ping_status":"closed","template":"","meta":{"_monsterinsights_skip_tracking":false,"_monsterinsights_sitenote_active":false,"_monsterinsights_sitenote_note":"","_monsterinsights_sitenote_category":0,"two_page_speed":[]},"_links":{"self":[{"href":"https:\/\/www.artistsbookmartin.sk\/en\/wp-json\/wp\/v2\/pages\/1335"}],"collection":[{"href":"https:\/\/www.artistsbookmartin.sk\/en\/wp-json\/wp\/v2\/pages"}],"about":[{"href":"https:\/\/www.artistsbookmartin.sk\/en\/wp-json\/wp\/v2\/types\/page"}],"author":[{"embeddable":true,"href":"https:\/\/www.artistsbookmartin.sk\/en\/wp-json\/wp\/v2\/users\/1"}],"replies":[{"embeddable":true,"href":"https:\/\/www.artistsbookmartin.sk\/en\/wp-json\/wp\/v2\/comments?post=1335"}],"version-history":[{"count":5,"href":"https:\/\/www.artistsbookmartin.sk\/en\/wp-json\/wp\/v2\/pages\/1335\/revisions"}],"predecessor-version":[{"id":1343,"href":"https:\/\/www.artistsbookmartin.sk\/en\/wp-json\/wp\/v2\/pages\/1335\/revisions\/1343"}],"up":[{"embeddable":true,"href":"https:\/\/www.artistsbookmartin.sk\/en\/wp-json\/wp\/v2\/pages\/54"}],"wp:attachment":[{"href":"https:\/\/www.artistsbookmartin.sk\/en\/wp-json\/wp\/v2\/media?parent=1335"}],"curies":[{"name":"wp","href":"https:\/\/api.w.org\/{rel}","templated":true}]}}