{"id":1330,"date":"2025-03-23T11:01:09","date_gmt":"2025-03-23T10:01:09","guid":{"rendered":"https:\/\/www.artistsbookmartin.sk\/?page_id=1330"},"modified":"2025-03-24T13:13:00","modified_gmt":"2025-03-24T12:13:00","slug":"krzysztof-wosik","status":"publish","type":"page","link":"https:\/\/www.artistsbookmartin.sk\/en\/autori_abecedne\/krzysztof-wosik\/","title":{"rendered":"Krzysztof Wosik"},"content":{"rendered":"<figure class=\"wp-block-image size-full\"><img loading=\"lazy\" width=\"1006\" height=\"682\" src=\"https:\/\/www.artistsbookmartin.sk\/wp-content\/uploads\/2025\/03\/krzysztof-wosik.jpeg\" alt=\"\" class=\"wp-image-1331\" srcset=\"https:\/\/www.artistsbookmartin.sk\/wp-content\/uploads\/2025\/03\/krzysztof-wosik.jpeg 1006w, https:\/\/www.artistsbookmartin.sk\/wp-content\/uploads\/2025\/03\/krzysztof-wosik-300x203.jpeg 300w, https:\/\/www.artistsbookmartin.sk\/wp-content\/uploads\/2025\/03\/krzysztof-wosik-768x521.jpeg 768w, https:\/\/www.artistsbookmartin.sk\/wp-content\/uploads\/2025\/03\/krzysztof-wosik-50x34.jpeg 50w, https:\/\/www.artistsbookmartin.sk\/wp-content\/uploads\/2025\/03\/krzysztof-wosik-1000x678.jpeg 1000w, https:\/\/www.artistsbookmartin.sk\/wp-content\/uploads\/2025\/03\/krzysztof-wosik-500x339.jpeg 500w, https:\/\/www.artistsbookmartin.sk\/wp-content\/uploads\/2025\/03\/krzysztof-wosik-18x12.jpeg 18w, https:\/\/www.artistsbookmartin.sk\/wp-content\/uploads\/2025\/03\/krzysztof-wosik-600x407.jpeg 600w\" sizes=\"(max-width: 1006px) 100vw, 1006px\" \/><\/figure>\n\n\n\n<p><strong>Zapiski z miejsc, kt\u00f3rych nie ma \/ <em>Notes from the Places that Don\u2019t Exist<\/em><\/strong><\/p>\n\n\n\n<p>objekt, kombinovan\u00e1 technika \/ <em>object, mix media<\/em><br>2022 \u2014 2024<\/p>\n\n\n\n<div class=\"wp-block-columns\">\n<div class=\"wp-block-column\">\n<p>\u201eS\u00e9ria ty\u0301chto diel je vy\u0301sledkom mojich ciest po zn\u00e1mych i nezn\u00e1mych miestach. Je to reflexia ty\u0301chto miest v kontexte mojich z\u00e1\u017eitkov, spomienok a snov. Je to aj zbierka predmetov n\u00e1jdeny\u0301ch na ty\u0301chto miestach, alebo ktor\u00e9 poch\u00e1dzali z mojej osobnej zbierky strateny\u0301ch a n\u00e1jdeny\u0301ch predmetov.\u201c<\/p>\n<\/div>\n\n\n\n<div class=\"wp-block-column\">\n<p><em>\u201cThe series of these works is the result of my journeys to known and unknown places. It is refl ection on these places in the context of my experiences, memories and dreams. It is also a collection of objects found in these places or which came from my personal collection of lost and found objects.\u201d<\/em><\/p>\n<\/div>\n<\/div>","protected":false},"excerpt":{"rendered":"<p>Zapiski z miejsc, kt\u00f3rych nie ma \/ Notes from the Places that Don\u2019t Exist objekt, kombinovan\u00e1 technika \/ object, mix media2022 \u2014 2024 \u201eS\u00e9ria ty\u0301chto diel je vy\u0301sledkom mojich ciest po zn\u00e1mych i nezn\u00e1mych miestach. Je to reflexia ty\u0301chto miest v kontexte mojich z\u00e1\u017eitkov, spomienok a snov. Je to aj zbierka predmetov n\u00e1jdeny\u0301ch na ty\u0301chto [&hellip;]<\/p>","protected":false},"author":1,"featured_media":0,"parent":54,"menu_order":0,"comment_status":"closed","ping_status":"closed","template":"","meta":{"_monsterinsights_skip_tracking":false,"_monsterinsights_sitenote_active":false,"_monsterinsights_sitenote_note":"","_monsterinsights_sitenote_category":0,"two_page_speed":[]},"_links":{"self":[{"href":"https:\/\/www.artistsbookmartin.sk\/en\/wp-json\/wp\/v2\/pages\/1330"}],"collection":[{"href":"https:\/\/www.artistsbookmartin.sk\/en\/wp-json\/wp\/v2\/pages"}],"about":[{"href":"https:\/\/www.artistsbookmartin.sk\/en\/wp-json\/wp\/v2\/types\/page"}],"author":[{"embeddable":true,"href":"https:\/\/www.artistsbookmartin.sk\/en\/wp-json\/wp\/v2\/users\/1"}],"replies":[{"embeddable":true,"href":"https:\/\/www.artistsbookmartin.sk\/en\/wp-json\/wp\/v2\/comments?post=1330"}],"version-history":[{"count":2,"href":"https:\/\/www.artistsbookmartin.sk\/en\/wp-json\/wp\/v2\/pages\/1330\/revisions"}],"predecessor-version":[{"id":1346,"href":"https:\/\/www.artistsbookmartin.sk\/en\/wp-json\/wp\/v2\/pages\/1330\/revisions\/1346"}],"up":[{"embeddable":true,"href":"https:\/\/www.artistsbookmartin.sk\/en\/wp-json\/wp\/v2\/pages\/54"}],"wp:attachment":[{"href":"https:\/\/www.artistsbookmartin.sk\/en\/wp-json\/wp\/v2\/media?parent=1330"}],"curies":[{"name":"wp","href":"https:\/\/api.w.org\/{rel}","templated":true}]}}