{"id":128,"date":"2021-10-18T14:40:38","date_gmt":"2021-10-18T12:40:38","guid":{"rendered":"https:\/\/www.artistsbookmartin.sk\/?page_id=128"},"modified":"2025-03-24T13:13:00","modified_gmt":"2025-03-24T12:13:00","slug":"katerina-cerna","status":"publish","type":"page","link":"https:\/\/www.artistsbookmartin.sk\/en\/autori_abecedne\/katerina-cerna\/","title":{"rendered":"Kate\u0159ina \u010cern\u00e1"},"content":{"rendered":"<figure class=\"wp-block-image size-full\"><img loading=\"lazy\" width=\"1002\" height=\"981\" src=\"https:\/\/www.artistsbookmartin.sk\/wp-content\/uploads\/2021\/10\/Kater\u030cina-C\u030cerna\u0301.jpg\" alt=\"\" class=\"wp-image-129\" srcset=\"https:\/\/www.artistsbookmartin.sk\/wp-content\/uploads\/2021\/10\/Kater\u030cina-C\u030cerna\u0301.jpg 1002w, https:\/\/www.artistsbookmartin.sk\/wp-content\/uploads\/2021\/10\/Kater\u030cina-C\u030cerna\u0301-300x294.jpg 300w, https:\/\/www.artistsbookmartin.sk\/wp-content\/uploads\/2021\/10\/Kater\u030cina-C\u030cerna\u0301-768x752.jpg 768w\" sizes=\"(max-width: 1002px) 100vw, 1002px\" \/><\/figure>\n\n\n\n<p>V\u0161estrann\u00e1 um\u011blkyn\u011b Babka Ch\u0148apka<br>2018<\/p>\n\n\n\n<p><\/p>\n\n\n\n<figure class=\"wp-block-image size-full\"><img loading=\"lazy\" width=\"1002\" height=\"766\" src=\"https:\/\/www.artistsbookmartin.sk\/wp-content\/uploads\/2021\/10\/Kater\u030cina-C\u030cerna\u03012.jpg\" alt=\"\" class=\"wp-image-130\" srcset=\"https:\/\/www.artistsbookmartin.sk\/wp-content\/uploads\/2021\/10\/Kater\u030cina-C\u030cerna\u03012.jpg 1002w, https:\/\/www.artistsbookmartin.sk\/wp-content\/uploads\/2021\/10\/Kater\u030cina-C\u030cerna\u03012-300x229.jpg 300w, https:\/\/www.artistsbookmartin.sk\/wp-content\/uploads\/2021\/10\/Kater\u030cina-C\u030cerna\u03012-768x587.jpg 768w\" sizes=\"(max-width: 1002px) 100vw, 1002px\" \/><\/figure>\n\n\n\n<p>Politicko \u2013 erotick\u00e9 sny \u010dten\u00e1\u0159ky Lidov\u00fdch novin<br>2016<\/p>","protected":false},"excerpt":{"rendered":"<p>V\u0161estrann\u00e1 um\u011blkyn\u011b Babka Ch\u0148apka2018 Politicko \u2013 erotick\u00e9 sny \u010dten\u00e1\u0159ky Lidov\u00fdch novin2016<\/p>","protected":false},"author":2,"featured_media":0,"parent":54,"menu_order":0,"comment_status":"closed","ping_status":"closed","template":"","meta":{"_monsterinsights_skip_tracking":false,"_monsterinsights_sitenote_active":false,"_monsterinsights_sitenote_note":"","_monsterinsights_sitenote_category":0,"two_page_speed":[]},"_links":{"self":[{"href":"https:\/\/www.artistsbookmartin.sk\/en\/wp-json\/wp\/v2\/pages\/128"}],"collection":[{"href":"https:\/\/www.artistsbookmartin.sk\/en\/wp-json\/wp\/v2\/pages"}],"about":[{"href":"https:\/\/www.artistsbookmartin.sk\/en\/wp-json\/wp\/v2\/types\/page"}],"author":[{"embeddable":true,"href":"https:\/\/www.artistsbookmartin.sk\/en\/wp-json\/wp\/v2\/users\/2"}],"replies":[{"embeddable":true,"href":"https:\/\/www.artistsbookmartin.sk\/en\/wp-json\/wp\/v2\/comments?post=128"}],"version-history":[{"count":1,"href":"https:\/\/www.artistsbookmartin.sk\/en\/wp-json\/wp\/v2\/pages\/128\/revisions"}],"predecessor-version":[{"id":131,"href":"https:\/\/www.artistsbookmartin.sk\/en\/wp-json\/wp\/v2\/pages\/128\/revisions\/131"}],"up":[{"embeddable":true,"href":"https:\/\/www.artistsbookmartin.sk\/en\/wp-json\/wp\/v2\/pages\/54"}],"wp:attachment":[{"href":"https:\/\/www.artistsbookmartin.sk\/en\/wp-json\/wp\/v2\/media?parent=128"}],"curies":[{"name":"wp","href":"https:\/\/api.w.org\/{rel}","templated":true}]}}