{"id":1255,"date":"2025-02-24T20:01:43","date_gmt":"2025-02-24T19:01:43","guid":{"rendered":"https:\/\/www.artistsbookmartin.sk\/?page_id=1255"},"modified":"2025-02-24T20:09:17","modified_gmt":"2025-02-24T19:09:17","slug":"dora-balla","status":"publish","type":"page","link":"https:\/\/www.artistsbookmartin.sk\/en\/autori_abecedne\/dora-balla\/","title":{"rendered":"Dora Balla"},"content":{"rendered":"<figure class=\"wp-block-image size-full\"><img loading=\"lazy\" width=\"1007\" height=\"682\" src=\"https:\/\/www.artistsbookmartin.sk\/wp-content\/uploads\/2025\/02\/dora-balla.jpg\" alt=\"\" class=\"wp-image-1264\" srcset=\"https:\/\/www.artistsbookmartin.sk\/wp-content\/uploads\/2025\/02\/dora-balla.jpg 1007w, https:\/\/www.artistsbookmartin.sk\/wp-content\/uploads\/2025\/02\/dora-balla-300x203.jpg 300w, https:\/\/www.artistsbookmartin.sk\/wp-content\/uploads\/2025\/02\/dora-balla-768x520.jpg 768w, https:\/\/www.artistsbookmartin.sk\/wp-content\/uploads\/2025\/02\/dora-balla-50x34.jpg 50w, https:\/\/www.artistsbookmartin.sk\/wp-content\/uploads\/2025\/02\/dora-balla-1000x677.jpg 1000w, https:\/\/www.artistsbookmartin.sk\/wp-content\/uploads\/2025\/02\/dora-balla-500x339.jpg 500w, https:\/\/www.artistsbookmartin.sk\/wp-content\/uploads\/2025\/02\/dora-balla-18x12.jpg 18w, https:\/\/www.artistsbookmartin.sk\/wp-content\/uploads\/2025\/02\/dora-balla-600x406.jpg 600w\" sizes=\"(max-width: 1007px) 100vw, 1007px\" \/><\/figure>\n\n\n\n<p><strong>BUDAPEST | CRETIO<\/strong><\/p>\n\n\n\n<p>ofsetov\u00e1 litografia \/ <em>off set lithography<\/em><br>2020 \u2014 2021<\/p>\n\n\n\n<div class=\"wp-block-columns\">\n<div class=\"wp-block-column\">\n<p>\u201eFotky, spomienky, stopy, vizu\u00e1lne<br>odtla\u010dky ty\u0301chto spomienok.<br>Fotografi e pr\u00e1zdneho<br>mesta po\u010das pand\u00e9mie. Sp\u00f4sob,<br>aky\u0301m sa spomienky na<br>rodn\u00e9 mesto Budape\u0161\u0165 vrstvia<br>jedna na druh\u00fa, vytv\u00e1ra zber<br>osobny\u0301ch aj neosobny\u0301ch v\u00edzi\u00ed.<br>Tieto zlo\u017eit\u00e9, osobn\u00e9 dojmy s\u00fa<br>vytla\u010den\u00e9 na \u0161peci\u00e1lnom ekologickom<br>a biologicky rozlo\u017eite\u013enom<br>papieri pomocou striebornej<br>fotografi ckej tla\u010de.\u201c<\/p>\n<\/div>\n\n\n\n<div class=\"wp-block-column\">\n<p><em>\u201cImages, memories, the visual<br>imprints of these memories. Photographs<br>taken in the empty city<br>during the pandemic. The way<br>the memories of a city, of a hometown,<br>Budapest, are built on each<br>other, a collection of personal and<br>impersonal visions. These intricate,<br>personal impressions are<br>made on special eco-friendly, degradable<br>paper, using silver photo<br>printing.\u201d<\/em><\/p>\n<\/div>\n<\/div>\n\n\n\n<p><a href=\"http:\/\/www.balladora.hu\">www.balladora.hu<\/a><\/p>","protected":false},"excerpt":{"rendered":"<p>BUDAPEST | CRETIO ofsetov\u00e1 litografia \/ off set lithography2020 \u2014 2021 \u201eFotky, spomienky, stopy, vizu\u00e1lneodtla\u010dky ty\u0301chto spomienok.Fotografi e pr\u00e1zdnehomesta po\u010das pand\u00e9mie. Sp\u00f4sob,aky\u0301m sa spomienky narodn\u00e9 mesto Budape\u0161\u0165 vrstviajedna na druh\u00fa, vytv\u00e1ra zberosobny\u0301ch aj neosobny\u0301ch v\u00edzi\u00ed.Tieto zlo\u017eit\u00e9, osobn\u00e9 dojmy s\u00favytla\u010den\u00e9 na \u0161peci\u00e1lnom ekologickoma biologicky rozlo\u017eite\u013enompapieri pomocou striebornejfotografi ckej tla\u010de.\u201c \u201cImages, memories, the visualimprints of these memories. [&hellip;]<\/p>","protected":false},"author":1,"featured_media":0,"parent":54,"menu_order":0,"comment_status":"closed","ping_status":"closed","template":"","meta":{"_monsterinsights_skip_tracking":false,"_monsterinsights_sitenote_active":false,"_monsterinsights_sitenote_note":"","_monsterinsights_sitenote_category":0,"two_page_speed":[]},"_links":{"self":[{"href":"https:\/\/www.artistsbookmartin.sk\/en\/wp-json\/wp\/v2\/pages\/1255"}],"collection":[{"href":"https:\/\/www.artistsbookmartin.sk\/en\/wp-json\/wp\/v2\/pages"}],"about":[{"href":"https:\/\/www.artistsbookmartin.sk\/en\/wp-json\/wp\/v2\/types\/page"}],"author":[{"embeddable":true,"href":"https:\/\/www.artistsbookmartin.sk\/en\/wp-json\/wp\/v2\/users\/1"}],"replies":[{"embeddable":true,"href":"https:\/\/www.artistsbookmartin.sk\/en\/wp-json\/wp\/v2\/comments?post=1255"}],"version-history":[{"count":5,"href":"https:\/\/www.artistsbookmartin.sk\/en\/wp-json\/wp\/v2\/pages\/1255\/revisions"}],"predecessor-version":[{"id":1266,"href":"https:\/\/www.artistsbookmartin.sk\/en\/wp-json\/wp\/v2\/pages\/1255\/revisions\/1266"}],"up":[{"embeddable":true,"href":"https:\/\/www.artistsbookmartin.sk\/en\/wp-json\/wp\/v2\/pages\/54"}],"wp:attachment":[{"href":"https:\/\/www.artistsbookmartin.sk\/en\/wp-json\/wp\/v2\/media?parent=1255"}],"curies":[{"name":"wp","href":"https:\/\/api.w.org\/{rel}","templated":true}]}}