{"id":1217,"date":"2024-11-30T13:57:41","date_gmt":"2024-11-30T12:57:41","guid":{"rendered":"https:\/\/www.artistsbookmartin.sk\/?page_id=1217"},"modified":"2024-11-30T16:35:30","modified_gmt":"2024-11-30T15:35:30","slug":"tuk-kniznica","status":"publish","type":"page","link":"https:\/\/www.artistsbookmartin.sk\/en\/tuk-kniznica\/","title":{"rendered":"ABT library"},"content":{"rendered":"<p>The curated library of the Artist\u2019s Book Triennial Martin showcases the most beautiful books from Central Europe, created by small independent publishers. As part of the exhibition, this unique collection highlights exceptional art books with a focus on design and content quality, offering a space to explore independent book creation.<\/p>\n\n\n\n<figure class=\"wp-block-image size-large\"><img loading=\"lazy\" width=\"1024\" height=\"768\" src=\"https:\/\/www.artistsbookmartin.sk\/wp-content\/uploads\/2024\/11\/tuk-kniznica-1024x768.jpg\" alt=\"\" class=\"wp-image-1224\" srcset=\"https:\/\/www.artistsbookmartin.sk\/wp-content\/uploads\/2024\/11\/tuk-kniznica-1024x768.jpg 1024w, https:\/\/www.artistsbookmartin.sk\/wp-content\/uploads\/2024\/11\/tuk-kniznica-300x225.jpg 300w, https:\/\/www.artistsbookmartin.sk\/wp-content\/uploads\/2024\/11\/tuk-kniznica-768x576.jpg 768w, https:\/\/www.artistsbookmartin.sk\/wp-content\/uploads\/2024\/11\/tuk-kniznica-50x38.jpg 50w, https:\/\/www.artistsbookmartin.sk\/wp-content\/uploads\/2024\/11\/tuk-kniznica-1000x750.jpg 1000w, https:\/\/www.artistsbookmartin.sk\/wp-content\/uploads\/2024\/11\/tuk-kniznica-500x375.jpg 500w, https:\/\/www.artistsbookmartin.sk\/wp-content\/uploads\/2024\/11\/tuk-kniznica-1536x1152.jpg 1536w, https:\/\/www.artistsbookmartin.sk\/wp-content\/uploads\/2024\/11\/tuk-kniznica-16x12.jpg 16w, https:\/\/www.artistsbookmartin.sk\/wp-content\/uploads\/2024\/11\/tuk-kniznica-600x450.jpg 600w, https:\/\/www.artistsbookmartin.sk\/wp-content\/uploads\/2024\/11\/tuk-kniznica.jpg 1538w\" sizes=\"(max-width: 1024px) 100vw, 1024px\" \/><\/figure>\n\n\n\n<p>We would like to thank the following publishers who made it possible to present books in the curated library of the Artist\u2019s Book Triennial Martin:<\/p>\n\n\n\n<div class=\"wp-block-columns\">\n<div class=\"wp-block-column\">\n<ul><li><a href=\"https:\/\/www.artforum.sk\/?_gl=1*1wjickj*_up*MQ..*_gs*MQ..&amp;gclid=CjwKCAiA6aW6BhBqEiwA6KzDc8ITCf6rY6H_D89908ucEMo8cqd50X1YKSPIXdA0DiE6m8eVDK3SYxoCkg8QAvD_BwE\" target=\"_blank\" rel=\"noreferrer noopener\">Artorum<\/a>, <\/li><li><a href=\"https:\/\/www.baobab-books.net\/\" target=\"_blank\" rel=\"noreferrer noopener\">Baobab<\/a>, <\/li><li><a href=\"https:\/\/www.bylonebylo.com\/\" target=\"_blank\" rel=\"noreferrer noopener\">Bylo nebylo<\/a>, <\/li><li><a href=\"http:\/\/centrala.org.uk\/\" target=\"_blank\" rel=\"noreferrer noopener\">Centr\u00e1la, <\/a><\/li><li><a href=\"http:\/\/centrala.org.uk\/\" target=\"_blank\" rel=\"noreferrer noopener\">Centrala &#8211; M\u0105dre komiksy<\/a>, <\/li><li><a href=\"https:\/\/www.hostbrno.cz\/\" target=\"_blank\" rel=\"noreferrer noopener\">Host<\/a>, <\/li><li><a href=\"https:\/\/kher.cz\/\" target=\"_blank\" rel=\"noreferrer noopener\">KHER,<\/a><\/li><\/ul>\n<\/div>\n\n\n\n<div class=\"wp-block-column\">\n<ul><li><a href=\"https:\/\/kniznistezka.cz\/\" target=\"_blank\" rel=\"noreferrer noopener\">Kni\u017en\u00ed stezka k d\u011btem, z. s.<\/a>, <\/li><li><a href=\"https:\/\/www.lux-books.cz\/\" target=\"_blank\" rel=\"noreferrer noopener\">LUX<\/a>, <\/li><li><a href=\"https:\/\/www.meander.cz\/\" target=\"_blank\" rel=\"noreferrer noopener\">Meander<\/a>, <\/li><li><a href=\"https:\/\/www.paseka.cz\/\" target=\"_blank\" rel=\"noreferrer noopener\">Paseka<\/a>, <\/li><li><a href=\"https:\/\/www.taketaketake.cz\/knihkupectvi\" target=\"_blank\" rel=\"noreferrer noopener\">TakeTakeTake<\/a>, <\/li><li><a href=\"https:\/\/uuterky.net\/?page_id=2\" target=\"_blank\" rel=\"noreferrer noopener\">Grafick\u00e1 d\u00edlna&nbsp;Uut\u011brky<\/a>, <\/li><li><a href=\"https:\/\/www.by-wo-men.com\/cz\/index.php\" target=\"_blank\" rel=\"noreferrer noopener\">wo-men<\/a>.&nbsp;<\/li><\/ul>\n<\/div>\n<\/div>\n\n\n\n<p><strong>List of books<\/strong><\/p>\n\n\n\n<figure class=\"wp-block-table\"><table><thead><tr>\n<th width=\"15%\">AUTHOR<\/th>\n<th width=\"15%\">ILLUSTRATOR<\/th>\n<th width=\"35%\">TITLE<\/th>\n<th width=\"25%\">PUBLISHER<\/th>\n<th width=\"10%\">YEAR<\/th><\/tr>\n<\/thead><tbody><tr><td>Michal \u0160t\u011bp\u00e1nek<\/td><td>Marto Kelbl<\/td><td>Za\u010d\u00e1tek a konec<\/td><td>LUX<\/td><td>2023<\/td><\/tr><tr><td>Petr \u0160est\u00e1k<\/td><td>Franti\u0161ka Iblov\u00e1<\/td><td>Cesta je pes<\/td><td>Host<\/td><td>2023<\/td><\/tr><tr><td>Radek Maly\u0301, Mark\u00e9ta Pil\u00e1tov\u00e1<\/td><td>Kl\u00e1ra B\u0159ich\u00e1\u010dkov\u00e1<\/td><td>Poh\u00e1dky pana Z\u00e1hradky a pan\u00ed Pivo\u0148kov\u00e9<\/td><td>Host<\/td><td>2024<\/td><\/tr><tr><td>&nbsp;<\/td><td>Junko Nakamura<\/td><td>BAOBAB<\/td><td>&nbsp;<\/td><td>2024<\/td><\/tr><tr><td>Olga Stehl\u00edkov\u00e1<\/td><td>Michaela Caskov\u00e1<\/td><td>Vy\u0301kladovy\u0301 slovn\u00edk<\/td><td>Host<\/td><td>2023<\/td><\/tr><tr><td>Janek Koza<\/td><td>Janek Koza<\/td><td>Bad Dreams<\/td><td>Centrala Ltd<\/td><td>2021<\/td><\/tr><tr><td>Tera Fabi\u00e1nov\u00e1, Milena Hu\u0308bschmannov\u00e1<\/td><td>Magdalena Rutov\u00e1<\/td><td>\u010cavargo\u0161 Tul\u00e1k<\/td><td>KHER<\/td><td>2023<\/td><\/tr><tr><td>Kv\u011btoslava Podhradsk\u00e1<\/td><td>Kl\u00e1ra Zahr\u00e1dkov\u00e1<\/td><td>O vakeriben pa\u0161 o lekvaris. Pov\u00edd\u00e1n\u00ed u povidel<\/td><td>KHER<\/td><td>2022<\/td><\/tr><tr><td>Ivana Pech\u00e1\u010dkov\u00e1<\/td><td>Monika Novotn\u00e1<\/td><td>Stvo\u0159en\u00ed sv\u011bta<\/td><td>Meander<\/td><td>2023<\/td><\/tr><tr><td>Ivana Pech\u00e1\u010dkov\u00e1<\/td><td>Petra Josef\u00edna Stibitzov\u00e1<\/td><td>O potop\u011b sv\u011bta<\/td><td>Meander<\/td><td>2023<\/td><\/tr><tr><td>Ivana Pech\u00e1\u010dkov\u00e1<\/td><td>Nikola Logosov\u00e1<\/td><td>P\u0159echod rudy\u0301m mo\u0159em<\/td><td>Meander<\/td><td>2017<\/td><\/tr><tr><td>Ivana Pech\u00e1\u010dkov\u00e1<\/td><td>Marie \u0160tumpfov\u00e1<\/td><td>Desatoro p\u0159ik\u00e1z\u00e1n\u00ed<\/td><td>Meander<\/td><td>2023<\/td><\/tr><tr><td>Ivana Pech\u00e1\u010dkov\u00e1<\/td><td>Nikola Ho\u0159en\u00ed<\/td><td>David a Goli\u00e1\u0161<\/td><td>Meander<\/td><td>2023<\/td><\/tr><tr><td>Ivana Pech\u00e1\u010dkov\u00e1<\/td><td>Est\u00e9r Nemj\u00f3<\/td><td>Kain a \u00c1bel<\/td><td>Meander, Kni\u017en\u00ed stezka k d\u011btem, z. s.<\/td><td>2018<\/td><\/tr><tr><td>Ivana Pech\u00e1\u010dkov\u00e1<\/td><td>Lenka \u017dampachov\u00e1<\/td><td>Babyl\u00f3nsk\u00e1 v\u011b\u017e<\/td><td>Meander, Kni\u017en\u00ed stezka k d\u011btem, z. s.<\/td><td>2018<\/td><\/tr><tr><td>Ivana Pech\u00e1\u010dkov\u00e1<\/td><td>Kristina Fingerlandov\u00e1<\/td><td>Abrah\u00e1m a Lot<\/td><td>Meander, Kni\u017en\u00ed stezka k d\u011btem, z. s.<\/td><td>2018<\/td><\/tr><tr><td>Ivana Pech\u00e1\u010dkov\u00e1<\/td><td>Jakub Kou\u0159il<\/td><td>Abrah\u00e1m a Iz\u00e1k<\/td><td>Meander, Kni\u017en\u00ed stezka k d\u011btem, z. s.<\/td><td>2018<\/td><\/tr><tr><td>Ivana Pech\u00e1\u010dkov\u00e1<\/td><td>Taja Spasskova<\/td><td>Iz\u00e1k a Rebeka<\/td><td>Meander, Kni\u017en\u00ed stezka k d\u011btem, z. s.<\/td><td>2018<\/td><\/tr><tr><td>Ivana Pech\u00e1\u010dkov\u00e1<\/td><td>Saki Matsumoto<\/td><td>Ezau a J\u00e1kob<\/td><td>Meander, Kni\u017en\u00ed stezka k d\u011btem, z. s.<\/td><td>2018<\/td><\/tr><tr><td>Ivana Pech\u00e1\u010dkov\u00e1<\/td><td>Lucie \u0160atkov\u00e1<\/td><td>Josef a jeho Brat\u0159i<\/td><td>Meander, Kni\u017en\u00ed stezka k d\u011btem, z. s.<\/td><td>2018<\/td><\/tr><tr><td>Ivana Pech\u00e1\u010dkov\u00e1<\/td><td>Al\u017eb\u011bta Zemanov\u00e1<\/td><td>Jon\u00e1\u0161 a velryba<\/td><td>Meander<\/td><td>2017<\/td><\/tr><tr><td>Tom\u00e1\u0161 Stan\u011bk<\/td><td>Tom\u00e1\u0161 Stan\u011bk<\/td><td>Pr\u00e1zdniny<\/td><td>Centr\u00e1la<\/td><td>2023<\/td><\/tr><tr><td>David Bohm<\/td><td>David B\u00f6hm<\/td><td>Milczenie Hipopotama<\/td><td>Centrala &#8211; M\u0105dre komiksy<\/td><td>2021<\/td><\/tr><tr><td>Petr V\u00e1\u0161a<\/td><td>Magdalena Rutov\u00e1<\/td><td>Raj\u010da\u0165\u00e1ci a Ban\u00e1ni<\/td><td>Host<\/td><td>2023<\/td><\/tr><tr><td>Pavl\u00edna J. L\u00f6rinczov\u00e1<\/td><td>Pavl\u00edna J. L\u00f6rinczov\u00e1<\/td><td>Face Book<\/td><td>Take Take Take s. r. o.<\/td><td>2023<\/td><\/tr><tr><td>Delphine Bedient<\/td><td>Karla Gondekov\u00e1<\/td><td>Doma v Nebrasce<\/td><td>Take Take Take s. r. o.<\/td><td>2020<\/td><\/tr><tr><td>Jack London<\/td><td>Tom\u00e1\u0161 Jan\u00ed\u010dek<\/td><td>Kr\u00e1lovsky\u0301 sport<\/td><td>Take Take Take s. r. o.<\/td><td>2017<\/td><\/tr><tr><td>Jack London<\/td><td>Tereza \u0160iklov\u00e1<\/td><td>Rozd\u011blat ohe\u0148<\/td><td>Take Take Take s. r. o.<\/td><td>2023<\/td><\/tr><tr><td>Ad\u00e9la Marie Jirk\u016f<\/td><td>Ad\u00e9la Marie Jirk\u016f<\/td><td>Ma\u0159ka<\/td><td>wo-men, s. r. o.<\/td><td>2022<\/td><\/tr><tr><td>Zavka<\/td><td>Zavka<\/td><td>Hladovy\u0301 Jen\u00ed\u010dek a nenasytn\u00e1 Ma\u0159enka<\/td><td>Centr\u00e1la<\/td><td>2017<\/td><\/tr><tr><td>Jakub Plachy\u0301<\/td><td>Jakub Plachy\u0301<\/td><td>Bezv\u011bt\u0159\u00ed<\/td><td>Baobab<\/td><td>2023<\/td><\/tr><tr><td>Pavla Krko\u0161ov\u00e1 Byrtusov\u00e1<\/td><td>Pavla Krko\u0161kov\u00e1 Byrtusov\u00e1<\/td><td>Bojtky. B\u00e1sni\u010dky a \u0159\u00edkadla z Jablunkovska<\/td><td>Grafick\u00e1 d\u00edlna Uut\u011brky<\/td><td>2013<\/td><\/tr><tr><td>Dagmar Urb\u00e1nkov\u00e1<\/td><td>Dagmar Urb\u00e1nkov\u00e1<\/td><td>Sv\u011btozor<\/td><td>Baobab<\/td><td>2022<\/td><\/tr><tr><td>\u0160t\u011bp\u00e1nka Jislov\u00e1<\/td><td>\u0160t\u011bp\u00e1nka Jislov\u00e1<\/td><td>Srdcovka<\/td><td>Paseka<\/td><td>2023<\/td><\/tr><tr><td>Irena Hejdov\u00e1<\/td><td>Zuzana \u010cupov\u00e1<\/td><td>Mami, pocem!<\/td><td>Host<\/td><td>2024<\/td><\/tr><tr><td>Tereza \u0158\u00ed\u010danov\u00e1<\/td><td>Tereza \u0158\u00ed\u010danov\u00e1<\/td><td>Les<\/td><td>Baobab<\/td><td>2023<\/td><\/tr><tr><td>Michaela Kukovi\u010dov\u00e1<\/td><td>Michaela Kukovi\u010dov\u00e1<\/td><td>D\u00edvej, ulice<\/td><td>Baobab<\/td><td>2023<\/td><\/tr><tr><td>Marto Kelbl<\/td><td>Marto Kelbl<\/td><td>Ani holka, ani kluk<\/td><td>Paseka<\/td><td>2023<\/td><\/tr><tr><td>Nikola Ho\u0159en\u00ed<\/td><td>Nikola Ho\u0159en\u00ed<\/td><td>K\u00e9\u017e by!<\/td><td>Bylo nebylo<\/td><td>2016<\/td><\/tr><tr><td>Ji\u0159\u00ed Dvo\u0159\u00e1k<\/td><td>Daniela Olejn\u00edkov\u00e1<\/td><td>Myko. Kompletn\u00ed zpravodaj ze sv\u011bta hub<\/td><td>Baobab<\/td><td>2023<\/td><\/tr><tr><td>S.d.Ch. (Miloslav Vojt\u00ed\u0161ek)<\/td><td>S.d.Ch. (Miloslav Vojt\u00ed\u0161ek)<\/td><td>Varl\u00e9n 1012 T<\/td><td>Centr\u00e1la<\/td><td>2023<\/td><\/tr><tr><td>Han Donau<\/td><td>Han Donau<\/td><td>Jazero<\/td><td>Artforum<\/td><td>2023<\/td><\/tr><tr><td>Petr Ko\u0165\u00e1tko<\/td><td>Eva Ko\u0165\u00e1tkov\u00e1<\/td><td>Ani\u010dka, mluv\u00edc\u00ed potok a dal\u0161\u00ed chovanci<\/td><td>Meander<\/td><td>2019<\/td><\/tr><tr><td>V\u00e1clav Havel<\/td><td>Ji\u0159\u00ed Sopko<\/td><td>The Pizh&#8217;duks \/ Pi\u017e\u010fuchov\u00e9<\/td><td>Meander<\/td><td>2023<\/td><\/tr><tr><td>Petr Nikl<\/td><td>Petr Nikl<\/td><td>Z\u00e1 H\u00e1dky<\/td><td>Meander<\/td><td>2015<\/td><\/tr><tr><td>Ad\u00e9la Bierbaumer<\/td><td>Ad\u00e9la Bierbaumer<\/td><td>Prvn\u00ed mu\u017e<\/td><td>Take Take Take s. r. o.<\/td><td>2020<\/td><\/tr><tr><td>Kl\u00e1ra Zahr\u00e1dkov\u00e1<\/td><td>Kl\u00e1ra Zahr\u00e1dkov\u00e1<\/td><td>K\u016f\u0148 a had<\/td><td>Baobab<\/td><td>2024<\/td><\/tr><tr><td>Marianna Serocka<\/td><td>Marianna Serocka<\/td><td>Disco Cry<\/td><td>Centrala<\/td><td>2016<\/td><\/tr><\/tbody><\/table><\/figure>","protected":false},"excerpt":{"rendered":"<p>Kur\u00e1torovan\u00e1 kni\u017enica Trien\u00e1le umenia knihy Martin zhroma\u017e\u010fuje najkraj\u0161ie knihy zo strednej Eur\u00f3py, vytvoren\u00e9 mal\u00fdmi vydavate\u013estvami. T\u00e1to jedine\u010dn\u00e1 zbierka, ktor\u00e1 je s\u00fa\u010das\u0165ou v\u00fdstavy, prezentuje v\u00fdnimo\u010dn\u00e9 umeleck\u00e9 knihy s d\u00f4razom na kvalitu dizajnu a obsah, poskytuj\u00fac priestor na objavovanie nez\u00e1vislej kni\u017enej tvorby. \u010eakujeme nasleduj\u00facim vydavate\u013estv\u00e1m, v\u010faka ktor\u00fdm m\u00f4\u017eeme prezentova\u0165 knihy v r\u00e1mci kur\u00e1torovanej kni\u017enice Trien\u00e1le umenia knihy [&hellip;]<\/p>","protected":false},"author":1,"featured_media":0,"parent":0,"menu_order":0,"comment_status":"closed","ping_status":"closed","template":"","meta":{"_monsterinsights_skip_tracking":false,"_monsterinsights_sitenote_active":false,"_monsterinsights_sitenote_note":"","_monsterinsights_sitenote_category":0,"two_page_speed":[]},"_links":{"self":[{"href":"https:\/\/www.artistsbookmartin.sk\/en\/wp-json\/wp\/v2\/pages\/1217"}],"collection":[{"href":"https:\/\/www.artistsbookmartin.sk\/en\/wp-json\/wp\/v2\/pages"}],"about":[{"href":"https:\/\/www.artistsbookmartin.sk\/en\/wp-json\/wp\/v2\/types\/page"}],"author":[{"embeddable":true,"href":"https:\/\/www.artistsbookmartin.sk\/en\/wp-json\/wp\/v2\/users\/1"}],"replies":[{"embeddable":true,"href":"https:\/\/www.artistsbookmartin.sk\/en\/wp-json\/wp\/v2\/comments?post=1217"}],"version-history":[{"count":6,"href":"https:\/\/www.artistsbookmartin.sk\/en\/wp-json\/wp\/v2\/pages\/1217\/revisions"}],"predecessor-version":[{"id":1241,"href":"https:\/\/www.artistsbookmartin.sk\/en\/wp-json\/wp\/v2\/pages\/1217\/revisions\/1241"}],"wp:attachment":[{"href":"https:\/\/www.artistsbookmartin.sk\/en\/wp-json\/wp\/v2\/media?parent=1217"}],"curies":[{"name":"wp","href":"https:\/\/api.w.org\/{rel}","templated":true}]}}